{"id":1049,"date":"2020-12-29T21:49:48","date_gmt":"2020-12-29T21:49:48","guid":{"rendered":"https:\/\/tiszadadakemping.hu\/?page_id=1049"},"modified":"2025-08-17T17:59:01","modified_gmt":"2025-08-17T17:59:01","slug":"kerekpar-es-csonak-kolcsonzes","status":"publish","type":"page","link":"https:\/\/tiszadadakemping.hu\/index.php\/kemping-glamping\/kerekpar-es-csonak-kolcsonzes\/","title":{"rendered":"Sporteszk\u00f6z \u00e9s motorcs\u00f3nak b\u00e9rl\u00e9s"},"content":{"rendered":"\n<p class=\"kenu ker\u00e9kp\u00e1r motorcs\u00f3nak b\u00e9rl\u00e9s k\u00f6lcs\u00f6nz\u00e9s\">Ker\u00e9kp\u00e1r, segway, kenu \u00e9s motorcs\u00f3nak k\u00f6lcs\u00f6nz\u00e9s \u00e1rai:<\/p>\n\n\n\n<figure class=\"wp-block-table is-style-regular\"><table class=\"has-subtle-pale-green-background-color has-background\"><tbody><tr><td><\/td><td class=\"has-text-align-right\" data-align=\"right\">\u00f3rad\u00edj, Ft<\/td><td class=\"has-text-align-right\" data-align=\"right\">1 nap (8-19)<\/td><td class=\"has-text-align-right\" data-align=\"right\">3 nap vagy t\u00f6bb (napi)<\/td><\/tr><tr><td>Ker\u00e9kp\u00e1r<\/td><td class=\"has-text-align-right\" data-align=\"right\">1500\/\u00f3ra<\/td><td class=\"has-text-align-right\" data-align=\"right\">4500<\/td><td class=\"has-text-align-right\" data-align=\"right\">4000<\/td><\/tr><tr><td>Gyermeksz\u00e1ll\u00edt\u00f3 ut\u00e1nfut\u00f3<\/td><td class=\"has-text-align-right\" data-align=\"right\">1000\/\u00f3ra<\/td><td class=\"has-text-align-right\" data-align=\"right\">3500<\/td><td class=\"has-text-align-right\" data-align=\"right\">3000<\/td><\/tr><tr><td><a href=\"https:\/\/tiszadadakemping.hu\/index.php\/2025\/07\/22\/mar-motorcsonakot-is-berlehet-a-tiszara\/\">Motorcs\u00f3nak, 10LE benzinmotorral, \u00e1rny\u00e9kol\u00f3 tet\u0151vel (bimini), max. 10l \u00fczemanyaggal<\/a> <br>(18+, enged\u00e9ly n\u00e9lk\u00fcl vezethet\u0151, a b\u00e9rl\u00e9shez B kat. jogos\u00edtv\u00e1ny felt\u00e9tel)<\/td><td class=\"has-text-align-right\" data-align=\"right\">10000\/els\u0151 \u00f3ra<br>8000\/tov\u00e1bbi<\/td><td class=\"has-text-align-right\" data-align=\"right\">&#8211;<\/td><td class=\"has-text-align-right\" data-align=\"right\">&#8211;<\/td><\/tr><tr><td>T\u00fara kenu 3 szem\u00e9lyes, evez\u0151kkel, ment\u0151mell\u00e9nnyel<\/td><td class=\"has-text-align-right\" data-align=\"right\">4000\/6 \u00f3ra<\/td><td class=\"has-text-align-right\" data-align=\"right\">7000<\/td><td class=\"has-text-align-right\" data-align=\"right\">6000<\/td><\/tr><tr><td>T\u00fara kenu 4 szem\u00e9lyes, evez\u0151kkel, ment\u0151mell\u00e9nnyel<\/td><td class=\"has-text-align-right\" data-align=\"right\">5000\/6 \u00f3ra<\/td><td class=\"has-text-align-right\" data-align=\"right\">8000<\/td><td class=\"has-text-align-right\" data-align=\"right\">7000<\/td><\/tr><\/tbody><\/table><\/figure>\n\n\n\n<figure class=\"wp-block-gallery columns-3 is-cropped\"><ul class=\"blocks-gallery-grid\"><li class=\"blocks-gallery-item\"><figure><img loading=\"lazy\" width=\"150\" height=\"150\" src=\"https:\/\/tiszadadakemping.hu\/wp-content\/uploads\/2023\/04\/hajo3-1-150x150.jpg\" alt=\"\" data-id=\"4824\" data-full-url=\"https:\/\/tiszadadakemping.hu\/wp-content\/uploads\/2023\/04\/hajo3-1.jpg\" data-link=\"https:\/\/tiszadadakemping.hu\/index.php\/kemping-glamping\/kerekpar-es-csonak-kolcsonzes\/olympus-digital-camera-2\/\" class=\"wp-image-4824\" srcset=\"https:\/\/tiszadadakemping.hu\/wp-content\/uploads\/2023\/04\/hajo3-1-150x150.jpg 150w, https:\/\/tiszadadakemping.hu\/wp-content\/uploads\/2023\/04\/hajo3-1-75x75.jpg 75w\" sizes=\"(max-width: 150px) 100vw, 150px\" \/><figcaption class=\"blocks-gallery-item__caption\">3 szem\u00e9lyes kenu<\/figcaption><\/figure><\/li><li class=\"blocks-gallery-item\"><figure><img loading=\"lazy\" width=\"1024\" height=\"768\" src=\"https:\/\/tiszadadakemping.hu\/wp-content\/uploads\/2025\/07\/IMG_8629-1024x768.jpg\" alt=\"\" data-id=\"6484\" data-full-url=\"https:\/\/tiszadadakemping.hu\/wp-content\/uploads\/2025\/07\/IMG_8629-scaled.jpg\" data-link=\"https:\/\/tiszadadakemping.hu\/index.php\/kemping-glamping\/kerekpar-es-csonak-kolcsonzes\/img_8629\/\" class=\"wp-image-6484\" srcset=\"https:\/\/tiszadadakemping.hu\/wp-content\/uploads\/2025\/07\/IMG_8629-1024x768.jpg 1024w, https:\/\/tiszadadakemping.hu\/wp-content\/uploads\/2025\/07\/IMG_8629-300x225.jpg 300w, https:\/\/tiszadadakemping.hu\/wp-content\/uploads\/2025\/07\/IMG_8629-768x576.jpg 768w, https:\/\/tiszadadakemping.hu\/wp-content\/uploads\/2025\/07\/IMG_8629-1536x1152.jpg 1536w, https:\/\/tiszadadakemping.hu\/wp-content\/uploads\/2025\/07\/IMG_8629-2048x1536.jpg 2048w, https:\/\/tiszadadakemping.hu\/wp-content\/uploads\/2025\/07\/IMG_8629-1140x855.jpg 1140w\" sizes=\"(max-width: 1024px) 100vw, 1024px\" \/><figcaption class=\"blocks-gallery-item__caption\">Motorboat<\/figcaption><\/figure><\/li><li class=\"blocks-gallery-item\"><figure><img loading=\"lazy\" width=\"150\" height=\"150\" src=\"https:\/\/tiszadadakemping.hu\/wp-content\/uploads\/2023\/04\/bicycles-6895_1920-150x150.jpg\" alt=\"\" data-id=\"4815\" data-full-url=\"https:\/\/tiszadadakemping.hu\/wp-content\/uploads\/2023\/04\/bicycles-6895_1920.jpg\" data-link=\"https:\/\/tiszadadakemping.hu\/index.php\/kemping-glamping\/kerekpar-es-csonak-kolcsonzes\/bicycles-6895_1920\/\" class=\"wp-image-4815\" srcset=\"https:\/\/tiszadadakemping.hu\/wp-content\/uploads\/2023\/04\/bicycles-6895_1920-150x150.jpg 150w, https:\/\/tiszadadakemping.hu\/wp-content\/uploads\/2023\/04\/bicycles-6895_1920-300x300.jpg 300w, https:\/\/tiszadadakemping.hu\/wp-content\/uploads\/2023\/04\/bicycles-6895_1920-75x75.jpg 75w\" sizes=\"(max-width: 150px) 100vw, 150px\" \/><figcaption class=\"blocks-gallery-item__caption\">Bring\u00e1k<\/figcaption><\/figure><\/li><\/ul><\/figure>\n\n\n\n<p>Az \u00e1rak az \u00c1FA-t tartalmazz\u00e1k. Kiz\u00e1r\u00f3lag a kemping vend\u00e9geinek fenntartott szolg\u00e1ltat\u00e1s.<br>Megkezdett \u00f3r\u00e1kat, napokat sz\u00e1molunk.  <\/p>\n\n\n\n<p>A szolg\u00e1ltat\u00e1s csak kipihenten, tiszta fejjel vehet\u0151 ig\u00e9nybe (azaz p\u00e9ld\u00e1ul b\u00f3dult \u00e1llapotban, ittasan vagy m\u00e1snaposan nem).<\/p>\n\n\n\n<p><\/p>\n","protected":false},"excerpt":{"rendered":"<p>Ker\u00e9kp\u00e1r, segway, kenu \u00e9s motorcs\u00f3nak k\u00f6lcs\u00f6nz\u00e9s \u00e1rai: \u00f3rad\u00edj, Ft 1 nap (8-19) 3 nap vagy t\u00f6bb (napi) Ker\u00e9kp\u00e1r 1500\/\u00f3ra 4500 4000 Gyermeksz\u00e1ll\u00edt\u00f3 ut\u00e1nfut\u00f3 1000\/\u00f3ra 3500 3000 Motorcs\u00f3nak, 10LE benzinmotorral, \u00e1rny\u00e9kol\u00f3 tet\u0151vel (bimini), max. 10l \u00fczemanyaggal (18+, enged\u00e9ly n\u00e9lk\u00fcl vezethet\u0151, a b\u00e9rl\u00e9shez B kat. jogos\u00edtv\u00e1ny felt\u00e9tel) 10000\/els\u0151 \u00f3ra8000\/tov\u00e1bbi &#8211; &#8211; T\u00fara kenu 3 szem\u00e9lyes, evez\u0151kkel, ment\u0151mell\u00e9nnyel 4000\/6 \u00f3ra 7000 6000 T\u00fara kenu 4 szem\u00e9lyes, evez\u0151kkel, ment\u0151mell\u00e9nnyel 5000\/6 \u00f3ra 8000 7000 Az \u00e1rak az \u00c1FA-t tartalmazz\u00e1k. Kiz\u00e1r\u00f3lag a kemping vend\u00e9geinek fenntartott szolg\u00e1ltat\u00e1s.Megkezdett \u00f3r\u00e1kat, napokat sz\u00e1molunk. A szolg\u00e1ltat\u00e1s csak kipihenten, tiszta fejjel vehet\u0151 ig\u00e9nybe (azaz p\u00e9ld\u00e1ul b\u00f3dult \u00e1llapotban, ittasan vagy m\u00e1snaposan nem).<\/p>\n","protected":false},"author":1,"featured_media":1052,"parent":62,"menu_order":0,"comment_status":"closed","ping_status":"closed","template":"","meta":[],"_links":{"self":[{"href":"https:\/\/tiszadadakemping.hu\/index.php\/wp-json\/wp\/v2\/pages\/1049"}],"collection":[{"href":"https:\/\/tiszadadakemping.hu\/index.php\/wp-json\/wp\/v2\/pages"}],"about":[{"href":"https:\/\/tiszadadakemping.hu\/index.php\/wp-json\/wp\/v2\/types\/page"}],"author":[{"embeddable":true,"href":"https:\/\/tiszadadakemping.hu\/index.php\/wp-json\/wp\/v2\/users\/1"}],"replies":[{"embeddable":true,"href":"https:\/\/tiszadadakemping.hu\/index.php\/wp-json\/wp\/v2\/comments?post=1049"}],"version-history":[{"count":67,"href":"https:\/\/tiszadadakemping.hu\/index.php\/wp-json\/wp\/v2\/pages\/1049\/revisions"}],"predecessor-version":[{"id":6579,"href":"https:\/\/tiszadadakemping.hu\/index.php\/wp-json\/wp\/v2\/pages\/1049\/revisions\/6579"}],"up":[{"embeddable":true,"href":"https:\/\/tiszadadakemping.hu\/index.php\/wp-json\/wp\/v2\/pages\/62"}],"wp:featuredmedia":[{"embeddable":true,"href":"https:\/\/tiszadadakemping.hu\/index.php\/wp-json\/wp\/v2\/media\/1052"}],"wp:attachment":[{"href":"https:\/\/tiszadadakemping.hu\/index.php\/wp-json\/wp\/v2\/media?parent=1049"}],"curies":[{"name":"wp","href":"https:\/\/api.w.org\/{rel}","templated":true}]}}