{"id":12,"date":"2020-11-29T23:00:27","date_gmt":"2020-11-29T23:00:27","guid":{"rendered":"https:\/\/tiszadadakemping.hu\/?page_id=12"},"modified":"2022-05-22T16:24:54","modified_gmt":"2022-05-22T16:24:54","slug":"medence","status":"publish","type":"page","link":"https:\/\/tiszadadakemping.hu\/index.php\/kemping-glamping\/medence\/","title":{"rendered":"\u00d6ko minta t\u00f3"},"content":{"rendered":"\t\t<div data-elementor-type=\"wp-page\" data-elementor-id=\"12\" class=\"elementor elementor-12\" data-elementor-settings=\"[]\">\n\t\t\t\t\t\t<div class=\"elementor-inner\">\n\t\t\t\t\t\t\t<div class=\"elementor-section-wrap\">\n\t\t\t\t\t\t\t<section class=\"elementor-section elementor-top-section elementor-element elementor-element-6bb0822a elementor-section-boxed elementor-section-height-default elementor-section-height-default\" data-id=\"6bb0822a\" data-element_type=\"section\">\n\t\t\t\t\t\t<div class=\"elementor-container elementor-column-gap-default\">\n\t\t\t\t\t\t\t<div class=\"elementor-row\">\n\t\t\t\t\t<div class=\"elementor-column elementor-col-100 elementor-top-column elementor-element elementor-element-22248567\" data-id=\"22248567\" data-element_type=\"column\">\n\t\t\t<div class=\"elementor-column-wrap elementor-element-populated\">\n\t\t\t\t\t\t\t<div class=\"elementor-widget-wrap\">\n\t\t\t\t\t\t<div class=\"elementor-element elementor-element-21ca552a elementor-widget elementor-widget-text-editor\" data-id=\"21ca552a\" data-element_type=\"widget\" data-widget_type=\"text-editor.default\">\n\t\t\t\t<div class=\"elementor-widget-container\">\n\t\t\t\t\t<div class=\"elementor-text-editor elementor-clearfix\"><p>V\u00e9lem\u00e9ny\u00fcnk szerint egy \u00f6ko kempingbe nem val\u00f3 kl\u00f3r szag\u00fa \u00fasz\u00f3medence. Egy kis kemping nyilv\u00e1nos medenc\u00e9j\u00e9nek tiszt\u00e1n tart\u00e1sa a hat\u00e1lyos k\u00f6zeg\u00e9szs\u00e9g\u00fcgyi szab\u00e1lyok szerint szinte kiz\u00e1r\u00f3lag er\u0151s vegyszerekkel lehets\u00e9ges. Egy \u00f6ko t\u00f3ban ezzel szemben term\u00e9szetes biol\u00f3giai egyens\u00falyt alak\u00edtunk ki, mik\u00f6zben megfelel\u0151 mechanikai sz\u0171r\u0151kkel elt\u00e1vol\u00edtjuk a mechanikai szennyez\u0151d\u00e9seket. Mindk\u00e9t m\u00f3dszerrel megfelel\u0151 v\u00edzmin\u0151s\u00e9get, v\u00edzoptik\u00e1t lehet el\u00e9rni. A k\u00fcl\u00f6nbs\u00e9g mind\u00f6ssze annyi, hogy a v\u00edzb\u0151l nem puszt\u00edtottuk el sz\u00fcks\u00e9gtelen\u00fcl az \u00e9l\u0151vil\u00e1got.<\/p><p>Kemping\u00fcnk minta tava kicsiben mutatja be a k\u00f6rny\u00e9k \u0151shonos v\u00edzin\u00f6v\u00e9ny vil\u00e1g\u00e1t \u00e9s a vize mechanikai, biol\u00f3giai \u00e9s UV sz\u0171r\u0151k seg\u00edts\u00e9g\u00e9vel marad tiszta. A t\u00f3 partj\u00e1n inform\u00e1ci\u00f3s t\u00e1bl\u00e1k mutatj\u00e1k be a Tisza-part \u00e9s a morotv\u00e1k (holt\u00e1gak) fl\u00f3r\u00e1j\u00e1t.<\/p><p>Sajnos Magyarorsz\u00e1gon a biol\u00f3giai \u00faton tiszt\u00edtott kerti f\u00fcrd\u0151tavaknak nincs egy\u00e9rtelm\u0171 t\u00f6rv\u00e9nyi szab\u00e1lyoz\u00e1sa.<\/p><p>Ez\u00e9rt a tavunkat nem aj\u00e1nlhatjuk \u00fasz\u00e1sra vagy f\u00fcrd\u00e9sre. Am\u00edg a szab\u00e1lyok nem sz\u00fcletnek meg \u00e9s tavunkat f\u00fcrd\u0151t\u00f3k\u00e9nt nem tudjuk enged\u00e9lyeztetni, addig l\u00e1tv\u00e1nyelem marad.<\/p><p>F\u00fcrd\u0151z\u00e9sre a 15 perc s\u00e9t\u00e1val el\u00e9rhet\u0151 \u00c9l\u0151 Tisza strandot aj\u00e1nljuk.<\/p><p><em>Amennyiben valamelyik vend\u00e9g\u00fcnk m\u00e9gis bemegy a t\u00f3ba, \u00fagy ezt kiz\u00e1r\u00f3lag saj\u00e1t felel\u0151ss\u00e9g\u00e9re teszi!<\/em><\/p><p><em>A t\u00f3 1,7 m m\u00e9ly, \u00edgy<b> k\u00e9rj\u00fck, hogy \u00faszni nem tud\u00f3 gyermekeik kiz\u00e1r\u00f3lag feln\u0151tt fel\u00fcgyelete mellett tart\u00f3zkodjanak a t\u00f3 k\u00f6zel\u00e9ben!<\/b><\/em><\/p><p>\u00a0<\/p><p><em>K\u00e9rj\u00fck fokozottan vigy\u00e1zzanak a t\u00f3 n\u00f6v\u00e9nyvil\u00e1g\u00e1ra! <b>A t\u00f3 k\u00f6zel\u00e9ben j\u00e1tszani, labd\u00e1zni nem szabad!<\/b><\/em><\/p><\/div>\n\t\t\t\t<\/div>\n\t\t\t\t<\/div>\n\t\t\t\t<div class=\"elementor-element elementor-element-8ad4a41 elementor-widget elementor-widget-image\" data-id=\"8ad4a41\" data-element_type=\"widget\" data-widget_type=\"image.default\">\n\t\t\t\t<div class=\"elementor-widget-container\">\n\t\t\t\t\t<div class=\"elementor-image\">\n\t\t\t\t\t\t\t\t\t\t<img src=\"https:\/\/tiszadadakemping.hu\/wp-content\/uploads\/2021\/06\/To_csobogo.jpg\" title=\"\" alt=\"\" \/>\t\t\t\t\t\t\t\t\t\t\t<\/div>\n\t\t\t\t<\/div>\n\t\t\t\t<\/div>\n\t\t\t\t\t\t<\/div>\n\t\t\t\t\t<\/div>\n\t\t<\/div>\n\t\t\t\t\t\t\t\t<\/div>\n\t\t\t\t\t<\/div>\n\t\t<\/section>\n\t\t\t\t\t\t<\/div>\n\t\t\t\t\t\t<\/div>\n\t\t\t\t\t<\/div>\n\t\t","protected":false},"excerpt":{"rendered":"<p>V\u00e9lem\u00e9ny\u00fcnk szerint egy \u00f6ko kempingbe nem val\u00f3 kl\u00f3r szag\u00fa \u00fasz\u00f3medence. Egy kis kemping nyilv\u00e1nos medenc\u00e9j\u00e9nek tiszt\u00e1n tart\u00e1sa a hat\u00e1lyos k\u00f6zeg\u00e9szs\u00e9g\u00fcgyi szab\u00e1lyok szerint szinte kiz\u00e1r\u00f3lag er\u0151s vegyszerekkel lehets\u00e9ges. Egy \u00f6ko t\u00f3ban ezzel szemben term\u00e9szetes biol\u00f3giai egyens\u00falyt alak\u00edtunk ki, mik\u00f6zben megfelel\u0151 mechanikai sz\u0171r\u0151kkel elt\u00e1vol\u00edtjuk a mechanikai szennyez\u0151d\u00e9seket. Mindk\u00e9t m\u00f3dszerrel megfelel\u0151 v\u00edzmin\u0151s\u00e9get, v\u00edzoptik\u00e1t lehet el\u00e9rni. A k\u00fcl\u00f6nbs\u00e9g mind\u00f6ssze annyi, hogy a v\u00edzb\u0151l nem puszt\u00edtottuk el sz\u00fcks\u00e9gtelen\u00fcl az \u00e9l\u0151vil\u00e1got. Kemping\u00fcnk minta tava kicsiben mutatja be a k\u00f6rny\u00e9k \u0151shonos v\u00edzin\u00f6v\u00e9ny vil\u00e1g\u00e1t \u00e9s a vize mechanikai, biol\u00f3giai \u00e9s UV sz\u0171r\u0151k seg\u00edts\u00e9g\u00e9vel marad tiszta. A t\u00f3 partj\u00e1n inform\u00e1ci\u00f3s t\u00e1bl\u00e1k mutatj\u00e1k be a Tisza-part \u00e9s a morotv\u00e1k (holt\u00e1gak) fl\u00f3r\u00e1j\u00e1t. Sajnos Magyarorsz\u00e1gon a biol\u00f3giai \u00faton tiszt\u00edtott kerti f\u00fcrd\u0151tavaknak nincs egy\u00e9rtelm\u0171 t\u00f6rv\u00e9nyi szab\u00e1lyoz\u00e1sa. Ez\u00e9rt a tavunkat nem aj\u00e1nlhatjuk \u00fasz\u00e1sra vagy f\u00fcrd\u00e9sre. Am\u00edg a szab\u00e1lyok nem sz\u00fcletnek meg \u00e9s tavunkat f\u00fcrd\u0151t\u00f3k\u00e9nt nem tudjuk enged\u00e9lyeztetni, addig l\u00e1tv\u00e1nyelem marad. F\u00fcrd\u0151z\u00e9sre a 15 perc s\u00e9t\u00e1val el\u00e9rhet\u0151 \u00c9l\u0151 Tisza strandot aj\u00e1nljuk. Amennyiben valamelyik vend\u00e9g\u00fcnk m\u00e9gis bemegy a t\u00f3ba, \u00fagy ezt kiz\u00e1r\u00f3lag saj\u00e1t felel\u0151ss\u00e9g\u00e9re teszi! A t\u00f3 1,7 m m\u00e9ly, \u00edgy k\u00e9rj\u00fck, hogy \u00faszni nem tud\u00f3 gyermekeik kiz\u00e1r\u00f3lag feln\u0151tt fel\u00fcgyelete mellett tart\u00f3zkodjanak a t\u00f3 k\u00f6zel\u00e9ben! K\u00e9rj\u00fck fokozottan vigy\u00e1zzanak a t\u00f3 n\u00f6v\u00e9nyvil\u00e1g\u00e1ra! A t\u00f3 k\u00f6zel\u00e9ben j\u00e1tszani, labd\u00e1zni nem szabad!<\/p>\n","protected":false},"author":1,"featured_media":0,"parent":62,"menu_order":3,"comment_status":"closed","ping_status":"closed","template":"","meta":[],"_links":{"self":[{"href":"https:\/\/tiszadadakemping.hu\/index.php\/wp-json\/wp\/v2\/pages\/12"}],"collection":[{"href":"https:\/\/tiszadadakemping.hu\/index.php\/wp-json\/wp\/v2\/pages"}],"about":[{"href":"https:\/\/tiszadadakemping.hu\/index.php\/wp-json\/wp\/v2\/types\/page"}],"author":[{"embeddable":true,"href":"https:\/\/tiszadadakemping.hu\/index.php\/wp-json\/wp\/v2\/users\/1"}],"replies":[{"embeddable":true,"href":"https:\/\/tiszadadakemping.hu\/index.php\/wp-json\/wp\/v2\/comments?post=12"}],"version-history":[{"count":36,"href":"https:\/\/tiszadadakemping.hu\/index.php\/wp-json\/wp\/v2\/pages\/12\/revisions"}],"predecessor-version":[{"id":4086,"href":"https:\/\/tiszadadakemping.hu\/index.php\/wp-json\/wp\/v2\/pages\/12\/revisions\/4086"}],"up":[{"embeddable":true,"href":"https:\/\/tiszadadakemping.hu\/index.php\/wp-json\/wp\/v2\/pages\/62"}],"wp:attachment":[{"href":"https:\/\/tiszadadakemping.hu\/index.php\/wp-json\/wp\/v2\/media?parent=12"}],"curies":[{"name":"wp","href":"https:\/\/api.w.org\/{rel}","templated":true}]}}