{"id":14,"date":"2020-11-29T23:00:34","date_gmt":"2020-11-29T23:00:34","guid":{"rendered":"https:\/\/tiszadadakemping.hu\/?page_id=14"},"modified":"2023-06-21T14:11:11","modified_gmt":"2023-06-21T14:11:11","slug":"elo-tisza-kikotohely","status":"publish","type":"page","link":"https:\/\/tiszadadakemping.hu\/index.php\/kemping-glamping\/elo-tisza-kikotohely\/","title":{"rendered":"\u00c9l\u0151-Tisza kik\u00f6t\u0151hely"},"content":{"rendered":"<p>A kemping tiszai kapuj\u00e1t\u00f3l kb. 70 m-re, a t\u00f6lt\u00e9s t\u00faloldal\u00e1n saj\u00e1t kik\u00f6t\u0151hely\u00fcnk tal\u00e1lhat\u00f3, ami a vizit\u00far\u00e1k kedvenc meg\u00e1ll\u00f3helye. Kemping\u00fcnkben lehet\u0151s\u00e9g van kenuk \u00e9s horg\u00e1sz ladik b\u00e9rl\u00e9s\u00e9re is.<\/p>\n<p>A kik\u00f6t\u0151hely az 514 fkm felett tal\u00e1lhat\u00f3, GPS koordin\u00e1t\u00e1i:<\/p>\n<p>48\u00b001&#8217;30.8&#8243;N 21\u00b013&#8217;37.0&#8243;E<br \/>48.025227, 21.226939<\/p>\n<p><em><img loading=\"lazy\" class=\"alignleft size-thumbnail wp-image-175\" src=\"https:\/\/tiszadadakemping.hu\/wp-content\/uploads\/2020\/12\/image035-150x150.jpg\" alt=\"\" width=\"150\" height=\"150\" srcset=\"https:\/\/tiszadadakemping.hu\/wp-content\/uploads\/2020\/12\/image035-150x150.jpg 150w, https:\/\/tiszadadakemping.hu\/wp-content\/uploads\/2020\/12\/image035-300x300.jpg 300w, https:\/\/tiszadadakemping.hu\/wp-content\/uploads\/2020\/12\/image035-75x75.jpg 75w\" sizes=\"(max-width: 150px) 100vw, 150px\" \/>Fontos tudni, hogy a Tisza v\u00edzm\u00e9lys\u00e9ge gyakran v\u00e1ltozik, gyorsan m\u00e9ly\u00fcl, sodr\u00e1sa er\u0151s. Ez\u00e9rt f\u00fcrd\u00e9sre, \u00fasz\u00e1sra ink\u00e1bb a 15 perc s\u00e9t\u00e1val el\u00e9rhet\u0151, f\u00fcves-homokos, sz\u00e9pen ki\u00e9p\u00edtett <strong>Tiszadada strandot<\/strong> javasoljuk (l\u00e1sd fot\u00f3 balra).<\/em><\/p>\n<p>A v\u00edz min\u0151s\u00e9ge Tiszadada Strandn\u00e1l, az Eur\u00f3pai K\u00f6rnyezetv\u00e9delmi \u00dcgyn\u00f6ks\u00e9g (EEA) \u00e9venk\u00e9nti m\u00e9r\u00e9se alapj\u00e1n, <strong><em>2017 \u00f3ta minden \u00e9vben kiv\u00e1l\u00f3 min\u0151s\u00edt\u00e9st kap<\/em><\/strong>! (<a href=\"https:\/\/discomap.eea.europa.eu\/Bathingwater\/\">https:\/\/discomap.eea.europa.eu\/Bathingwater\/<\/a>)<\/p>\n\n\n<p><\/p>\n","protected":false},"excerpt":{"rendered":"<p>A kemping tiszai kapuj\u00e1t\u00f3l kb. 70 m-re, a t\u00f6lt\u00e9s t\u00faloldal\u00e1n saj\u00e1t kik\u00f6t\u0151hely\u00fcnk tal\u00e1lhat\u00f3, ami a vizit\u00far\u00e1k kedvenc meg\u00e1ll\u00f3helye. Kemping\u00fcnkben lehet\u0151s\u00e9g van kenuk \u00e9s horg\u00e1sz ladik b\u00e9rl\u00e9s\u00e9re is. A kik\u00f6t\u0151hely az 514 fkm felett tal\u00e1lhat\u00f3, GPS koordin\u00e1t\u00e1i: 48\u00b001&#8217;30.8&#8243;N 21\u00b013&#8217;37.0&#8243;E48.025227, 21.226939 Fontos tudni, hogy a Tisza v\u00edzm\u00e9lys\u00e9ge gyakran v\u00e1ltozik, gyorsan m\u00e9ly\u00fcl, sodr\u00e1sa er\u0151s. Ez\u00e9rt f\u00fcrd\u00e9sre, \u00fasz\u00e1sra ink\u00e1bb a 15 perc s\u00e9t\u00e1val el\u00e9rhet\u0151, f\u00fcves-homokos, sz\u00e9pen ki\u00e9p\u00edtett Tiszadada strandot javasoljuk (l\u00e1sd fot\u00f3 balra). A v\u00edz min\u0151s\u00e9ge Tiszadada Strandn\u00e1l, az Eur\u00f3pai K\u00f6rnyezetv\u00e9delmi \u00dcgyn\u00f6ks\u00e9g (EEA) \u00e9venk\u00e9nti m\u00e9r\u00e9se alapj\u00e1n, 2017 \u00f3ta minden \u00e9vben kiv\u00e1l\u00f3 min\u0151s\u00edt\u00e9st kap! (https:\/\/discomap.eea.europa.eu\/Bathingwater\/)<\/p>\n","protected":false},"author":1,"featured_media":0,"parent":62,"menu_order":4,"comment_status":"closed","ping_status":"closed","template":"","meta":[],"_links":{"self":[{"href":"https:\/\/tiszadadakemping.hu\/index.php\/wp-json\/wp\/v2\/pages\/14"}],"collection":[{"href":"https:\/\/tiszadadakemping.hu\/index.php\/wp-json\/wp\/v2\/pages"}],"about":[{"href":"https:\/\/tiszadadakemping.hu\/index.php\/wp-json\/wp\/v2\/types\/page"}],"author":[{"embeddable":true,"href":"https:\/\/tiszadadakemping.hu\/index.php\/wp-json\/wp\/v2\/users\/1"}],"replies":[{"embeddable":true,"href":"https:\/\/tiszadadakemping.hu\/index.php\/wp-json\/wp\/v2\/comments?post=14"}],"version-history":[{"count":11,"href":"https:\/\/tiszadadakemping.hu\/index.php\/wp-json\/wp\/v2\/pages\/14\/revisions"}],"predecessor-version":[{"id":5162,"href":"https:\/\/tiszadadakemping.hu\/index.php\/wp-json\/wp\/v2\/pages\/14\/revisions\/5162"}],"up":[{"embeddable":true,"href":"https:\/\/tiszadadakemping.hu\/index.php\/wp-json\/wp\/v2\/pages\/62"}],"wp:attachment":[{"href":"https:\/\/tiszadadakemping.hu\/index.php\/wp-json\/wp\/v2\/media?parent=14"}],"curies":[{"name":"wp","href":"https:\/\/api.w.org\/{rel}","templated":true}]}}