{"id":16,"date":"2020-11-29T23:00:42","date_gmt":"2020-11-29T23:00:42","guid":{"rendered":"https:\/\/tiszadadakemping.hu\/?page_id=16"},"modified":"2022-05-05T16:49:43","modified_gmt":"2022-05-05T16:49:43","slug":"horgaszat","status":"publish","type":"page","link":"https:\/\/tiszadadakemping.hu\/index.php\/kornyek\/horgaszat\/","title":{"rendered":"Horg\u00e1szat"},"content":{"rendered":"\t\t<div data-elementor-type=\"wp-page\" data-elementor-id=\"16\" class=\"elementor elementor-16\" data-elementor-settings=\"[]\">\n\t\t\t\t\t\t<div class=\"elementor-inner\">\n\t\t\t\t\t\t\t<div class=\"elementor-section-wrap\">\n\t\t\t\t\t\t\t<section class=\"elementor-section elementor-top-section elementor-element elementor-element-6550e32d elementor-section-boxed elementor-section-height-default elementor-section-height-default\" data-id=\"6550e32d\" data-element_type=\"section\">\n\t\t\t\t\t\t<div class=\"elementor-container elementor-column-gap-default\">\n\t\t\t\t\t\t\t<div class=\"elementor-row\">\n\t\t\t\t\t<div class=\"elementor-column elementor-col-100 elementor-top-column elementor-element elementor-element-644dd6d9\" data-id=\"644dd6d9\" data-element_type=\"column\">\n\t\t\t<div class=\"elementor-column-wrap elementor-element-populated\">\n\t\t\t\t\t\t\t<div class=\"elementor-widget-wrap\">\n\t\t\t\t\t\t<div class=\"elementor-element elementor-element-1cc9a19e elementor-widget elementor-widget-text-editor\" data-id=\"1cc9a19e\" data-element_type=\"widget\" data-widget_type=\"text-editor.default\">\n\t\t\t\t<div class=\"elementor-widget-container\">\n\t\t\t\t\t<div class=\"elementor-text-editor elementor-clearfix\"><p>Tiszadada rengeteg kiv\u00e1l\u00f3 horg\u00e1szlehet\u0151s\u00e9get k\u00edn\u00e1l. Az \u00e9l\u0151 Tisz\u00e1n k\u00edv\u00fcl t\u00f6bb vadreg\u00e9nyes holt\u00e1g \u00e9s horg\u00e1szt\u00f3 is tal\u00e1lhat\u00f3 a k\u00f6zelben. Az \u00e9l\u0151 Tisz\u00e1n, a kempingt\u0151l 70 m-re kik\u00f6t\u0151hely tal\u00e1lhat\u00f3. A kempingn\u00e9l kezd\u0151dik a Tiszadobi \u00c1rt\u00e9r Term\u00e9szetv\u00e9delmi Ter\u00fclet, a faluk\u00f6zpont ut\u00e1n tal\u00e1lhat\u00f3 a m\u00e9lt\u00e1n n\u00e9pszer\u0171 Tiszadadai nagy holt\u00e1g. Tiszadobon tov\u00e1bbi k\u00e9t holt\u00e1g szakasz v\u00e1r felfedez\u00e9sre.<\/p><p>Kemping\u00fcnkben horg\u00e1szcs\u00f3nak is\u00a0<a href=\"https:\/\/tiszadadakemping.hu\/index.php\/kemping-glamping\/kerekpar-es-csonak-kolcsonzes\/\" target=\"_blank\" rel=\"noopener\">k\u00f6lcs\u00f6n\u00f6zhet\u0151<\/a>!<\/p><p>Helyi horg\u00e1sz egyes\u00fclet:\u00a0<a style=\"letter-spacing: 0px; background-color: #ffffff;\" href=\"https:\/\/www.facebook.com\/Tiszadadai-Sulyom-Horg%C3%A1sz-Egyes%C3%BClet-2119445301624404\/\" target=\"_blank\" rel=\"noopener\">Tiszadadai Sulyom Horg\u00e1sz Egyes\u00fclet<\/a><\/p><p>Horg\u00e1sz napijegy v\u00e1s\u00e1rl\u00e1sa:<\/p><p>Napi- vagy turista jegyet m\u00e1snapra tudunk vend\u00e9geinknek rendelni. Ha szeretne hamarabb hozz\u00e1jutni, akkor javasoljuk a Magyar Orsz\u00e1gos Horg\u00e1sz Sz\u00f6vets\u00e9g on-line boltj\u00e1t, ahol egy regisztr\u00e1ci\u00f3 ut\u00e1n azonnal meg tudja v\u00e1s\u00e1rolni a horg\u00e1szjegyet:<\/p><p><a href=\"https:\/\/horgaszjegy.hu\/\" target=\"_blank\" rel=\"noopener\">https:\/\/horgaszjegy.hu\/<\/a><\/p><\/div>\n\t\t\t\t<\/div>\n\t\t\t\t<\/div>\n\t\t\t\t\t\t<\/div>\n\t\t\t\t\t<\/div>\n\t\t<\/div>\n\t\t\t\t\t\t\t\t<\/div>\n\t\t\t\t\t<\/div>\n\t\t<\/section>\n\t\t\t\t\t\t<\/div>\n\t\t\t\t\t\t<\/div>\n\t\t\t\t\t<\/div>\n\t\t","protected":false},"excerpt":{"rendered":"<p>Tiszadada rengeteg kiv\u00e1l\u00f3 horg\u00e1szlehet\u0151s\u00e9get k\u00edn\u00e1l. Az \u00e9l\u0151 Tisz\u00e1n k\u00edv\u00fcl t\u00f6bb vadreg\u00e9nyes holt\u00e1g \u00e9s horg\u00e1szt\u00f3 is tal\u00e1lhat\u00f3 a k\u00f6zelben. Az \u00e9l\u0151 Tisz\u00e1n, a kempingt\u0151l 70 m-re kik\u00f6t\u0151hely tal\u00e1lhat\u00f3. A kempingn\u00e9l kezd\u0151dik a Tiszadobi \u00c1rt\u00e9r Term\u00e9szetv\u00e9delmi Ter\u00fclet, a faluk\u00f6zpont ut\u00e1n tal\u00e1lhat\u00f3 a m\u00e9lt\u00e1n n\u00e9pszer\u0171 Tiszadadai nagy holt\u00e1g. Tiszadobon tov\u00e1bbi k\u00e9t holt\u00e1g szakasz v\u00e1r felfedez\u00e9sre. Kemping\u00fcnkben horg\u00e1szcs\u00f3nak is\u00a0k\u00f6lcs\u00f6n\u00f6zhet\u0151! Helyi horg\u00e1sz egyes\u00fclet:\u00a0Tiszadadai Sulyom Horg\u00e1sz Egyes\u00fclet Horg\u00e1sz napijegy v\u00e1s\u00e1rl\u00e1sa: Napi- vagy turista jegyet m\u00e1snapra tudunk vend\u00e9geinknek rendelni. Ha szeretne hamarabb hozz\u00e1jutni, akkor javasoljuk a Magyar Orsz\u00e1gos Horg\u00e1sz Sz\u00f6vets\u00e9g on-line boltj\u00e1t, ahol egy regisztr\u00e1ci\u00f3 ut\u00e1n azonnal meg tudja v\u00e1s\u00e1rolni a horg\u00e1szjegyet: https:\/\/horgaszjegy.hu\/<\/p>\n","protected":false},"author":1,"featured_media":0,"parent":256,"menu_order":5,"comment_status":"closed","ping_status":"closed","template":"","meta":[],"_links":{"self":[{"href":"https:\/\/tiszadadakemping.hu\/index.php\/wp-json\/wp\/v2\/pages\/16"}],"collection":[{"href":"https:\/\/tiszadadakemping.hu\/index.php\/wp-json\/wp\/v2\/pages"}],"about":[{"href":"https:\/\/tiszadadakemping.hu\/index.php\/wp-json\/wp\/v2\/types\/page"}],"author":[{"embeddable":true,"href":"https:\/\/tiszadadakemping.hu\/index.php\/wp-json\/wp\/v2\/users\/1"}],"replies":[{"embeddable":true,"href":"https:\/\/tiszadadakemping.hu\/index.php\/wp-json\/wp\/v2\/comments?post=16"}],"version-history":[{"count":20,"href":"https:\/\/tiszadadakemping.hu\/index.php\/wp-json\/wp\/v2\/pages\/16\/revisions"}],"predecessor-version":[{"id":3917,"href":"https:\/\/tiszadadakemping.hu\/index.php\/wp-json\/wp\/v2\/pages\/16\/revisions\/3917"}],"up":[{"embeddable":true,"href":"https:\/\/tiszadadakemping.hu\/index.php\/wp-json\/wp\/v2\/pages\/256"}],"wp:attachment":[{"href":"https:\/\/tiszadadakemping.hu\/index.php\/wp-json\/wp\/v2\/media?parent=16"}],"curies":[{"name":"wp","href":"https:\/\/api.w.org\/{rel}","templated":true}]}}