{"id":20,"date":"2020-11-29T23:01:04","date_gmt":"2020-11-29T23:01:04","guid":{"rendered":"https:\/\/tiszadadakemping.hu\/?page_id=20"},"modified":"2024-09-01T11:34:45","modified_gmt":"2024-09-01T11:34:45","slug":"osztalykirandulas-taboroztatas","status":"publish","type":"page","link":"https:\/\/tiszadadakemping.hu\/index.php\/kemping-glamping\/osztalykirandulas-taboroztatas\/","title":{"rendered":"Oszt\u00e1lykir\u00e1ndul\u00e1s, t\u00e1boroztat\u00e1s"},"content":{"rendered":"\t\t<div data-elementor-type=\"wp-page\" data-elementor-id=\"20\" class=\"elementor elementor-20\" data-elementor-settings=\"[]\">\n\t\t\t\t\t\t<div class=\"elementor-inner\">\n\t\t\t\t\t\t\t<div class=\"elementor-section-wrap\">\n\t\t\t\t\t\t\t<section class=\"elementor-section elementor-top-section elementor-element elementor-element-295216c8 elementor-section-boxed elementor-section-height-default elementor-section-height-default\" data-id=\"295216c8\" data-element_type=\"section\">\n\t\t\t\t\t\t<div class=\"elementor-container elementor-column-gap-default\">\n\t\t\t\t\t\t\t<div class=\"elementor-row\">\n\t\t\t\t\t<div class=\"elementor-column elementor-col-100 elementor-top-column elementor-element elementor-element-df5b0b4\" data-id=\"df5b0b4\" data-element_type=\"column\">\n\t\t\t<div class=\"elementor-column-wrap elementor-element-populated\">\n\t\t\t\t\t\t\t<div class=\"elementor-widget-wrap\">\n\t\t\t\t\t\t<div class=\"elementor-element elementor-element-4c0ff887 elementor-widget elementor-widget-text-editor\" data-id=\"4c0ff887\" data-element_type=\"widget\" data-widget_type=\"text-editor.default\">\n\t\t\t\t<div class=\"elementor-widget-container\">\n\t\t\t\t\t<div class=\"elementor-text-editor elementor-clearfix\"><p>Az \u00d6ko Kemping &amp; Glamping Tiszadada kit\u0171n\u0151 helysz\u00edn oszt\u00e1lykir\u00e1ndul\u00e1sok \u00e9s t\u00e1borok szervez\u00e9s\u00e9re.<\/p><p><img loading=\"lazy\" class=\"size-medium wp-image-4458 alignleft\" src=\"https:\/\/tiszadadakemping.hu\/wp-content\/uploads\/2022\/07\/tabor-300x212.jpg\" alt=\"\" width=\"300\" height=\"212\" srcset=\"https:\/\/tiszadadakemping.hu\/wp-content\/uploads\/2022\/07\/tabor-300x212.jpg 300w, https:\/\/tiszadadakemping.hu\/wp-content\/uploads\/2022\/07\/tabor.jpg 599w\" sizes=\"(max-width: 300px) 100vw, 300px\" \/>A t\u00e1borlak\u00f3k hat\u00e1gyas, t\u00e1bori \u00e1gyakkal felszerelt, t\u00e1gas s\u00e1trakban kapnak helyet, a k\u00eds\u00e9r\u0151k 2-4 \u00e1gyas s\u00e1torban lakhatnak. A s\u00e1trakat a kemping szabad ter\u00fclet\u00e9n, t\u00e1borhely-szer\u0171en \u00e1ll\u00edtjuk fel. \u00cdgy \u00f6sszesen 25-30 gyermek \u00e9s 2-4 feln\u0151tt elhelyez\u00e9s\u00e9re van lehet\u0151s\u00e9g\u00fcnk.<\/p><p>Az \u00e9rdekl\u0151d\u0151 oszt\u00e1lyokat igen kedvez\u0151 \u00e1rakkal seg\u00edtj\u00fck, hogy term\u00e9szetk\u00f6zeli sz\u00e1ll\u00e1shelyen, min\u00e9l sz\u00ednesebben t\u00f6lthess\u00e9k el szabadidej\u00fcket. 10 f\u0151 felett egy, 20 f\u0151 felett k\u00e9t k\u00eds\u00e9r\u0151 sz\u00e1ll\u00e1s\u00e1t d\u00edjmentesen biztos\u00edtjuk. Az aktu\u00e1lis \u00e1rak\u00e9rt k\u00e9rj\u00fck, hogy k\u00e9rjen aj\u00e1nlatot a Kapcsolat men\u00fcpontban!<\/p><p>A k\u00f6rny\u00e9k hetekre el\u00e9g programot, kir\u00e1ndul\u00e1si lehet\u0151s\u00e9get k\u00edn\u00e1l, amelyekb\u0151l \u00edzel\u00edt\u0151t tal\u00e1l a <a href=\"https:\/\/tiszadadakemping.hu\/index.php\/kornyek\/kirandulas-programok\/\">K\u00f6rny\u00e9k\/Kir\u00e1ndul\u00e1s, gasztron\u00f3mia<\/a> men\u00fcpontban.<\/p><p><b><u>N\u00e9h\u00e1ny \u00f6tlet oszt\u00e1lykir\u00e1ndul\u00e1sokhoz, tematikus t\u00e1borokhoz:<\/u><\/b><\/p><p><i>Harm\u00f3ni\u00e1ban a term\u00e9szettel<\/i> <i>t\u00e1bor<\/i>, vagy <i>\u00d6ko-t\u00e1bor, <\/i>vagy<i> Fenntarthat\u00f3 energiatermel\u00e9s t\u00e1bor,\u00a0<\/i>esetleg <i>Fenntarthat\u00f3s\u00e1g, k\u00f6rnyezetv\u00e9delem t\u00e1bor:<\/i><\/p><ul><li>A kemping\u00fck m\u00e1r eleve \u00f6ko-kemping, teh\u00e1t a t\u00e9ma feldolgoz\u00e1sa m\u00e1r itt is l\u00e1that\u00f3. Nulla energiam\u00e9rleg, meg\u00fajul\u00f3 termel\u00e9s, szelekt\u00edv hullad\u00e9kgazd\u00e1lkod\u00e1s, sz\u00fcrkev\u00edz \u00fajrahasznos\u00edt\u00e1s. R\u00e9szletek az <i><a href=\"https:\/\/tiszadadakemping.hu\/index.php\/oko-kemping\/\">\u00d6ko-kemping<\/a><\/i> men\u00fcpontban.\u00a0<\/li><li><span style=\"letter-spacing: 0px;\">A kemping a Tisza partj\u00e1n, a Tiszadobi \u00c1rt\u00e9r Term\u00e9szetv\u00e9delmi Ter\u00fclet bej\u00e1rat\u00e1ban tal\u00e1lhat\u00f3.\u00a0<\/span>A kemping k\u00f6zel\u00e9ben (ker\u00e9kp\u00e1rral vagy gyalog) tal\u00e1lhat\u00f3 saj\u00e1t term\u00e9szetfot\u00f3s vizimad\u00e1r leshely\u00fcnk \u00e9s egy nagyvad les is. Ide kisebb csoportokban \u00e9rdemes kil\u00e1togatni kora reggel vagy napnyugtakor.\u00a0<\/li><li>Tiszal\u00f6ki V\u00edzer\u0151m\u0171 megl\u00e1togat\u00e1sa, energiatermel\u00e9s a v\u00edz erej\u00e9vel (el\u0151zetes egyeztet\u00e9shez k\u00f6t\u00f6tt).<\/li><li>Kis-Tisza \u00d6kocentrum Tan\u00f6sv\u00e9ny megl\u00e1togat\u00e1sa<\/li><li>Fenti k\u00e9t tiszal\u00f6ki helysz\u00edn b\u00e1rmelyike \u00f6sszek\u00f6thet\u0151 a Tiszal\u00f6ki Feketeszak\u00e1ll \u00c9lm\u00e9nypark \u00e9s Strand megl\u00e1togat\u00e1s\u00e1val, ami remek sz\u00f3rakoz\u00e1s ak\u00e1r eg\u00e9sz napra is.<\/li><li>Ig\u00e9ny eset\u00e9n, a\u00a0<a href=\"http:\/\/alapitvany.bizekemi.hu\/\" target=\"_blank\" rel=\"noopener\">Bizek Emi Alap\u00edtv\u00e1nnyal<\/a>\u00a0egy\u00fcttm\u0171k\u00f6dve d\u00edjmentesen biztos\u00edtunk gyakorlott el\u0151ad\u00f3t, aki a kempingben a fenntarthat\u00f3 energiatermel\u00e9sr\u0151l \u00e9s\/vagy a fenntarthat\u00f3 hullad\u00e9kgazd\u00e1lkod\u00e1sr\u00f3l mes\u00e9l a gyerekeknek.<\/li><\/ul><p>Ker\u00e9kp\u00e1ros t\u00e1bor:<\/p><ul><li>Kemping\u00fcnk ker\u00edt\u00e9se mellett halad az Eurovelo 11 ker\u00e9kp\u00e1r\u00fat.<\/li><\/ul><p><span style=\"letter-spacing: 0px;\">Evez\u0151s t\u00e1bor:<\/span><\/p><ul><li>Kemping\u00fcnk a Tisza partj\u00e1n tal\u00e1lhat\u00f3 \u00e9s saj\u00e1t kik\u00f6t\u0151vel b\u00fcszk\u00e9lkedhet\u00fcnk. A k\u00f6zeli (kb. 600m) strandon ak\u00e1r 10-15 kajak vagy kenu biztons\u00e1gos kik\u00f6t\u00e9s\u00e9re is van lehet\u0151s\u00e9g. Lehet\u0151s\u00e9g van kenu b\u00e9rl\u00e9s\u00e9re ak\u00e1r nagyobb csoportok sz\u00e1m\u00e1ra is.<\/li><\/ul><p><span style=\"letter-spacing: 0px;\">Kir\u00e1ndul\u00f3 t\u00e1bor:<\/span><\/p><div><div><ul><li>A kempingb\u0151l k\u00f6nnyen megk\u00f6zel\u00edthet\u0151 (gyalog, ker\u00e9kp\u00e1rral vagy g\u00e9pj\u00e1rm\u0171vel) a Tiszadobi Andr\u00e1ssy Kast\u00e9ly, ami Magyarorsz\u00e1g egyetlen olyan kast\u00e9lya, amelyik a francia\u00a0Loire\u00a0foly\u00f3 ment\u00e9n\u00a0\u00e9p\u00fclt k\u00f6z\u00e9pkori lovagi v\u00e1rkast\u00e9lyok\u00a0mint\u00e1j\u00e1ra k\u00e9sz\u00fclt el. Gyalogt\u00fara tehet\u0151 a szomsz\u00e9dos Tiszadobi \u00c1rt\u00e9r Term\u00e9szetv\u00e9delmi Ter\u00fcletre. Tov\u00e1bbi kir\u00e1ndul\u00f3 c\u00e9lpontok olvashat\u00f3k a\u00a0<a style=\"background-color: #ffffff;\" href=\"https:\/\/tiszadadakemping.hu\/index.php\/kornyek\/kirandulas-programok\/\">K\u00f6rny\u00e9k\/Kir\u00e1ndul\u00e1s, gasztron\u00f3mia<\/a>\u00a0men\u00fcpontban.<\/li><\/ul><\/div><\/div><\/div>\n\t\t\t\t<\/div>\n\t\t\t\t<\/div>\n\t\t\t\t\t\t<\/div>\n\t\t\t\t\t<\/div>\n\t\t<\/div>\n\t\t\t\t\t\t\t\t<\/div>\n\t\t\t\t\t<\/div>\n\t\t<\/section>\n\t\t\t\t<section class=\"elementor-section elementor-top-section elementor-element elementor-element-fc71c24 elementor-section-boxed elementor-section-height-default elementor-section-height-default\" data-id=\"fc71c24\" data-element_type=\"section\">\n\t\t\t\t\t\t<div class=\"elementor-container elementor-column-gap-default\">\n\t\t\t\t\t\t\t<div class=\"elementor-row\">\n\t\t\t\t\t<div class=\"elementor-column elementor-col-100 elementor-top-column elementor-element elementor-element-0b77996\" data-id=\"0b77996\" data-element_type=\"column\">\n\t\t\t<div class=\"elementor-column-wrap elementor-element-populated\">\n\t\t\t\t\t\t\t<div class=\"elementor-widget-wrap\">\n\t\t\t\t\t\t<div class=\"elementor-element elementor-element-cbfb1f3 elementor-widget-divider--view-line elementor-widget elementor-widget-divider\" data-id=\"cbfb1f3\" data-element_type=\"widget\" data-widget_type=\"divider.default\">\n\t\t\t\t<div class=\"elementor-widget-container\">\n\t\t\t\t\t<div class=\"elementor-divider\">\n\t\t\t<span class=\"elementor-divider-separator\">\n\t\t\t\t\t\t<\/span>\n\t\t<\/div>\n\t\t\t\t<\/div>\n\t\t\t\t<\/div>\n\t\t\t\t<div class=\"elementor-element elementor-element-57dffed elementor-widget elementor-widget-text-editor\" data-id=\"57dffed\" data-element_type=\"widget\" data-widget_type=\"text-editor.default\">\n\t\t\t\t<div class=\"elementor-widget-container\">\n\t\t\t\t\t<div class=\"elementor-text-editor elementor-clearfix\"><\/div>\n\t\t\t\t<\/div>\n\t\t\t\t<\/div>\n\t\t\t\t\t\t<\/div>\n\t\t\t\t\t<\/div>\n\t\t<\/div>\n\t\t\t\t\t\t\t\t<\/div>\n\t\t\t\t\t<\/div>\n\t\t<\/section>\n\t\t\t\t<section class=\"elementor-section elementor-top-section elementor-element elementor-element-3a48619 elementor-section-boxed elementor-section-height-default elementor-section-height-default\" data-id=\"3a48619\" data-element_type=\"section\">\n\t\t\t\t\t\t<div class=\"elementor-container elementor-column-gap-default\">\n\t\t\t\t\t\t\t<div class=\"elementor-row\">\n\t\t\t\t\t<div class=\"elementor-column elementor-col-100 elementor-top-column elementor-element elementor-element-f8ad5b9\" data-id=\"f8ad5b9\" data-element_type=\"column\">\n\t\t\t<div class=\"elementor-column-wrap elementor-element-populated\">\n\t\t\t\t\t\t\t<div class=\"elementor-widget-wrap\">\n\t\t\t\t\t\t<div class=\"elementor-element elementor-element-1398269 elementor-widget elementor-widget-text-editor\" data-id=\"1398269\" data-element_type=\"widget\" data-widget_type=\"text-editor.default\">\n\t\t\t\t<div class=\"elementor-widget-container\">\n\t\t\t\t\t<div class=\"elementor-text-editor elementor-clearfix\"><p><img loading=\"lazy\" class=\"alignleft size-medium wp-image-148\" src=\"https:\/\/tiszadadakemping.hu\/wp-content\/uploads\/2020\/12\/image039-300x199.jpg\" alt=\"\" width=\"300\" height=\"199\" srcset=\"https:\/\/tiszadadakemping.hu\/wp-content\/uploads\/2020\/12\/image039-300x199.jpg 300w, https:\/\/tiszadadakemping.hu\/wp-content\/uploads\/2020\/12\/image039-500x330.jpg 500w, https:\/\/tiszadadakemping.hu\/wp-content\/uploads\/2020\/12\/image039.jpg 568w\" sizes=\"(max-width: 300px) 100vw, 300px\" \/>A kemping s\u00e1tort\u00e1bora kiv\u00e1l\u00f3an alkalmas ak\u00e1r eg\u00e9sz hetes, tematikus ny\u00e1ri t\u00e1borok megrendez\u00e9s\u00e9re is.<\/p><p><strong><em>V\u00edzi t\u00e1bor, kir\u00e1ndul\u00f3 t\u00e1bor, ker\u00e9kp\u00e1ros t\u00e1bor, mad\u00e1rv\u00e9delmi t\u00e1bor, term\u00e9szetv\u00e9delmi t\u00e1bor, joga t\u00e1bor, tai-chi \u00e9s harcm\u0171v\u00e9szeti t\u00e1borok, \u00f6nismereti \u00e9s csapat\u00e9p\u00edt\u0151 t\u00e1borok, cserk\u00e9sz t\u00e1bor, outdoor \u00e9lm\u00e9ny t\u00e1bor<\/em><\/strong> \u2013 csak n\u00e9h\u00e1ny \u00f6tlet a remek lehet\u0151s\u00e9gek k\u00f6z\u00fcl.<\/p><\/div>\n\t\t\t\t<\/div>\n\t\t\t\t<\/div>\n\t\t\t\t\t\t<\/div>\n\t\t\t\t\t<\/div>\n\t\t<\/div>\n\t\t\t\t\t\t\t\t<\/div>\n\t\t\t\t\t<\/div>\n\t\t<\/section>\n\t\t\t\t<section class=\"elementor-section elementor-top-section elementor-element elementor-element-f79d1b6 elementor-section-boxed elementor-section-height-default elementor-section-height-default\" data-id=\"f79d1b6\" data-element_type=\"section\">\n\t\t\t\t\t\t<div class=\"elementor-container elementor-column-gap-default\">\n\t\t\t\t\t\t\t<div class=\"elementor-row\">\n\t\t\t\t\t<div class=\"elementor-column elementor-col-100 elementor-top-column elementor-element elementor-element-cd46605\" data-id=\"cd46605\" data-element_type=\"column\">\n\t\t\t<div class=\"elementor-column-wrap elementor-element-populated\">\n\t\t\t\t\t\t\t<div class=\"elementor-widget-wrap\">\n\t\t\t\t\t\t<div class=\"elementor-element elementor-element-3f5afe0 elementor-widget elementor-widget-text-editor\" data-id=\"3f5afe0\" data-element_type=\"widget\" data-widget_type=\"text-editor.default\">\n\t\t\t\t<div class=\"elementor-widget-container\">\n\t\t\t\t\t<div class=\"elementor-text-editor elementor-clearfix\"><p><img loading=\"lazy\" class=\"alignleft size-medium wp-image-161\" src=\"https:\/\/tiszadadakemping.hu\/wp-content\/uploads\/2020\/12\/image040-300x225.jpg\" alt=\"\" width=\"300\" height=\"225\" srcset=\"https:\/\/tiszadadakemping.hu\/wp-content\/uploads\/2020\/12\/image040-300x225.jpg 300w, https:\/\/tiszadadakemping.hu\/wp-content\/uploads\/2020\/12\/image040.jpg 516w\" sizes=\"(max-width: 300px) 100vw, 300px\" \/>Kemping\u00fcnk a Bizek Emi Alap\u00edtv\u00e1nnyal k\u00f6z\u00f6sen <strong><em>gyermek term\u00e9szetfot\u00f3s t\u00e1borok<\/em><\/strong> szervez\u00e9s\u00e9t is tervezi.<\/p><p>Az aktu\u00e1lis t\u00e1bori terveinket a <a href=\"https:\/\/tiszadadakemping.hu\/index.php\/category\/hirek\/\"><u>H\u00edrek<\/u><\/a> men\u00fcpontban \u00e9s az <a href=\"https:\/\/www.facebook.com\/Dadakemping\/\" target=\"_blank\" rel=\"noopener\"><u>\u00d6ko Kemping &amp; Glamping Tiszadada Facebook oldal\u00e1n<\/u><\/a> tessz\u00fck k\u00f6zz\u00e9.<\/p><\/div>\n\t\t\t\t<\/div>\n\t\t\t\t<\/div>\n\t\t\t\t\t\t<\/div>\n\t\t\t\t\t<\/div>\n\t\t<\/div>\n\t\t\t\t\t\t\t\t<\/div>\n\t\t\t\t\t<\/div>\n\t\t<\/section>\n\t\t\t\t<section class=\"elementor-section elementor-top-section elementor-element elementor-element-ccdf959 elementor-section-boxed elementor-section-height-default elementor-section-height-default\" data-id=\"ccdf959\" data-element_type=\"section\">\n\t\t\t\t\t\t<div class=\"elementor-container elementor-column-gap-default\">\n\t\t\t\t\t\t\t<div class=\"elementor-row\">\n\t\t\t\t\t<div class=\"elementor-column elementor-col-25 elementor-top-column elementor-element elementor-element-5a7232d\" data-id=\"5a7232d\" data-element_type=\"column\">\n\t\t\t<div class=\"elementor-column-wrap elementor-element-populated\">\n\t\t\t\t\t\t\t<div class=\"elementor-widget-wrap\">\n\t\t\t\t\t\t<div class=\"elementor-element elementor-element-6a7fcdc elementor-widget elementor-widget-image\" data-id=\"6a7fcdc\" data-element_type=\"widget\" data-widget_type=\"image.default\">\n\t\t\t\t<div class=\"elementor-widget-container\">\n\t\t\t\t\t<div class=\"elementor-image\">\n\t\t\t\t\t\t\t\t\t\t<img width=\"960\" height=\"640\" src=\"https:\/\/tiszadadakemping.hu\/wp-content\/uploads\/2022\/03\/Konyha_Miklos_kepe-1024x683.jpg\" class=\"attachment-large size-large\" alt=\"\" loading=\"lazy\" srcset=\"https:\/\/tiszadadakemping.hu\/wp-content\/uploads\/2022\/03\/Konyha_Miklos_kepe-1024x683.jpg 1024w, https:\/\/tiszadadakemping.hu\/wp-content\/uploads\/2022\/03\/Konyha_Miklos_kepe-300x200.jpg 300w, https:\/\/tiszadadakemping.hu\/wp-content\/uploads\/2022\/03\/Konyha_Miklos_kepe-768x512.jpg 768w, https:\/\/tiszadadakemping.hu\/wp-content\/uploads\/2022\/03\/Konyha_Miklos_kepe-1536x1024.jpg 1536w, https:\/\/tiszadadakemping.hu\/wp-content\/uploads\/2022\/03\/Konyha_Miklos_kepe-1140x760.jpg 1140w, https:\/\/tiszadadakemping.hu\/wp-content\/uploads\/2022\/03\/Konyha_Miklos_kepe.jpg 1920w\" sizes=\"(max-width: 960px) 100vw, 960px\" \/>\t\t\t\t\t\t\t\t\t\t\t<\/div>\n\t\t\t\t<\/div>\n\t\t\t\t<\/div>\n\t\t\t\t\t\t<\/div>\n\t\t\t\t\t<\/div>\n\t\t<\/div>\n\t\t\t\t<div class=\"elementor-column elementor-col-25 elementor-top-column elementor-element elementor-element-f3b3f6c\" data-id=\"f3b3f6c\" data-element_type=\"column\">\n\t\t\t<div class=\"elementor-column-wrap elementor-element-populated\">\n\t\t\t\t\t\t\t<div class=\"elementor-widget-wrap\">\n\t\t\t\t\t\t<div class=\"elementor-element elementor-element-9df938f elementor-widget elementor-widget-image\" data-id=\"9df938f\" data-element_type=\"widget\" data-widget_type=\"image.default\">\n\t\t\t\t<div class=\"elementor-widget-container\">\n\t\t\t\t\t<div class=\"elementor-image\">\n\t\t\t\t\t\t\t\t\t\t<img width=\"873\" height=\"1024\" src=\"https:\/\/tiszadadakemping.hu\/wp-content\/uploads\/2022\/03\/Vadles-1-873x1024.jpg\" class=\"attachment-large size-large\" alt=\"\" loading=\"lazy\" srcset=\"https:\/\/tiszadadakemping.hu\/wp-content\/uploads\/2022\/03\/Vadles-1-873x1024.jpg 873w, https:\/\/tiszadadakemping.hu\/wp-content\/uploads\/2022\/03\/Vadles-1-256x300.jpg 256w, https:\/\/tiszadadakemping.hu\/wp-content\/uploads\/2022\/03\/Vadles-1-768x900.jpg 768w, https:\/\/tiszadadakemping.hu\/wp-content\/uploads\/2022\/03\/Vadles-1-1310x1536.jpg 1310w, https:\/\/tiszadadakemping.hu\/wp-content\/uploads\/2022\/03\/Vadles-1-1140x1337.jpg 1140w, https:\/\/tiszadadakemping.hu\/wp-content\/uploads\/2022\/03\/Vadles-1-rotated.jpg 1496w\" sizes=\"(max-width: 873px) 100vw, 873px\" \/>\t\t\t\t\t\t\t\t\t\t\t<\/div>\n\t\t\t\t<\/div>\n\t\t\t\t<\/div>\n\t\t\t\t\t\t<\/div>\n\t\t\t\t\t<\/div>\n\t\t<\/div>\n\t\t\t\t<div class=\"elementor-column elementor-col-50 elementor-top-column elementor-element elementor-element-792dd7a\" data-id=\"792dd7a\" data-element_type=\"column\">\n\t\t\t<div class=\"elementor-column-wrap elementor-element-populated\">\n\t\t\t\t\t\t\t<div class=\"elementor-widget-wrap\">\n\t\t\t\t\t\t<div class=\"elementor-element elementor-element-d999315 elementor-widget elementor-widget-text-editor\" data-id=\"d999315\" data-element_type=\"widget\" data-widget_type=\"text-editor.default\">\n\t\t\t\t<div class=\"elementor-widget-container\">\n\t\t\t\t\t<div class=\"elementor-text-editor elementor-clearfix\"><p><span style=\"text-align: justify; letter-spacing: 0px;\">Els\u0151sorban a k\u00f6rnyezeti nevel\u00e9s, oktat\u00e1s \u00e9s a gyerekt\u00e1borok c\u00e9lj\u00e1ra vizimad\u00e1r lest \u00e9s vadlest is \u00e9p\u00edtett\u00fcnk a k\u00f6zelben. A d<\/span><span style=\"text-align: justify; letter-spacing: 0px;\">etekt\u00edv \u00fcveges v\u00edzimad\u00e1r term\u00e9szetfot\u00f3s lest a Hortob\u00e1gyi Nemzeti Parkkal egy\u00fcttm\u0171k\u00f6dve\u00a0<\/span><span style=\"text-align: justify; letter-spacing: 0px;\">\u00e9p\u00edtett\u00fcnk<\/span><span style=\"text-align: justify; letter-spacing: 0px;\">\u00a0<\/span><span style=\"letter-spacing: 0px; text-align: justify;\">a Tiszadobi \u00c1rt\u00e9r Term\u00e9szetv\u00e9delmi Ter\u00fcletre. A vadles egy meglev\u0151 vad\u00e1szles k\u00f6rbe\u00e9p\u00edt\u00e9s\u00e9vel k\u00e9sz\u00fclt \u00e9s egy gy\u00f6ny\u00f6r\u0171, fokozottan v\u00e9dett \u00e9rt\u00e9k\u0171 szikes r\u00e9tre n\u00e9z, ahol\u00a0<\/span><span style=\"text-align: justify; letter-spacing: 0px;\">\u0151zekkel \u00e9s\u00a0<\/span><span style=\"letter-spacing: 0px; text-align: justify;\">szarvasokkal, vaddiszn\u00f3kkal, nyesttel, vagy ak\u00e1r vadmacsk\u00e1val is tal\u00e1lkozhatunk. A k\u00f6rny\u00e9k mad\u00e1rvil\u00e1ga is kiemelked\u0151.<\/span><\/p><\/div>\n\t\t\t\t<\/div>\n\t\t\t\t<\/div>\n\t\t\t\t\t\t<\/div>\n\t\t\t\t\t<\/div>\n\t\t<\/div>\n\t\t\t\t\t\t\t\t<\/div>\n\t\t\t\t\t<\/div>\n\t\t<\/section>\n\t\t\t\t\t\t<\/div>\n\t\t\t\t\t\t<\/div>\n\t\t\t\t\t<\/div>\n\t\t","protected":false},"excerpt":{"rendered":"<p>Az \u00d6ko Kemping &amp; Glamping Tiszadada kit\u0171n\u0151 helysz\u00edn oszt\u00e1lykir\u00e1ndul\u00e1sok \u00e9s t\u00e1borok szervez\u00e9s\u00e9re. A t\u00e1borlak\u00f3k hat\u00e1gyas, t\u00e1bori \u00e1gyakkal felszerelt, t\u00e1gas s\u00e1trakban kapnak helyet, a k\u00eds\u00e9r\u0151k 2-4 \u00e1gyas s\u00e1torban lakhatnak. A s\u00e1trakat a kemping szabad ter\u00fclet\u00e9n, t\u00e1borhely-szer\u0171en \u00e1ll\u00edtjuk fel. \u00cdgy \u00f6sszesen 25-30 gyermek \u00e9s 2-4 feln\u0151tt elhelyez\u00e9s\u00e9re van lehet\u0151s\u00e9g\u00fcnk. Az \u00e9rdekl\u0151d\u0151 oszt\u00e1lyokat igen kedvez\u0151 \u00e1rakkal seg\u00edtj\u00fck, hogy term\u00e9szetk\u00f6zeli sz\u00e1ll\u00e1shelyen, min\u00e9l sz\u00ednesebben t\u00f6lthess\u00e9k el szabadidej\u00fcket. 10 f\u0151 felett egy, 20 f\u0151 felett k\u00e9t k\u00eds\u00e9r\u0151 sz\u00e1ll\u00e1s\u00e1t d\u00edjmentesen biztos\u00edtjuk. Az aktu\u00e1lis \u00e1rak\u00e9rt k\u00e9rj\u00fck, hogy k\u00e9rjen aj\u00e1nlatot a Kapcsolat men\u00fcpontban! A k\u00f6rny\u00e9k hetekre el\u00e9g programot, kir\u00e1ndul\u00e1si lehet\u0151s\u00e9get k\u00edn\u00e1l, amelyekb\u0151l \u00edzel\u00edt\u0151t tal\u00e1l a K\u00f6rny\u00e9k\/Kir\u00e1ndul\u00e1s, gasztron\u00f3mia men\u00fcpontban. N\u00e9h\u00e1ny \u00f6tlet oszt\u00e1lykir\u00e1ndul\u00e1sokhoz, tematikus t\u00e1borokhoz: Harm\u00f3ni\u00e1ban a term\u00e9szettel t\u00e1bor, vagy \u00d6ko-t\u00e1bor, vagy Fenntarthat\u00f3 energiatermel\u00e9s t\u00e1bor,\u00a0esetleg Fenntarthat\u00f3s\u00e1g, k\u00f6rnyezetv\u00e9delem t\u00e1bor: A kemping\u00fck m\u00e1r eleve \u00f6ko-kemping, teh\u00e1t a t\u00e9ma feldolgoz\u00e1sa m\u00e1r itt is l\u00e1that\u00f3. Nulla energiam\u00e9rleg, meg\u00fajul\u00f3 termel\u00e9s, szelekt\u00edv hullad\u00e9kgazd\u00e1lkod\u00e1s, sz\u00fcrkev\u00edz \u00fajrahasznos\u00edt\u00e1s. R\u00e9szletek az \u00d6ko-kemping men\u00fcpontban.\u00a0 A kemping a Tisza partj\u00e1n, a Tiszadobi \u00c1rt\u00e9r Term\u00e9szetv\u00e9delmi Ter\u00fclet bej\u00e1rat\u00e1ban tal\u00e1lhat\u00f3.\u00a0A kemping k\u00f6zel\u00e9ben (ker\u00e9kp\u00e1rral vagy gyalog) tal\u00e1lhat\u00f3 saj\u00e1t term\u00e9szetfot\u00f3s vizimad\u00e1r leshely\u00fcnk \u00e9s egy nagyvad les is. Ide kisebb csoportokban \u00e9rdemes kil\u00e1togatni kora reggel vagy napnyugtakor.\u00a0 Tiszal\u00f6ki V\u00edzer\u0151m\u0171 megl\u00e1togat\u00e1sa, energiatermel\u00e9s a v\u00edz erej\u00e9vel (el\u0151zetes egyeztet\u00e9shez k\u00f6t\u00f6tt). Kis-Tisza \u00d6kocentrum Tan\u00f6sv\u00e9ny megl\u00e1togat\u00e1sa Fenti k\u00e9t tiszal\u00f6ki helysz\u00edn b\u00e1rmelyike \u00f6sszek\u00f6thet\u0151 a Tiszal\u00f6ki Feketeszak\u00e1ll \u00c9lm\u00e9nypark \u00e9s Strand megl\u00e1togat\u00e1s\u00e1val, ami remek sz\u00f3rakoz\u00e1s ak\u00e1r eg\u00e9sz napra is. Ig\u00e9ny eset\u00e9n, a\u00a0Bizek Emi Alap\u00edtv\u00e1nnyal\u00a0egy\u00fcttm\u0171k\u00f6dve d\u00edjmentesen biztos\u00edtunk gyakorlott el\u0151ad\u00f3t, aki a kempingben a fenntarthat\u00f3 energiatermel\u00e9sr\u0151l \u00e9s\/vagy a fenntarthat\u00f3 hullad\u00e9kgazd\u00e1lkod\u00e1sr\u00f3l mes\u00e9l a gyerekeknek. Ker\u00e9kp\u00e1ros t\u00e1bor: Kemping\u00fcnk ker\u00edt\u00e9se mellett halad az Eurovelo 11 ker\u00e9kp\u00e1r\u00fat. Evez\u0151s t\u00e1bor: Kemping\u00fcnk a Tisza partj\u00e1n tal\u00e1lhat\u00f3 \u00e9s saj\u00e1t kik\u00f6t\u0151vel b\u00fcszk\u00e9lkedhet\u00fcnk. A k\u00f6zeli (kb. 600m) strandon ak\u00e1r 10-15 kajak vagy kenu biztons\u00e1gos kik\u00f6t\u00e9s\u00e9re is van lehet\u0151s\u00e9g. Lehet\u0151s\u00e9g van kenu b\u00e9rl\u00e9s\u00e9re ak\u00e1r nagyobb csoportok sz\u00e1m\u00e1ra is. Kir\u00e1ndul\u00f3 t\u00e1bor: A kempingb\u0151l k\u00f6nnyen megk\u00f6zel\u00edthet\u0151 (gyalog, ker\u00e9kp\u00e1rral vagy g\u00e9pj\u00e1rm\u0171vel) a Tiszadobi Andr\u00e1ssy Kast\u00e9ly, ami Magyarorsz\u00e1g egyetlen olyan kast\u00e9lya, amelyik a francia\u00a0Loire\u00a0foly\u00f3 ment\u00e9n\u00a0\u00e9p\u00fclt k\u00f6z\u00e9pkori lovagi v\u00e1rkast\u00e9lyok\u00a0mint\u00e1j\u00e1ra k\u00e9sz\u00fclt el. Gyalogt\u00fara tehet\u0151 a szomsz\u00e9dos Tiszadobi \u00c1rt\u00e9r Term\u00e9szetv\u00e9delmi Ter\u00fcletre. Tov\u00e1bbi kir\u00e1ndul\u00f3 c\u00e9lpontok olvashat\u00f3k a\u00a0K\u00f6rny\u00e9k\/Kir\u00e1ndul\u00e1s, gasztron\u00f3mia\u00a0men\u00fcpontban. A kemping s\u00e1tort\u00e1bora kiv\u00e1l\u00f3an alkalmas ak\u00e1r eg\u00e9sz hetes, tematikus ny\u00e1ri t\u00e1borok megrendez\u00e9s\u00e9re is. V\u00edzi t\u00e1bor, kir\u00e1ndul\u00f3 t\u00e1bor, ker\u00e9kp\u00e1ros t\u00e1bor, mad\u00e1rv\u00e9delmi t\u00e1bor, term\u00e9szetv\u00e9delmi t\u00e1bor, joga t\u00e1bor, tai-chi \u00e9s harcm\u0171v\u00e9szeti t\u00e1borok, \u00f6nismereti \u00e9s csapat\u00e9p\u00edt\u0151 t\u00e1borok, cserk\u00e9sz t\u00e1bor, outdoor \u00e9lm\u00e9ny t\u00e1bor \u2013 csak n\u00e9h\u00e1ny \u00f6tlet a remek lehet\u0151s\u00e9gek k\u00f6z\u00fcl. Kemping\u00fcnk a Bizek Emi Alap\u00edtv\u00e1nnyal k\u00f6z\u00f6sen gyermek term\u00e9szetfot\u00f3s t\u00e1borok szervez\u00e9s\u00e9t is tervezi. Az aktu\u00e1lis t\u00e1bori terveinket a H\u00edrek men\u00fcpontban \u00e9s az \u00d6ko Kemping &amp; Glamping Tiszadada Facebook oldal\u00e1n tessz\u00fck k\u00f6zz\u00e9. Els\u0151sorban a k\u00f6rnyezeti nevel\u00e9s, oktat\u00e1s \u00e9s a gyerekt\u00e1borok c\u00e9lj\u00e1ra vizimad\u00e1r lest \u00e9s vadlest is \u00e9p\u00edtett\u00fcnk a k\u00f6zelben. A detekt\u00edv \u00fcveges v\u00edzimad\u00e1r term\u00e9szetfot\u00f3s lest a Hortob\u00e1gyi Nemzeti Parkkal egy\u00fcttm\u0171k\u00f6dve\u00a0\u00e9p\u00edtett\u00fcnk\u00a0a Tiszadobi \u00c1rt\u00e9r Term\u00e9szetv\u00e9delmi Ter\u00fcletre. A vadles egy meglev\u0151 vad\u00e1szles k\u00f6rbe\u00e9p\u00edt\u00e9s\u00e9vel k\u00e9sz\u00fclt \u00e9s egy gy\u00f6ny\u00f6r\u0171, fokozottan v\u00e9dett \u00e9rt\u00e9k\u0171 szikes r\u00e9tre n\u00e9z, ahol\u00a0\u0151zekkel \u00e9s\u00a0szarvasokkal, vaddiszn\u00f3kkal, nyesttel, vagy ak\u00e1r vadmacsk\u00e1val is tal\u00e1lkozhatunk. A k\u00f6rny\u00e9k mad\u00e1rvil\u00e1ga is kiemelked\u0151.<\/p>\n","protected":false},"author":1,"featured_media":0,"parent":62,"menu_order":6,"comment_status":"closed","ping_status":"closed","template":"","meta":[],"_links":{"self":[{"href":"https:\/\/tiszadadakemping.hu\/index.php\/wp-json\/wp\/v2\/pages\/20"}],"collection":[{"href":"https:\/\/tiszadadakemping.hu\/index.php\/wp-json\/wp\/v2\/pages"}],"about":[{"href":"https:\/\/tiszadadakemping.hu\/index.php\/wp-json\/wp\/v2\/types\/page"}],"author":[{"embeddable":true,"href":"https:\/\/tiszadadakemping.hu\/index.php\/wp-json\/wp\/v2\/users\/1"}],"replies":[{"embeddable":true,"href":"https:\/\/tiszadadakemping.hu\/index.php\/wp-json\/wp\/v2\/comments?post=20"}],"version-history":[{"count":92,"href":"https:\/\/tiszadadakemping.hu\/index.php\/wp-json\/wp\/v2\/pages\/20\/revisions"}],"predecessor-version":[{"id":5928,"href":"https:\/\/tiszadadakemping.hu\/index.php\/wp-json\/wp\/v2\/pages\/20\/revisions\/5928"}],"up":[{"embeddable":true,"href":"https:\/\/tiszadadakemping.hu\/index.php\/wp-json\/wp\/v2\/pages\/62"}],"wp:attachment":[{"href":"https:\/\/tiszadadakemping.hu\/index.php\/wp-json\/wp\/v2\/media?parent=20"}],"curies":[{"name":"wp","href":"https:\/\/api.w.org\/{rel}","templated":true}]}}