{"id":24,"date":"2020-11-29T23:01:26","date_gmt":"2020-11-29T23:01:26","guid":{"rendered":"https:\/\/tiszadadakemping.hu\/?page_id=24"},"modified":"2025-05-08T07:18:25","modified_gmt":"2025-05-08T07:18:25","slug":"oko-kemping","status":"publish","type":"page","link":"https:\/\/tiszadadakemping.hu\/index.php\/oko-kemping\/","title":{"rendered":"\u00d6ko-kemping"},"content":{"rendered":"\t\t<div data-elementor-type=\"wp-page\" data-elementor-id=\"24\" class=\"elementor elementor-24\" data-elementor-settings=\"[]\">\n\t\t\t\t\t\t<div class=\"elementor-inner\">\n\t\t\t\t\t\t\t<div class=\"elementor-section-wrap\">\n\t\t\t\t\t\t\t<section class=\"elementor-section elementor-top-section elementor-element elementor-element-536e621b elementor-section-boxed elementor-section-height-default elementor-section-height-default\" data-id=\"536e621b\" data-element_type=\"section\">\n\t\t\t\t\t\t<div class=\"elementor-container elementor-column-gap-default\">\n\t\t\t\t\t\t\t<div class=\"elementor-row\">\n\t\t\t\t\t<div class=\"elementor-column elementor-col-100 elementor-top-column elementor-element elementor-element-3d148b5c\" data-id=\"3d148b5c\" data-element_type=\"column\">\n\t\t\t<div class=\"elementor-column-wrap elementor-element-populated\">\n\t\t\t\t\t\t\t<div class=\"elementor-widget-wrap\">\n\t\t\t\t\t\t<div class=\"elementor-element elementor-element-caff7ac elementor-widget elementor-widget-text-editor\" data-id=\"caff7ac\" data-element_type=\"widget\" data-widget_type=\"text-editor.default\">\n\t\t\t\t<div class=\"elementor-widget-container\">\n\t\t\t\t\t<div class=\"elementor-text-editor elementor-clearfix\"><p><img loading=\"lazy\" class=\"alignleft\" src=\"https:\/\/tiszadadakemping.hu\/wp-content\/uploads\/2021\/09\/napelemek-300x219.jpg\" alt=\"\" width=\"300\" height=\"219\" \/><\/p><p style=\"letter-spacing: normal;\"><em>Nulla energiam\u00e9rleg<\/em><\/p><p style=\"letter-spacing: normal;\">Kemping\u00fcnk nulla energiam\u00e9rleg\u0171, azaz csak annyi energi\u00e1t haszn\u00e1lunk az \u00e1lland\u00f3 fogyaszt\u00f3inkra, amennyit meg is termel\u00fcnk. A meleg vizet \u00e9s az \u00e1ramot is napenergi\u00e1val \u00e1ll\u00edtjuk el\u0151.\u00a0<em>Ez kism\u00e9rt\u00e9k\u0171 \u00e1ldozatot is k\u00edv\u00e1n vend\u00e9geinkt\u0151l: a melegv\u00edz mennyis\u00e9ge \u2013 f\u0151k\u00e9nt bor\u00fas napokon \u2013 korl\u00e1tozott. Javasoljuk, hogy nagy f\u00fcrd\u0151z\u00e9sre a nap folyam\u00e1n elosztva haszn\u00e1ljuk a zuhanyz\u00f3kat, \u00edgy elker\u00fclhet\u0151 a melegv\u00edz kifogy\u00e1sa.<\/em><em>\u00a0\u00a0<\/em><\/p><p style=\"letter-spacing: normal;\"><a href=\"https:\/\/www.solarweb.com\/Home\/GuestLogOn?pvSystemId=4bc2d1bf-1aed-4e50-8b95-3933be62d985\" target=\"_blank\" rel=\"noopener\"><em><span style=\"text-decoration: underline;\">Tiszadada Kemping &amp; Glamping napelemek \u00c9L\u0150 adatok<\/span><\/em><\/a><em><a href=\"https:\/\/www.solarweb.com\/Home\/GuestLogOn?pvSystemId=4bc2d1bf-1aed-4e50-8b95-3933be62d985\" target=\"_blank\" rel=\"noopener\"><img loading=\"lazy\" class=\"alignleft\" src=\"https:\/\/tiszadadakemping.hu\/wp-content\/uploads\/2021\/10\/fronius-150x150.png\" alt=\"\" width=\"82\" height=\"82\" \/><\/a><\/em><\/p><\/div>\n\t\t\t\t<\/div>\n\t\t\t\t<\/div>\n\t\t\t\t<div class=\"elementor-element elementor-element-f08cbce elementor-widget elementor-widget-text-editor\" data-id=\"f08cbce\" data-element_type=\"widget\" data-widget_type=\"text-editor.default\">\n\t\t\t\t<div class=\"elementor-widget-container\">\n\t\t\t\t\t<div class=\"elementor-text-editor elementor-clearfix\"><p><img loading=\"lazy\" class=\"alignleft\" src=\"https:\/\/tiszadadakemping.hu\/wp-content\/uploads\/2023\/05\/bufe1-300x178.jpg\" alt=\"\" width=\"300\" height=\"178\" \/><\/p><p><span style=\"text-align: justify; letter-spacing: 0px;\"><i>\u00d6ko B\u00fcf\u00e9 (f\u0151szezonban)<\/i><\/span><\/p><p><span style=\"text-align: justify; letter-spacing: 0px;\">Term\u00e9szetesen a b\u00fcf\u00e9ben is sz\u00edv\u00fcgy\u00fcnk a fenntarthat\u00f3s\u00e1g \u00e9s a k\u00f6rnyezettudatoss\u00e1g. Nem haszn\u00e1lunk sem pap\u00edr sem m\u0171anyag t\u00e1ny\u00e9rokat \u00e9s ev\u0151eszk\u00f6z\u00f6ket. <\/span><span style=\"text-align: justify; letter-spacing: 0px;\">A b\u00fcf\u00e9 nyitva tart\u00e1sa f\u0151szezonban (06.15-08.31) minden nap 08:00-11:00 \u00e9s 16:00-22:00.<\/span><\/p><\/div>\n\t\t\t\t<\/div>\n\t\t\t\t<\/div>\n\t\t\t\t<div class=\"elementor-element elementor-element-883229f elementor-widget elementor-widget-text-editor\" data-id=\"883229f\" data-element_type=\"widget\" data-widget_type=\"text-editor.default\">\n\t\t\t\t<div class=\"elementor-widget-container\">\n\t\t\t\t\t<div class=\"elementor-text-editor elementor-clearfix\"><p><img loading=\"lazy\" width=\"300\" height=\"201\" class=\"wp-image-221 alignleft\" src=\"https:\/\/tiszadadakemping.hu\/wp-content\/uploads\/2020\/12\/image003-300x201.jpg\" alt=\"\" srcset=\"https:\/\/tiszadadakemping.hu\/wp-content\/uploads\/2020\/12\/image003-300x201.jpg 300w, https:\/\/tiszadadakemping.hu\/wp-content\/uploads\/2020\/12\/image003.jpg 438w\" sizes=\"(max-width: 300px) 100vw, 300px\" \/><\/p><p style=\"letter-spacing: normal;\"><em>Hullad\u00e9kkezel\u00e9s \u00e9s \u00fajrahasznos\u00edt\u00e1s<\/em><\/p><p style=\"letter-spacing: normal;\">A hullad\u00e9kot szelekt\u00edven gy\u0171jtj\u00fck. \u00dajrahasznos\u00edtott pap\u00edrra nyomtatunk.<\/p><\/div>\n\t\t\t\t<\/div>\n\t\t\t\t<\/div>\n\t\t\t\t<div class=\"elementor-element elementor-element-f7a4c3e elementor-widget elementor-widget-text-editor\" data-id=\"f7a4c3e\" data-element_type=\"widget\" data-widget_type=\"text-editor.default\">\n\t\t\t\t<div class=\"elementor-widget-container\">\n\t\t\t\t\t<div class=\"elementor-text-editor elementor-clearfix\"><p><img loading=\"lazy\" class=\"wp-image-1207 size-medium alignleft\" src=\"https:\/\/tiszadadakemping.hu\/wp-content\/uploads\/2020\/12\/Gaurav-Kumara-kepe-a-Pixbayen_vagott-300x117.jpg\" alt=\"\" width=\"300\" height=\"117\" srcset=\"https:\/\/tiszadadakemping.hu\/wp-content\/uploads\/2020\/12\/Gaurav-Kumara-kepe-a-Pixbayen_vagott-300x117.jpg 300w, https:\/\/tiszadadakemping.hu\/wp-content\/uploads\/2020\/12\/Gaurav-Kumara-kepe-a-Pixbayen_vagott-1024x398.jpg 1024w, https:\/\/tiszadadakemping.hu\/wp-content\/uploads\/2020\/12\/Gaurav-Kumara-kepe-a-Pixbayen_vagott-768x299.jpg 768w, https:\/\/tiszadadakemping.hu\/wp-content\/uploads\/2020\/12\/Gaurav-Kumara-kepe-a-Pixbayen_vagott-600x233.jpg 600w, https:\/\/tiszadadakemping.hu\/wp-content\/uploads\/2020\/12\/Gaurav-Kumara-kepe-a-Pixbayen_vagott-1536x598.jpg 1536w, https:\/\/tiszadadakemping.hu\/wp-content\/uploads\/2020\/12\/Gaurav-Kumara-kepe-a-Pixbayen_vagott-1140x444.jpg 1140w, https:\/\/tiszadadakemping.hu\/wp-content\/uploads\/2020\/12\/Gaurav-Kumara-kepe-a-Pixbayen_vagott.jpg 1920w\" sizes=\"(max-width: 300px) 100vw, 300px\" \/><\/p><p style=\"letter-spacing: normal;\"><em>V\u00edz takar\u00e9koss\u00e1g<\/em><\/p><p style=\"letter-spacing: normal;\">Amennyire lehet, takar\u00e9koskodunk a v\u00edzzel. A mosd\u00f3k sz\u00fcrkeviz\u00e9t \u00e9s a csapad\u00e9kot \u00fajrahasznos\u00edtjuk a WC-k tart\u00e1ly\u00e1ban \u00e9s az \u00f6nt\u00f6z\u0151rendszerrel. A zuhanyz\u00f3k id\u0151z\u00edt\u0151s nyom\u00f3gombbal m\u0171k\u00f6dnek.<\/p><\/div>\n\t\t\t\t<\/div>\n\t\t\t\t<\/div>\n\t\t\t\t<div class=\"elementor-element elementor-element-0fcb9b2 elementor-widget elementor-widget-text-editor\" data-id=\"0fcb9b2\" data-element_type=\"widget\" data-widget_type=\"text-editor.default\">\n\t\t\t\t<div class=\"elementor-widget-container\">\n\t\t\t\t\t<div class=\"elementor-text-editor elementor-clearfix\"><p><img class=\"alignleft\" src=\"https:\/\/tiszadadakemping.hu\/wp-content\/uploads\/2020\/12\/image006.png\" alt=\"\" \/><\/p>\n<p style=\"letter-spacing: normal;\"><em>Vegyszerek<\/em><\/p>\n<p style=\"letter-spacing: normal;\">Vend\u00e9geinknek organikus, 100%-ban leboml\u00f3, hazai Cleaneco tiszt\u00e1lkod\u00f3 szereket aj\u00e1nlunk. A kertben csak k\u00f6rnyezetbar\u00e1t vegyszereket haszn\u00e1lunk, a n\u00f6v\u00e9nyeket nem permetezz\u00fck. A tavunk viz\u00e9t mechanikai sz\u0171r\u0151kkel \u00e9s n\u00f6v\u00e9nyekkel, a biol\u00f3giai egyens\u00faly fenntart\u00e1s\u00e1val tartjuk tiszt\u00e1n.<\/p><\/div>\n\t\t\t\t<\/div>\n\t\t\t\t<\/div>\n\t\t\t\t<div class=\"elementor-element elementor-element-c1e06f7 elementor-widget elementor-widget-text-editor\" data-id=\"c1e06f7\" data-element_type=\"widget\" data-widget_type=\"text-editor.default\">\n\t\t\t\t<div class=\"elementor-widget-container\">\n\t\t\t\t\t<div class=\"elementor-text-editor elementor-clearfix\"><p><img loading=\"lazy\" class=\"size-medium wp-image-1676 alignleft\" src=\"https:\/\/tiszadadakemping.hu\/wp-content\/uploads\/2021\/01\/madbaratkert_tabla_sz-300x167.jpg\" alt=\"\" width=\"300\" height=\"167\" srcset=\"https:\/\/tiszadadakemping.hu\/wp-content\/uploads\/2021\/01\/madbaratkert_tabla_sz-300x167.jpg 300w, https:\/\/tiszadadakemping.hu\/wp-content\/uploads\/2021\/01\/madbaratkert_tabla_sz.jpg 753w\" sizes=\"(max-width: 300px) 100vw, 300px\" \/><\/p>\n<p style=\"letter-spacing: normal;\"><em>\u00a0<\/em><\/p>\n<p style=\"letter-spacing: normal;\"><em>Mad\u00e1rbar\u00e1t kemping vagyunk<\/em><\/p>\n<p style=\"letter-spacing: normal;\">A Magyar Mad\u00e1rtani \u00e9s Term\u00e9szetv\u00e9delmi Egyes\u00fclet \u00fatmutat\u00e1sa alapj\u00e1n.<\/p><\/div>\n\t\t\t\t<\/div>\n\t\t\t\t<\/div>\n\t\t\t\t<div class=\"elementor-element elementor-element-45e02df elementor-widget elementor-widget-text-editor\" data-id=\"45e02df\" data-element_type=\"widget\" data-widget_type=\"text-editor.default\">\n\t\t\t\t<div class=\"elementor-widget-container\">\n\t\t\t\t\t<div class=\"elementor-text-editor elementor-clearfix\"><p><img loading=\"lazy\" width=\"300\" height=\"155\" class=\"wp-image-217 alignleft\" src=\"https:\/\/tiszadadakemping.hu\/wp-content\/uploads\/2020\/12\/image008-300x155.jpg\" alt=\"\" srcset=\"https:\/\/tiszadadakemping.hu\/wp-content\/uploads\/2020\/12\/image008-300x155.jpg 300w, https:\/\/tiszadadakemping.hu\/wp-content\/uploads\/2020\/12\/image008.jpg 545w\" sizes=\"(max-width: 300px) 100vw, 300px\" \/><\/p>\n<p style=\"letter-spacing: normal;\"><em>Minim\u00e1lis f\u00e9nyszennyez\u00e9s<\/em><\/p>\n<p style=\"letter-spacing: normal;\">Kemping\u00fcnk vil\u00e1g\u00edt\u00e1s\u00e1t \u00fagy oldottuk meg, hogy \u00e9jszaka a biztons\u00e1ghoz sz\u00fcks\u00e9ges minim\u00e1lis vil\u00e1g\u00edt\u00e1s m\u0171k\u00f6dj\u00f6n csak. \u00cdgy cs\u00f6kkentj\u00fck a k\u00f6rny\u00e9k\u00fcnk \u00e9s a k\u00f6zeli term\u00e9szetv\u00e9delmi ter\u00fclet f\u00e9nyszennyez\u00e9s\u00e9t. Ek\u00f6zben energi\u00e1t takar\u00edtunk meg. Vend\u00e9geink tiszta \u00e9jjeleken zavartalanul csod\u00e1lhatj\u00e1k a csillagokat.<\/p><\/div>\n\t\t\t\t<\/div>\n\t\t\t\t<\/div>\n\t\t\t\t<div class=\"elementor-element elementor-element-faeba73 elementor-widget elementor-widget-text-editor\" data-id=\"faeba73\" data-element_type=\"widget\" data-widget_type=\"text-editor.default\">\n\t\t\t\t<div class=\"elementor-widget-container\">\n\t\t\t\t\t<div class=\"elementor-text-editor elementor-clearfix\"><p><img loading=\"lazy\" class=\"size-medium wp-image-1663 alignleft\" src=\"https:\/\/tiszadadakemping.hu\/wp-content\/uploads\/2021\/01\/AllClear55-kepe-a-Pixabay-en_vagott-300x157.jpg\" alt=\"\" width=\"300\" height=\"157\" srcset=\"https:\/\/tiszadadakemping.hu\/wp-content\/uploads\/2021\/01\/AllClear55-kepe-a-Pixabay-en_vagott-300x157.jpg 300w, https:\/\/tiszadadakemping.hu\/wp-content\/uploads\/2021\/01\/AllClear55-kepe-a-Pixabay-en_vagott-1024x534.jpg 1024w, https:\/\/tiszadadakemping.hu\/wp-content\/uploads\/2021\/01\/AllClear55-kepe-a-Pixabay-en_vagott-768x401.jpg 768w, https:\/\/tiszadadakemping.hu\/wp-content\/uploads\/2021\/01\/AllClear55-kepe-a-Pixabay-en_vagott-1536x802.jpg 1536w, https:\/\/tiszadadakemping.hu\/wp-content\/uploads\/2021\/01\/AllClear55-kepe-a-Pixabay-en_vagott-720x380.jpg 720w, https:\/\/tiszadadakemping.hu\/wp-content\/uploads\/2021\/01\/AllClear55-kepe-a-Pixabay-en_vagott-1140x595.jpg 1140w, https:\/\/tiszadadakemping.hu\/wp-content\/uploads\/2021\/01\/AllClear55-kepe-a-Pixabay-en_vagott.jpg 1920w\" sizes=\"(max-width: 300px) 100vw, 300px\" \/><\/p><p style=\"letter-spacing: normal;\"><em style=\"letter-spacing: 0px;\">Csendes \u00e9j<\/em><\/p><p style=\"letter-spacing: normal;\">Az \u00e9jszaka csendje a pihen\u00e9s z\u00e1loga embernek, \u00e1llatnak egyar\u00e1nt. Kemping\u00fcnkben este 23 \u00f3r\u00e1t\u00f3l reggel 7 \u00f3r\u00e1ig nem lehet g\u00e9pj\u00e1rm\u0171vel k\u00f6zlekedni. Vend\u00e9geinket arra k\u00e9rj\u00fck, hogy ebben az id\u0151ben mell\u0151zz\u00e9k a zajos tev\u00e9kenys\u00e9get, hangoskod\u00e1st.<\/p><p style=\"letter-spacing: normal;\">Kemping\u00fcnkben buli (leg\u00e9nyb\u00facs\u00fa, le\u00e1nyb\u00facs\u00fa, esk\u00fcv\u0151 stb.) nem tarthat\u00f3.<\/p><\/div>\n\t\t\t\t<\/div>\n\t\t\t\t<\/div>\n\t\t\t\t<div class=\"elementor-element elementor-element-701f77b3 elementor-widget elementor-widget-text-editor\" data-id=\"701f77b3\" data-element_type=\"widget\" data-widget_type=\"text-editor.default\">\n\t\t\t\t<div class=\"elementor-widget-container\">\n\t\t\t\t\t<div class=\"elementor-text-editor elementor-clearfix\"><p>\u00a0<\/p><div><div><p>\u00a0<\/p><div>\u00a0<\/div><p><img loading=\"lazy\" class=\"alignleft\" src=\"https:\/\/tiszadadakemping.hu\/wp-content\/uploads\/2020\/12\/Paul-Brennan-kepe-a-Pixabay-en-300x220.jpg\" alt=\"\" width=\"300\" height=\"220\" \/><i><br \/><\/i><\/p><p><i style=\"letter-spacing: 0px;\">\u00a0<\/i><i style=\"letter-spacing: 0px;\">Elektromos aut\u00f3 t\u00f6lt\u0151hely<\/i><\/p><p><span style=\"letter-spacing: 0px;\">Kemping\u00fcnkben 11 kW-os e-aut\u00f3 t\u00f6lt\u0151helyet alak\u00edtottunk ki. Mivel a t\u00f6lt\u0151pont az itt \u00e9jszak\u00e1z\u00f3k szolg\u00e1lat\u00e1ra k\u00e9sz\u00fclt, \u00edgy a csatlakoz\u00e1s gyors t\u00f6lt\u00e9sre nem alkalmas. A parcell\u00e1k elektromos csatlakoz\u00e1sa nem alkalmas e-aut\u00f3k t\u00f6lt\u00e9s\u00e9re.<\/span><\/p><p>\u00a0<\/p><\/div><\/div><\/div>\n\t\t\t\t<\/div>\n\t\t\t\t<\/div>\n\t\t\t\t\t\t<\/div>\n\t\t\t\t\t<\/div>\n\t\t<\/div>\n\t\t\t\t\t\t\t\t<\/div>\n\t\t\t\t\t<\/div>\n\t\t<\/section>\n\t\t\t\t\t\t<\/div>\n\t\t\t\t\t\t<\/div>\n\t\t\t\t\t<\/div>\n\t\t","protected":false},"excerpt":{"rendered":"<p>Nulla energiam\u00e9rleg Kemping\u00fcnk nulla energiam\u00e9rleg\u0171, azaz csak annyi energi\u00e1t haszn\u00e1lunk az \u00e1lland\u00f3 fogyaszt\u00f3inkra, amennyit meg is termel\u00fcnk. A meleg vizet \u00e9s az \u00e1ramot is napenergi\u00e1val \u00e1ll\u00edtjuk el\u0151.\u00a0Ez kism\u00e9rt\u00e9k\u0171 \u00e1ldozatot is k\u00edv\u00e1n vend\u00e9geinkt\u0151l: a melegv\u00edz mennyis\u00e9ge \u2013 f\u0151k\u00e9nt bor\u00fas napokon \u2013 korl\u00e1tozott. Javasoljuk, hogy nagy f\u00fcrd\u0151z\u00e9sre a nap folyam\u00e1n elosztva haszn\u00e1ljuk a zuhanyz\u00f3kat, \u00edgy elker\u00fclhet\u0151 a melegv\u00edz kifogy\u00e1sa.\u00a0\u00a0 Tiszadada Kemping &amp; Glamping napelemek \u00c9L\u0150 adatok \u00d6ko B\u00fcf\u00e9 (f\u0151szezonban) Term\u00e9szetesen a b\u00fcf\u00e9ben is sz\u00edv\u00fcgy\u00fcnk a fenntarthat\u00f3s\u00e1g \u00e9s a k\u00f6rnyezettudatoss\u00e1g. Nem haszn\u00e1lunk sem pap\u00edr sem m\u0171anyag t\u00e1ny\u00e9rokat \u00e9s ev\u0151eszk\u00f6z\u00f6ket. A b\u00fcf\u00e9 nyitva tart\u00e1sa f\u0151szezonban (06.15-08.31) minden nap 08:00-11:00 \u00e9s 16:00-22:00. Hullad\u00e9kkezel\u00e9s \u00e9s \u00fajrahasznos\u00edt\u00e1s A hullad\u00e9kot szelekt\u00edven gy\u0171jtj\u00fck. \u00dajrahasznos\u00edtott pap\u00edrra nyomtatunk. V\u00edz takar\u00e9koss\u00e1g Amennyire lehet, takar\u00e9koskodunk a v\u00edzzel. A mosd\u00f3k sz\u00fcrkeviz\u00e9t \u00e9s a csapad\u00e9kot \u00fajrahasznos\u00edtjuk a WC-k tart\u00e1ly\u00e1ban \u00e9s az \u00f6nt\u00f6z\u0151rendszerrel. A zuhanyz\u00f3k id\u0151z\u00edt\u0151s nyom\u00f3gombbal m\u0171k\u00f6dnek. Vegyszerek Vend\u00e9geinknek organikus, 100%-ban leboml\u00f3, hazai Cleaneco tiszt\u00e1lkod\u00f3 szereket aj\u00e1nlunk. A kertben csak k\u00f6rnyezetbar\u00e1t vegyszereket haszn\u00e1lunk, a n\u00f6v\u00e9nyeket nem permetezz\u00fck. A tavunk viz\u00e9t mechanikai sz\u0171r\u0151kkel \u00e9s n\u00f6v\u00e9nyekkel, a biol\u00f3giai egyens\u00faly fenntart\u00e1s\u00e1val tartjuk tiszt\u00e1n. \u00a0 Mad\u00e1rbar\u00e1t kemping vagyunk A Magyar Mad\u00e1rtani \u00e9s Term\u00e9szetv\u00e9delmi Egyes\u00fclet \u00fatmutat\u00e1sa alapj\u00e1n. Minim\u00e1lis f\u00e9nyszennyez\u00e9s Kemping\u00fcnk vil\u00e1g\u00edt\u00e1s\u00e1t \u00fagy oldottuk meg, hogy \u00e9jszaka a biztons\u00e1ghoz sz\u00fcks\u00e9ges minim\u00e1lis vil\u00e1g\u00edt\u00e1s m\u0171k\u00f6dj\u00f6n csak. \u00cdgy cs\u00f6kkentj\u00fck a k\u00f6rny\u00e9k\u00fcnk \u00e9s a k\u00f6zeli term\u00e9szetv\u00e9delmi ter\u00fclet f\u00e9nyszennyez\u00e9s\u00e9t. Ek\u00f6zben energi\u00e1t takar\u00edtunk meg. Vend\u00e9geink tiszta \u00e9jjeleken zavartalanul csod\u00e1lhatj\u00e1k a csillagokat. Csendes \u00e9j Az \u00e9jszaka csendje a pihen\u00e9s z\u00e1loga embernek, \u00e1llatnak egyar\u00e1nt. Kemping\u00fcnkben este 23 \u00f3r\u00e1t\u00f3l reggel 7 \u00f3r\u00e1ig nem lehet g\u00e9pj\u00e1rm\u0171vel k\u00f6zlekedni. Vend\u00e9geinket arra k\u00e9rj\u00fck, hogy ebben az id\u0151ben mell\u0151zz\u00e9k a zajos tev\u00e9kenys\u00e9get, hangoskod\u00e1st. Kemping\u00fcnkben buli (leg\u00e9nyb\u00facs\u00fa, le\u00e1nyb\u00facs\u00fa, esk\u00fcv\u0151 stb.) nem tarthat\u00f3. \u00a0 \u00a0 \u00a0 \u00a0Elektromos aut\u00f3 t\u00f6lt\u0151hely Kemping\u00fcnkben 11 kW-os e-aut\u00f3 t\u00f6lt\u0151helyet alak\u00edtottunk ki. Mivel a t\u00f6lt\u0151pont az itt \u00e9jszak\u00e1z\u00f3k szolg\u00e1lat\u00e1ra k\u00e9sz\u00fclt, \u00edgy a csatlakoz\u00e1s gyors t\u00f6lt\u00e9sre nem alkalmas. A parcell\u00e1k elektromos csatlakoz\u00e1sa nem alkalmas e-aut\u00f3k t\u00f6lt\u00e9s\u00e9re. \u00a0<\/p>\n","protected":false},"author":1,"featured_media":0,"parent":0,"menu_order":0,"comment_status":"closed","ping_status":"closed","template":"","meta":[],"_links":{"self":[{"href":"https:\/\/tiszadadakemping.hu\/index.php\/wp-json\/wp\/v2\/pages\/24"}],"collection":[{"href":"https:\/\/tiszadadakemping.hu\/index.php\/wp-json\/wp\/v2\/pages"}],"about":[{"href":"https:\/\/tiszadadakemping.hu\/index.php\/wp-json\/wp\/v2\/types\/page"}],"author":[{"embeddable":true,"href":"https:\/\/tiszadadakemping.hu\/index.php\/wp-json\/wp\/v2\/users\/1"}],"replies":[{"embeddable":true,"href":"https:\/\/tiszadadakemping.hu\/index.php\/wp-json\/wp\/v2\/comments?post=24"}],"version-history":[{"count":156,"href":"https:\/\/tiszadadakemping.hu\/index.php\/wp-json\/wp\/v2\/pages\/24\/revisions"}],"predecessor-version":[{"id":6245,"href":"https:\/\/tiszadadakemping.hu\/index.php\/wp-json\/wp\/v2\/pages\/24\/revisions\/6245"}],"wp:attachment":[{"href":"https:\/\/tiszadadakemping.hu\/index.php\/wp-json\/wp\/v2\/media?parent=24"}],"curies":[{"name":"wp","href":"https:\/\/api.w.org\/{rel}","templated":true}]}}