{"id":263,"date":"2020-12-26T20:22:50","date_gmt":"2020-12-26T20:22:50","guid":{"rendered":"https:\/\/tiszadadakemping.hu\/?page_id=263"},"modified":"2022-03-19T18:43:15","modified_gmt":"2022-03-19T18:43:15","slug":"eurovelo-kerekparut","status":"publish","type":"page","link":"https:\/\/tiszadadakemping.hu\/index.php\/kornyek\/eurovelo-kerekparut\/","title":{"rendered":"EuroVelo ker\u00e9kp\u00e1r\u00fat"},"content":{"rendered":"\t\t<div data-elementor-type=\"wp-page\" data-elementor-id=\"263\" class=\"elementor elementor-263\" data-elementor-settings=\"[]\">\n\t\t\t\t\t\t<div class=\"elementor-inner\">\n\t\t\t\t\t\t\t<div class=\"elementor-section-wrap\">\n\t\t\t\t\t\t\t<section class=\"elementor-section elementor-top-section elementor-element elementor-element-1a85a94b elementor-section-boxed elementor-section-height-default elementor-section-height-default\" data-id=\"1a85a94b\" data-element_type=\"section\">\n\t\t\t\t\t\t<div class=\"elementor-container elementor-column-gap-default\">\n\t\t\t\t\t\t\t<div class=\"elementor-row\">\n\t\t\t\t\t<div class=\"elementor-column elementor-col-100 elementor-top-column elementor-element elementor-element-1eacd9d1\" data-id=\"1eacd9d1\" data-element_type=\"column\">\n\t\t\t<div class=\"elementor-column-wrap elementor-element-populated\">\n\t\t\t\t\t\t\t<div class=\"elementor-widget-wrap\">\n\t\t\t\t\t\t<div class=\"elementor-element elementor-element-1cc52f6e elementor-widget elementor-widget-text-editor\" data-id=\"1cc52f6e\" data-element_type=\"widget\" data-widget_type=\"text-editor.default\">\n\t\t\t\t<div class=\"elementor-widget-container\">\n\t\t\t\t\t<div class=\"elementor-text-editor elementor-clearfix\"><p>\u00a0<\/p><p>A ker\u00edt\u00e9s\u00fcnk t\u00faloldal\u00e1n halad\u00f3 EuroVelo 11, m\u00e1s n\u00e9ven az East Europe Route az EuroVelo nemzetk\u00f6zi ker\u00e9kp\u00e1r\u00fat-h\u00e1l\u00f3zat\u00e1nak tizenegyedik vonala, amely Norv\u00e9gi\u00e1b\u00f3l G\u00f6r\u00f6gorsz\u00e1gba halad. Egyike azon h\u00e1rom EuroVelo \u00fatvonalnak, amely Magyarorsz\u00e1gon is \u00e1thalad, ahol v\u00e9gig a Tisza vonal\u00e1t k\u00f6veti. A kemping mellett fut\u00f3 30 km-es szakasza eg\u00e9szen a Tisza T\u00f3ig v\u00e9gig v\u00e9dett, szil\u00e1rd burkolat\u00fa, csal\u00e1dok sz\u00e1m\u00e1ra is k\u00f6nnyen j\u00e1rhat\u00f3 \u00fatvonalon halad. \u00datja sor\u00e1n az \u00c9l\u0151 Tisz\u00e1t k\u00f6veti \u00e9s k\u00f6zvetlen\u00fcl a kemping ut\u00e1n \u00e1thalad a Tiszadobi \u00c1rt\u00e9r Term\u00e9szetv\u00e9delmi Ter\u00fclet holt\u00e1gai k\u00f6z\u00f6tt.\u00a0<span style=\"letter-spacing: 0px;\">(Forr\u00e1s: <\/span><a style=\"letter-spacing: 0px; background-color: #ffffff;\" href=\"https:\/\/bringazas.hu\/hirek\/itthon\/eurovelo-11-tiszaloktol-tiszaujvarosig-bringazunk\/\" target=\"_blank\" rel=\"noreferrer noopener\">bringazas.hu<\/a><span style=\"letter-spacing: 0px;\">)<\/span><\/p><p><span style=\"letter-spacing: 0px;\">Ha nincs ker\u00e9kp\u00e1rja, n\u00e1lunk b\u00e9relhet az eg\u00e9sz csal\u00e1dnak!<\/span><\/p><p><span style=\"text-decoration: underline;\"><em><a href=\"https:\/\/tiszadadakemping.hu\/index.php\/kemping-glamping\/kerekpar-es-csonak-kolcsonzes\/\"><span style=\"letter-spacing: 0px;\">Ker\u00e9kp\u00e1r \u00e9s horg\u00e1szcs\u00f3nak k\u00f6lcs\u00f6nz\u00e9s \u00e1rai<\/span><\/a>:<\/em><\/span><\/p><p>\u00a0<\/p><\/div>\n\t\t\t\t<\/div>\n\t\t\t\t<\/div>\n\t\t\t\t\t\t<\/div>\n\t\t\t\t\t<\/div>\n\t\t<\/div>\n\t\t\t\t\t\t\t\t<\/div>\n\t\t\t\t\t<\/div>\n\t\t<\/section>\n\t\t\t\t<section class=\"elementor-section elementor-top-section elementor-element elementor-element-ad417fb elementor-section-boxed elementor-section-height-default elementor-section-height-default\" data-id=\"ad417fb\" data-element_type=\"section\">\n\t\t\t\t\t\t<div class=\"elementor-container elementor-column-gap-default\">\n\t\t\t\t\t\t\t<div class=\"elementor-row\">\n\t\t\t\t\t<div class=\"elementor-column elementor-col-100 elementor-top-column elementor-element elementor-element-7a4e3b7\" data-id=\"7a4e3b7\" data-element_type=\"column\">\n\t\t\t<div class=\"elementor-column-wrap elementor-element-populated\">\n\t\t\t\t\t\t\t<div class=\"elementor-widget-wrap\">\n\t\t\t\t\t\t<div class=\"elementor-element elementor-element-b1a174c elementor-align-center elementor-widget elementor-widget-button\" data-id=\"b1a174c\" data-element_type=\"widget\" data-widget_type=\"button.default\">\n\t\t\t\t<div class=\"elementor-widget-container\">\n\t\t\t\t\t<div class=\"elementor-button-wrapper\">\n\t\t\t<a href=\"https:\/\/tiszadadakemping.hu\/index.php\/kemping-glamping\/kerekpar-es-csonak-kolcsonzes\/\" class=\"elementor-button-link elementor-button elementor-size-sm\" role=\"button\">\n\t\t\t\t\t\t<span class=\"elementor-button-content-wrapper\">\n\t\t\t\t\t\t<span class=\"elementor-button-text\">Ker\u00e9kp\u00e1r \u00e9s cs\u00f3nak k\u00f6lcs\u00f6nz\u00e9s<\/span>\n\t\t<\/span>\n\t\t\t\t\t<\/a>\n\t\t<\/div>\n\t\t\t\t<\/div>\n\t\t\t\t<\/div>\n\t\t\t\t\t\t<\/div>\n\t\t\t\t\t<\/div>\n\t\t<\/div>\n\t\t\t\t\t\t\t\t<\/div>\n\t\t\t\t\t<\/div>\n\t\t<\/section>\n\t\t\t\t\t\t<\/div>\n\t\t\t\t\t\t<\/div>\n\t\t\t\t\t<\/div>\n\t\t","protected":false},"excerpt":{"rendered":"<p>\u00a0 A ker\u00edt\u00e9s\u00fcnk t\u00faloldal\u00e1n halad\u00f3 EuroVelo 11, m\u00e1s n\u00e9ven az East Europe Route az EuroVelo nemzetk\u00f6zi ker\u00e9kp\u00e1r\u00fat-h\u00e1l\u00f3zat\u00e1nak tizenegyedik vonala, amely Norv\u00e9gi\u00e1b\u00f3l G\u00f6r\u00f6gorsz\u00e1gba halad. Egyike azon h\u00e1rom EuroVelo \u00fatvonalnak, amely Magyarorsz\u00e1gon is \u00e1thalad, ahol v\u00e9gig a Tisza vonal\u00e1t k\u00f6veti. A kemping mellett fut\u00f3 30 km-es szakasza eg\u00e9szen a Tisza T\u00f3ig v\u00e9gig v\u00e9dett, szil\u00e1rd burkolat\u00fa, csal\u00e1dok sz\u00e1m\u00e1ra is k\u00f6nnyen j\u00e1rhat\u00f3 \u00fatvonalon halad. \u00datja sor\u00e1n az \u00c9l\u0151 Tisz\u00e1t k\u00f6veti \u00e9s k\u00f6zvetlen\u00fcl a kemping ut\u00e1n \u00e1thalad a Tiszadobi \u00c1rt\u00e9r Term\u00e9szetv\u00e9delmi Ter\u00fclet holt\u00e1gai k\u00f6z\u00f6tt.\u00a0(Forr\u00e1s: bringazas.hu) Ha nincs ker\u00e9kp\u00e1rja, n\u00e1lunk b\u00e9relhet az eg\u00e9sz csal\u00e1dnak! Ker\u00e9kp\u00e1r \u00e9s horg\u00e1szcs\u00f3nak k\u00f6lcs\u00f6nz\u00e9s \u00e1rai: \u00a0 Ker\u00e9kp\u00e1r \u00e9s cs\u00f3nak k\u00f6lcs\u00f6nz\u00e9s<\/p>\n","protected":false},"author":1,"featured_media":0,"parent":256,"menu_order":0,"comment_status":"closed","ping_status":"closed","template":"","meta":[],"_links":{"self":[{"href":"https:\/\/tiszadadakemping.hu\/index.php\/wp-json\/wp\/v2\/pages\/263"}],"collection":[{"href":"https:\/\/tiszadadakemping.hu\/index.php\/wp-json\/wp\/v2\/pages"}],"about":[{"href":"https:\/\/tiszadadakemping.hu\/index.php\/wp-json\/wp\/v2\/types\/page"}],"author":[{"embeddable":true,"href":"https:\/\/tiszadadakemping.hu\/index.php\/wp-json\/wp\/v2\/users\/1"}],"replies":[{"embeddable":true,"href":"https:\/\/tiszadadakemping.hu\/index.php\/wp-json\/wp\/v2\/comments?post=263"}],"version-history":[{"count":28,"href":"https:\/\/tiszadadakemping.hu\/index.php\/wp-json\/wp\/v2\/pages\/263\/revisions"}],"predecessor-version":[{"id":3388,"href":"https:\/\/tiszadadakemping.hu\/index.php\/wp-json\/wp\/v2\/pages\/263\/revisions\/3388"}],"up":[{"embeddable":true,"href":"https:\/\/tiszadadakemping.hu\/index.php\/wp-json\/wp\/v2\/pages\/256"}],"wp:attachment":[{"href":"https:\/\/tiszadadakemping.hu\/index.php\/wp-json\/wp\/v2\/media?parent=263"}],"curies":[{"name":"wp","href":"https:\/\/api.w.org\/{rel}","templated":true}]}}