{"id":2891,"date":"2021-09-11T14:27:14","date_gmt":"2021-09-11T14:27:14","guid":{"rendered":"https:\/\/tiszadadakemping.hu\/index.php\/fahrrad-und-bootsleihe\/"},"modified":"2025-08-17T18:00:23","modified_gmt":"2025-08-17T18:00:23","slug":"fahrrad-und-bootsleihe","status":"publish","type":"page","link":"https:\/\/tiszadadakemping.hu\/index.php\/camping-glamping\/fahrrad-und-bootsleihe\/?lang=de","title":{"rendered":"Fahrrad- und Bootsleihe"},"content":{"rendered":"\n<p>Preise f\u00fcr Fahrrad und Bootsleihe:<\/p>\n\n\n\n<figure class=\"wp-block-table is-style-regular\"><table class=\"has-subtle-pale-green-background-color has-background\"><tbody><tr><td><\/td><td class=\"has-text-align-right\" data-align=\"right\">1 Stunde<\/td><td class=\"has-text-align-right\" data-align=\"right\">1 Tag (8-19)<\/td><td class=\"has-text-align-right\" data-align=\"right\">3 oder mehr Tage<\/td><\/tr><tr><td>Fahrrad<\/td><td class=\"has-text-align-right\" data-align=\"right\">1500<\/td><td class=\"has-text-align-right\" data-align=\"right\">4500<\/td><td class=\"has-text-align-right\" data-align=\"right\">4000<\/td><\/tr><tr><td><a href=\"https:\/\/tiszadadakemping.hu\/index.php\/2025\/07\/22\/rent-a-motorboat-on-the-tisza-river\/?lang=en\">Motorboot, 10PS Benzinmotor, Sonnenschutz (Bimini), max. 10l Treibstoff<\/a> (18+, kein Bootsf\u00fchrerschein erforderlich, f\u00fcr die Anmietung ist jedoch ein g\u00fcltiger F\u00fchrerschein f\u00fcr jeden Fahrzeugtyp erforderlich.)<\/td><td class=\"has-text-align-right\" data-align=\"right\">10000\/erste 8000\/nachste<\/td><td class=\"has-text-align-right\" data-align=\"right\">&#8211;<\/td><td class=\"has-text-align-right\" data-align=\"right\">&#8211;<\/td><\/tr><tr><td>Kanu f\u00fcr 3<\/td><td class=\"has-text-align-right\" data-align=\"right\">4000\/6std<\/td><td class=\"has-text-align-right\" data-align=\"right\">7000<\/td><td class=\"has-text-align-right\" data-align=\"right\">6000<\/td><\/tr><tr><td>Kanu f\u00fcr 4<\/td><td class=\"has-text-align-right\" data-align=\"right\">5000\/6std<\/td><td class=\"has-text-align-right\" data-align=\"right\">8000<\/td><td class=\"has-text-align-right\" data-align=\"right\">7000<\/td><\/tr><\/tbody><\/table><\/figure>\n\n\n\n<figure class=\"wp-block-gallery columns-3 is-cropped\"><ul class=\"blocks-gallery-grid\"><li class=\"blocks-gallery-item\"><figure><img loading=\"lazy\" width=\"150\" height=\"150\" src=\"https:\/\/tiszadadakemping.hu\/wp-content\/uploads\/2023\/04\/hajo3-1-150x150.jpg\" alt=\"\" data-id=\"4826\" data-full-url=\"https:\/\/tiszadadakemping.hu\/wp-content\/uploads\/2023\/04\/hajo3-1.jpg\" data-link=\"https:\/\/tiszadadakemping.hu\/index.php\/camping-glamping\/fahrrad-und-bootsleihe\/olympus-digital-camera-2-2\/?lang=de\" class=\"wp-image-4826\" srcset=\"https:\/\/tiszadadakemping.hu\/wp-content\/uploads\/2023\/04\/hajo3-1-150x150.jpg 150w, https:\/\/tiszadadakemping.hu\/wp-content\/uploads\/2023\/04\/hajo3-1-75x75.jpg 75w\" sizes=\"(max-width: 150px) 100vw, 150px\" \/><figcaption class=\"blocks-gallery-item__caption\">Kanu f\u00fcr 3<\/figcaption><\/figure><\/li><li class=\"blocks-gallery-item\"><figure><img loading=\"lazy\" width=\"150\" height=\"150\" src=\"https:\/\/tiszadadakemping.hu\/wp-content\/uploads\/2023\/04\/bicycles-6895_1920-150x150.jpg\" alt=\"\" data-id=\"4817\" data-full-url=\"https:\/\/tiszadadakemping.hu\/wp-content\/uploads\/2023\/04\/bicycles-6895_1920.jpg\" data-link=\"https:\/\/tiszadadakemping.hu\/index.php\/camping-glamping\/fahrrad-und-bootsleihe\/bicycles-6895_1920-2\/?lang=de\" class=\"wp-image-4817\" srcset=\"https:\/\/tiszadadakemping.hu\/wp-content\/uploads\/2023\/04\/bicycles-6895_1920-150x150.jpg 150w, https:\/\/tiszadadakemping.hu\/wp-content\/uploads\/2023\/04\/bicycles-6895_1920-300x300.jpg 300w, https:\/\/tiszadadakemping.hu\/wp-content\/uploads\/2023\/04\/bicycles-6895_1920-75x75.jpg 75w\" sizes=\"(max-width: 150px) 100vw, 150px\" \/><figcaption class=\"blocks-gallery-item__caption\">Bikes<\/figcaption><\/figure><\/li><li class=\"blocks-gallery-item\"><figure><img loading=\"lazy\" width=\"1024\" height=\"768\" src=\"https:\/\/tiszadadakemping.hu\/wp-content\/uploads\/2025\/07\/IMG_8629-1024x768.jpg\" alt=\"\" data-id=\"6486\" data-full-url=\"https:\/\/tiszadadakemping.hu\/wp-content\/uploads\/2025\/07\/IMG_8629-scaled.jpg\" data-link=\"https:\/\/tiszadadakemping.hu\/index.php\/camping-glamping\/fahrrad-und-bootsleihe\/img_8629-2\/?lang=de\" class=\"wp-image-6486\" srcset=\"https:\/\/tiszadadakemping.hu\/wp-content\/uploads\/2025\/07\/IMG_8629-1024x768.jpg 1024w, https:\/\/tiszadadakemping.hu\/wp-content\/uploads\/2025\/07\/IMG_8629-300x225.jpg 300w, https:\/\/tiszadadakemping.hu\/wp-content\/uploads\/2025\/07\/IMG_8629-768x576.jpg 768w, https:\/\/tiszadadakemping.hu\/wp-content\/uploads\/2025\/07\/IMG_8629-1536x1152.jpg 1536w, https:\/\/tiszadadakemping.hu\/wp-content\/uploads\/2025\/07\/IMG_8629-2048x1536.jpg 2048w, https:\/\/tiszadadakemping.hu\/wp-content\/uploads\/2025\/07\/IMG_8629-1140x855.jpg 1140w\" sizes=\"(max-width: 1024px) 100vw, 1024px\" \/><figcaption class=\"blocks-gallery-item__caption\">Motorboat<\/figcaption><\/figure><\/li><\/ul><\/figure>\n\n\n\n<p>Die Preise verstehen sich inklusive der gesetzlichen MwSt. Es z\u00e4hlt jede angefangene Stunde, jeder angefangener Tag. Die Dienstleistungen k\u00f6nnen nur ausgeruht mit klarem Verstand in Anspruch genommen werden (also nicht in duseligem, betrunkenem oder verkatertem Zustand).<\/p>\n","protected":false},"excerpt":{"rendered":"<p>Preise f\u00fcr Fahrrad und Bootsleihe: 1 Stunde 1 Tag (8-19) 3 oder mehr Tage Fahrrad 1500 4500 4000 Motorboot, 10PS Benzinmotor, Sonnenschutz (Bimini), max. 10l Treibstoff (18+, kein Bootsf\u00fchrerschein erforderlich, f\u00fcr die Anmietung ist jedoch ein g\u00fcltiger F\u00fchrerschein f\u00fcr jeden Fahrzeugtyp erforderlich.) 10000\/erste 8000\/nachste &#8211; &#8211; Kanu f\u00fcr 3 4000\/6std 7000 6000 Kanu f\u00fcr 4 5000\/6std 8000 7000 Die Preise verstehen sich inklusive der gesetzlichen MwSt. Es z\u00e4hlt jede angefangene Stunde, jeder angefangener Tag. Die Dienstleistungen k\u00f6nnen nur ausgeruht mit klarem Verstand in Anspruch genommen werden (also nicht in duseligem, betrunkenem oder verkatertem Zustand).<\/p>\n","protected":false},"author":1,"featured_media":0,"parent":3020,"menu_order":0,"comment_status":"closed","ping_status":"closed","template":"","meta":[],"_links":{"self":[{"href":"https:\/\/tiszadadakemping.hu\/index.php\/wp-json\/wp\/v2\/pages\/2891"}],"collection":[{"href":"https:\/\/tiszadadakemping.hu\/index.php\/wp-json\/wp\/v2\/pages"}],"about":[{"href":"https:\/\/tiszadadakemping.hu\/index.php\/wp-json\/wp\/v2\/types\/page"}],"author":[{"embeddable":true,"href":"https:\/\/tiszadadakemping.hu\/index.php\/wp-json\/wp\/v2\/users\/1"}],"replies":[{"embeddable":true,"href":"https:\/\/tiszadadakemping.hu\/index.php\/wp-json\/wp\/v2\/comments?post=2891"}],"version-history":[{"count":13,"href":"https:\/\/tiszadadakemping.hu\/index.php\/wp-json\/wp\/v2\/pages\/2891\/revisions"}],"predecessor-version":[{"id":6581,"href":"https:\/\/tiszadadakemping.hu\/index.php\/wp-json\/wp\/v2\/pages\/2891\/revisions\/6581"}],"up":[{"embeddable":true,"href":"https:\/\/tiszadadakemping.hu\/index.php\/wp-json\/wp\/v2\/pages\/3020"}],"wp:attachment":[{"href":"https:\/\/tiszadadakemping.hu\/index.php\/wp-json\/wp\/v2\/media?parent=2891"}],"curies":[{"name":"wp","href":"https:\/\/api.w.org\/{rel}","templated":true}]}}