{"id":2900,"date":"2021-09-11T14:31:38","date_gmt":"2021-09-11T14:31:38","guid":{"rendered":"https:\/\/tiszadadakemping.hu\/index.php\/poziciavanie-bicyklov-a-clnov\/"},"modified":"2025-08-17T18:00:54","modified_gmt":"2025-08-17T18:00:54","slug":"poziciavanie-bicyklov-a-clnov","status":"publish","type":"page","link":"https:\/\/tiszadadakemping.hu\/index.php\/kemping-glamping\/poziciavanie-bicyklov-a-clnov\/?lang=sk","title":{"rendered":"Po\u017ei\u010diavanie bicyklov a \u010dlnov"},"content":{"rendered":"\n<p>Ceny za po\u017ei\u010diavanie bicyklov a \u010dlnov:<\/p>\n\n\n\n<figure class=\"wp-block-table is-style-regular\"><table class=\"has-subtle-pale-green-background-color has-background\"><tbody><tr><td><\/td><td class=\"has-text-align-right\" data-align=\"right\">1 hodina<\/td><td class=\"has-text-align-right\" data-align=\"right\">1 de\u0148<\/td><td class=\"has-text-align-right\" data-align=\"right\">3 alebo viac dn\u00ed<\/td><\/tr><tr><td>Bicykel<\/td><td class=\"has-text-align-right\" data-align=\"right\">1500<\/td><td class=\"has-text-align-right\" data-align=\"right\">4500<\/td><td class=\"has-text-align-right\" data-align=\"right\">4000<\/td><\/tr><tr><td><a href=\"https:\/\/tiszadadakemping.hu\/index.php\/2025\/07\/22\/rent-a-motorboat-on-the-tisza-river\/?lang=en\">Motorov\u00fd \u010dln, benz\u00ednov\u00fd motor 10 HP, slne\u010dn\u00e1 clona (bimini), max. 10 l paliva<\/a> (18+, nie je potrebn\u00fd vodi\u010dsk\u00fd preukaz na lo\u010f, ale pren\u00e1jom vy\u017eaduje platn\u00fd vodi\u010dsk\u00fd preukaz na ak\u00fdko\u013evek typ vozidla.)<\/td><td class=\"has-text-align-right\" data-align=\"right\">10000\/prva 8000\/\u010fal\u0161ia h<\/td><td class=\"has-text-align-right\" data-align=\"right\">&#8211;<\/td><td class=\"has-text-align-right\" data-align=\"right\">&#8211;<\/td><\/tr><tr><td>Kanoe pre 3<\/td><td class=\"has-text-align-right\" data-align=\"right\">4000\/6h<\/td><td class=\"has-text-align-right\" data-align=\"right\">7000<\/td><td class=\"has-text-align-right\" data-align=\"right\">6000<\/td><\/tr><tr><td>Kanoe pre 4<\/td><td class=\"has-text-align-right\" data-align=\"right\">5000\/6h<\/td><td class=\"has-text-align-right\" data-align=\"right\">8000<\/td><td class=\"has-text-align-right\" data-align=\"right\">7000<\/td><\/tr><\/tbody><\/table><\/figure>\n\n\n\n<figure class=\"wp-block-gallery columns-3 is-cropped\"><ul class=\"blocks-gallery-grid\"><li class=\"blocks-gallery-item\"><figure><img loading=\"lazy\" width=\"150\" height=\"150\" src=\"https:\/\/tiszadadakemping.hu\/wp-content\/uploads\/2023\/04\/hajo3-1-150x150.jpg\" alt=\"\" data-id=\"4827\" data-full-url=\"https:\/\/tiszadadakemping.hu\/wp-content\/uploads\/2023\/04\/hajo3-1.jpg\" data-link=\"https:\/\/tiszadadakemping.hu\/index.php\/kemping-glamping\/poziciavanie-bicyklov-a-clnov\/olympus-digital-camera-2-2\/?lang=sk\" class=\"wp-image-4827\" srcset=\"https:\/\/tiszadadakemping.hu\/wp-content\/uploads\/2023\/04\/hajo3-1-150x150.jpg 150w, https:\/\/tiszadadakemping.hu\/wp-content\/uploads\/2023\/04\/hajo3-1-75x75.jpg 75w\" sizes=\"(max-width: 150px) 100vw, 150px\" \/><figcaption class=\"blocks-gallery-item__caption\">Kanue pre 3<\/figcaption><\/figure><\/li><li class=\"blocks-gallery-item\"><figure><img loading=\"lazy\" width=\"150\" height=\"150\" src=\"https:\/\/tiszadadakemping.hu\/wp-content\/uploads\/2023\/04\/bicycles-6895_1920-150x150.jpg\" alt=\"\" data-id=\"4818\" data-full-url=\"https:\/\/tiszadadakemping.hu\/wp-content\/uploads\/2023\/04\/bicycles-6895_1920.jpg\" data-link=\"https:\/\/tiszadadakemping.hu\/index.php\/kemping-glamping\/poziciavanie-bicyklov-a-clnov\/bicycles-6895_1920-2\/?lang=sk\" class=\"wp-image-4818\" srcset=\"https:\/\/tiszadadakemping.hu\/wp-content\/uploads\/2023\/04\/bicycles-6895_1920-150x150.jpg 150w, https:\/\/tiszadadakemping.hu\/wp-content\/uploads\/2023\/04\/bicycles-6895_1920-300x300.jpg 300w, https:\/\/tiszadadakemping.hu\/wp-content\/uploads\/2023\/04\/bicycles-6895_1920-75x75.jpg 75w\" sizes=\"(max-width: 150px) 100vw, 150px\" \/><figcaption class=\"blocks-gallery-item__caption\">Bikes<\/figcaption><\/figure><\/li><li class=\"blocks-gallery-item\"><figure><img loading=\"lazy\" width=\"1024\" height=\"768\" src=\"https:\/\/tiszadadakemping.hu\/wp-content\/uploads\/2025\/07\/IMG_8629-1024x768.jpg\" alt=\"\" data-id=\"6487\" data-full-url=\"https:\/\/tiszadadakemping.hu\/wp-content\/uploads\/2025\/07\/IMG_8629-scaled.jpg\" data-link=\"https:\/\/tiszadadakemping.hu\/index.php\/kemping-glamping\/poziciavanie-bicyklov-a-clnov\/img_8629-2\/?lang=sk\" class=\"wp-image-6487\" srcset=\"https:\/\/tiszadadakemping.hu\/wp-content\/uploads\/2025\/07\/IMG_8629-1024x768.jpg 1024w, https:\/\/tiszadadakemping.hu\/wp-content\/uploads\/2025\/07\/IMG_8629-300x225.jpg 300w, https:\/\/tiszadadakemping.hu\/wp-content\/uploads\/2025\/07\/IMG_8629-768x576.jpg 768w, https:\/\/tiszadadakemping.hu\/wp-content\/uploads\/2025\/07\/IMG_8629-1536x1152.jpg 1536w, https:\/\/tiszadadakemping.hu\/wp-content\/uploads\/2025\/07\/IMG_8629-2048x1536.jpg 2048w, https:\/\/tiszadadakemping.hu\/wp-content\/uploads\/2025\/07\/IMG_8629-1140x855.jpg 1140w\" sizes=\"(max-width: 1024px) 100vw, 1024px\" \/><figcaption class=\"blocks-gallery-item__caption\">Motorboat<\/figcaption><\/figure><\/li><\/ul><\/figure>\n\n\n\n<p><em>Cena obsahuje DPH. <\/em>Pri ur\u010den\u00ed ceny do doby po\u017ei\u010dania zapo\u010d\u00edtame ka\u017ed\u00fa za\u010dat\u00fa hodinu a za\u010dat\u00e9 dni. Slu\u017ebu poskytujeme len dobre odd\u00fdchnut\u00fdm osob\u00e1m, s jasnou mys\u013eou (t. j. napr\u00edklad neposkytujeme osob\u00e1m nach\u00e1dzaj\u00facim\u00ed sa pod vplyvom alkoholu \u010di inej n\u00e1vykovej l\u00e1tky, alebo v poalkoholickom stave).<\/p>\n","protected":false},"excerpt":{"rendered":"<p>Ceny za po\u017ei\u010diavanie bicyklov a \u010dlnov: 1 hodina 1 de\u0148 3 alebo viac dn\u00ed Bicykel 1500 4500 4000 Motorov\u00fd \u010dln, benz\u00ednov\u00fd motor 10 HP, slne\u010dn\u00e1 clona (bimini), max. 10 l paliva (18+, nie je potrebn\u00fd vodi\u010dsk\u00fd preukaz na lo\u010f, ale pren\u00e1jom vy\u017eaduje platn\u00fd vodi\u010dsk\u00fd preukaz na ak\u00fdko\u013evek typ vozidla.) 10000\/prva 8000\/\u010fal\u0161ia h &#8211; &#8211; Kanoe pre 3 4000\/6h 7000 6000 Kanoe pre 4 5000\/6h 8000 7000 Cena obsahuje DPH. Pri ur\u010den\u00ed ceny do doby po\u017ei\u010dania zapo\u010d\u00edtame ka\u017ed\u00fa za\u010dat\u00fa hodinu a za\u010dat\u00e9 dni. Slu\u017ebu poskytujeme len dobre odd\u00fdchnut\u00fdm osob\u00e1m, s jasnou mys\u013eou (t. j. napr\u00edklad neposkytujeme osob\u00e1m nach\u00e1dzaj\u00facim\u00ed sa pod vplyvom alkoholu \u010di inej n\u00e1vykovej l\u00e1tky, alebo v poalkoholickom stave).<\/p>\n","protected":false},"author":1,"featured_media":0,"parent":3151,"menu_order":0,"comment_status":"closed","ping_status":"closed","template":"","meta":[],"_links":{"self":[{"href":"https:\/\/tiszadadakemping.hu\/index.php\/wp-json\/wp\/v2\/pages\/2900"}],"collection":[{"href":"https:\/\/tiszadadakemping.hu\/index.php\/wp-json\/wp\/v2\/pages"}],"about":[{"href":"https:\/\/tiszadadakemping.hu\/index.php\/wp-json\/wp\/v2\/types\/page"}],"author":[{"embeddable":true,"href":"https:\/\/tiszadadakemping.hu\/index.php\/wp-json\/wp\/v2\/users\/1"}],"replies":[{"embeddable":true,"href":"https:\/\/tiszadadakemping.hu\/index.php\/wp-json\/wp\/v2\/comments?post=2900"}],"version-history":[{"count":11,"href":"https:\/\/tiszadadakemping.hu\/index.php\/wp-json\/wp\/v2\/pages\/2900\/revisions"}],"predecessor-version":[{"id":6582,"href":"https:\/\/tiszadadakemping.hu\/index.php\/wp-json\/wp\/v2\/pages\/2900\/revisions\/6582"}],"up":[{"embeddable":true,"href":"https:\/\/tiszadadakemping.hu\/index.php\/wp-json\/wp\/v2\/pages\/3151"}],"wp:attachment":[{"href":"https:\/\/tiszadadakemping.hu\/index.php\/wp-json\/wp\/v2\/media?parent=2900"}],"curies":[{"name":"wp","href":"https:\/\/api.w.org\/{rel}","templated":true}]}}