{"id":3026,"date":"2021-09-11T17:07:49","date_gmt":"2021-09-11T17:07:49","guid":{"rendered":"https:\/\/tiszadadakemping.hu\/index.php\/camping-glamping\/landungsplatz-am-lebende-tisza\/"},"modified":"2023-06-21T14:24:35","modified_gmt":"2023-06-21T14:24:35","slug":"landungsplatz-am-lebende-tisza","status":"publish","type":"page","link":"https:\/\/tiszadadakemping.hu\/index.php\/camping-glamping\/landungsplatz-am-lebende-tisza\/?lang=de","title":{"rendered":"Landungsplatz am lebende Tisza"},"content":{"rendered":"<p>Etwa 70m entfernt von den Toren unseres Camping-Platzes auf der anderen Seite des Dammes wir haben einen mobilen Steg, der als beliebter Station f\u00fcr alle Arten von Wassertouren dient.<\/p>\n<p>Der Landungsplatz befindet sich oberhalb des 514 Flusskilometers. Die GPS-Koordinaten sind:<\/p>\n<p>48\u00b001\u201930.8\u2033N 21\u00b013\u201937.0\u2033E<br \/>\n48.025227, 21.226939<\/p>\n<p><em>Es ist gut zu wissen, dass die Wassertiefe der Tisza oft variiert. Sie vergr\u00f6\u00dfert sich schnell, die Str\u00f6mung ist stark. Daher raten wir zum Schwimmen\/Baden in der Tisza zu dem in 15 Gehminuten entfernten, wunderbar ausgebauten Rasen-Sandstrand in Tiszadada (siehe Foto rechts).<\/em><\/p>\n<p>Die Wasserqualit\u00e4t erh\u00e4lt seit <strong>2017 in jedem Jahr in Folge die Auszeichnung \u201ehervorragend\u201c<\/strong> von der EEA, der europ\u00e4ischen Umweltagentur! (<a href=\"https:\/\/discomap.eea.europa.eu\/Bathingwater\/\">https:\/\/discomap.eea.europa.eu\/Bathingwater\/<\/a>)<\/p>\n","protected":false},"excerpt":{"rendered":"<p>Etwa 70m entfernt von den Toren unseres Camping-Platzes auf der anderen Seite des Dammes wir haben einen mobilen Steg, der als beliebter Station f\u00fcr alle Arten von Wassertouren dient. Der Landungsplatz befindet sich oberhalb des 514 Flusskilometers. Die GPS-Koordinaten sind: 48\u00b001\u201930.8\u2033N 21\u00b013\u201937.0\u2033E 48.025227, 21.226939 Es ist gut zu wissen, dass die Wassertiefe der Tisza oft variiert. Sie vergr\u00f6\u00dfert sich schnell, die Str\u00f6mung ist stark. Daher raten wir zum Schwimmen\/Baden in der Tisza zu dem in 15 Gehminuten entfernten, wunderbar ausgebauten Rasen-Sandstrand in Tiszadada (siehe Foto rechts). Die Wasserqualit\u00e4t erh\u00e4lt seit 2017 in jedem Jahr in Folge die Auszeichnung \u201ehervorragend\u201c von der EEA, der europ\u00e4ischen Umweltagentur! (https:\/\/discomap.eea.europa.eu\/Bathingwater\/)<\/p>\n","protected":false},"author":1,"featured_media":0,"parent":3020,"menu_order":4,"comment_status":"closed","ping_status":"closed","template":"","meta":[],"_links":{"self":[{"href":"https:\/\/tiszadadakemping.hu\/index.php\/wp-json\/wp\/v2\/pages\/3026"}],"collection":[{"href":"https:\/\/tiszadadakemping.hu\/index.php\/wp-json\/wp\/v2\/pages"}],"about":[{"href":"https:\/\/tiszadadakemping.hu\/index.php\/wp-json\/wp\/v2\/types\/page"}],"author":[{"embeddable":true,"href":"https:\/\/tiszadadakemping.hu\/index.php\/wp-json\/wp\/v2\/users\/1"}],"replies":[{"embeddable":true,"href":"https:\/\/tiszadadakemping.hu\/index.php\/wp-json\/wp\/v2\/comments?post=3026"}],"version-history":[{"count":5,"href":"https:\/\/tiszadadakemping.hu\/index.php\/wp-json\/wp\/v2\/pages\/3026\/revisions"}],"predecessor-version":[{"id":5170,"href":"https:\/\/tiszadadakemping.hu\/index.php\/wp-json\/wp\/v2\/pages\/3026\/revisions\/5170"}],"up":[{"embeddable":true,"href":"https:\/\/tiszadadakemping.hu\/index.php\/wp-json\/wp\/v2\/pages\/3020"}],"wp:attachment":[{"href":"https:\/\/tiszadadakemping.hu\/index.php\/wp-json\/wp\/v2\/media?parent=3026"}],"curies":[{"name":"wp","href":"https:\/\/api.w.org\/{rel}","templated":true}]}}