{"id":3027,"date":"2021-09-11T17:11:08","date_gmt":"2021-09-11T17:11:08","guid":{"rendered":"https:\/\/tiszadadakemping.hu\/index.php\/camping-glamping\/klassenfahrten-freizeiten\/"},"modified":"2024-09-01T11:36:11","modified_gmt":"2024-09-01T11:36:11","slug":"klassenfahrten-freizeiten","status":"publish","type":"page","link":"https:\/\/tiszadadakemping.hu\/index.php\/camping-glamping\/klassenfahrten-freizeiten\/?lang=de","title":{"rendered":"Klassenfahrten, Freizeiten"},"content":{"rendered":"\t\t<div data-elementor-type=\"wp-page\" data-elementor-id=\"3027\" class=\"elementor elementor-3027 elementor-20\" data-elementor-settings=\"[]\">\n\t\t\t\t\t\t<div class=\"elementor-inner\">\n\t\t\t\t\t\t\t<div class=\"elementor-section-wrap\">\n\t\t\t\t\t\t\t<section class=\"elementor-section elementor-top-section elementor-element elementor-element-295216c8 elementor-section-boxed elementor-section-height-default elementor-section-height-default\" data-id=\"295216c8\" data-element_type=\"section\">\n\t\t\t\t\t\t<div class=\"elementor-container elementor-column-gap-default\">\n\t\t\t\t\t\t\t<div class=\"elementor-row\">\n\t\t\t\t\t<div class=\"elementor-column elementor-col-100 elementor-top-column elementor-element elementor-element-df5b0b4\" data-id=\"df5b0b4\" data-element_type=\"column\">\n\t\t\t<div class=\"elementor-column-wrap elementor-element-populated\">\n\t\t\t\t\t\t\t<div class=\"elementor-widget-wrap\">\n\t\t\t\t\t\t<div class=\"elementor-element elementor-element-4c0ff887 elementor-widget elementor-widget-text-editor\" data-id=\"4c0ff887\" data-element_type=\"widget\" data-widget_type=\"text-editor.default\">\n\t\t\t\t<div class=\"elementor-widget-container\">\n\t\t\t\t\t<div class=\"elementor-text-editor elementor-clearfix\"><p>Das \u00d6ko-Camping &amp; Glamping Tiszadada ist f\u00fcr Klassenfahrten und Freizeiten hervorragend geeignet.<\/p><p><img loading=\"lazy\" class=\"size-medium wp-image-4460 alignleft\" src=\"https:\/\/tiszadadakemping.hu\/wp-content\/uploads\/2022\/07\/tabor-300x212.jpg\" alt=\"\" width=\"300\" height=\"212\" srcset=\"https:\/\/tiszadadakemping.hu\/wp-content\/uploads\/2022\/07\/tabor-300x212.jpg 300w, https:\/\/tiszadadakemping.hu\/wp-content\/uploads\/2022\/07\/tabor.jpg 599w\" sizes=\"(max-width: 300px) 100vw, 300px\" \/><\/p><p>Die Teilnehmer finden in ger\u00e4umigen Zelten mit 6 Feldbetten Platz, die Begleiter wohnen in Zelten mit 2-4 Betten. Wir stellen die Zelte auf dem Campingplatz Zeltlager-artig auf. So k\u00f6nnen insgesamt 25-30 Kinder und 2-4 Erwachsene untergebracht werden.<\/p><p>Interessierte Klassen unterst\u00fctzen wir mit Vorteilspreisen, um den Teilnehmern ihre Freizeiten an einer naturnahen Unterkunft so bunt wie m\u00f6glich zu gestalten. Bei mehr als 10 Personen kann eine Person, bei \u00fcber 20 Personen zwei Personen kostenlos teilnehmen.\u00a0<\/p><\/div>\n\t\t\t\t<\/div>\n\t\t\t\t<\/div>\n\t\t\t\t\t\t<\/div>\n\t\t\t\t\t<\/div>\n\t\t<\/div>\n\t\t\t\t\t\t\t\t<\/div>\n\t\t\t\t\t<\/div>\n\t\t<\/section>\n\t\t\t\t<section class=\"elementor-section elementor-top-section elementor-element elementor-element-fc71c24 elementor-section-boxed elementor-section-height-default elementor-section-height-default\" data-id=\"fc71c24\" data-element_type=\"section\">\n\t\t\t\t\t\t<div class=\"elementor-container elementor-column-gap-default\">\n\t\t\t\t\t\t\t<div class=\"elementor-row\">\n\t\t\t\t\t<div class=\"elementor-column elementor-col-100 elementor-top-column elementor-element elementor-element-0b77996\" data-id=\"0b77996\" data-element_type=\"column\">\n\t\t\t<div class=\"elementor-column-wrap elementor-element-populated\">\n\t\t\t\t\t\t\t<div class=\"elementor-widget-wrap\">\n\t\t\t\t\t\t<div class=\"elementor-element elementor-element-cbfb1f3 elementor-widget-divider--view-line elementor-widget elementor-widget-divider\" data-id=\"cbfb1f3\" data-element_type=\"widget\" data-widget_type=\"divider.default\">\n\t\t\t\t<div class=\"elementor-widget-container\">\n\t\t\t\t\t<div class=\"elementor-divider\">\n\t\t\t<span class=\"elementor-divider-separator\">\n\t\t\t\t\t\t<\/span>\n\t\t<\/div>\n\t\t\t\t<\/div>\n\t\t\t\t<\/div>\n\t\t\t\t<div class=\"elementor-element elementor-element-57dffed elementor-widget elementor-widget-text-editor\" data-id=\"57dffed\" data-element_type=\"widget\" data-widget_type=\"text-editor.default\">\n\t\t\t\t<div class=\"elementor-widget-container\">\n\t\t\t\t\t<div class=\"elementor-text-editor elementor-clearfix\"><\/div>\n\t\t\t\t<\/div>\n\t\t\t\t<\/div>\n\t\t\t\t\t\t<\/div>\n\t\t\t\t\t<\/div>\n\t\t<\/div>\n\t\t\t\t\t\t\t\t<\/div>\n\t\t\t\t\t<\/div>\n\t\t<\/section>\n\t\t\t\t<section class=\"elementor-section elementor-top-section elementor-element elementor-element-3a48619 elementor-section-boxed elementor-section-height-default elementor-section-height-default\" data-id=\"3a48619\" data-element_type=\"section\">\n\t\t\t\t\t\t<div class=\"elementor-container elementor-column-gap-default\">\n\t\t\t\t\t\t\t<div class=\"elementor-row\">\n\t\t\t\t\t<div class=\"elementor-column elementor-col-100 elementor-top-column elementor-element elementor-element-f8ad5b9\" data-id=\"f8ad5b9\" data-element_type=\"column\">\n\t\t\t<div class=\"elementor-column-wrap elementor-element-populated\">\n\t\t\t\t\t\t\t<div class=\"elementor-widget-wrap\">\n\t\t\t\t\t\t<div class=\"elementor-element elementor-element-1398269 elementor-widget elementor-widget-text-editor\" data-id=\"1398269\" data-element_type=\"widget\" data-widget_type=\"text-editor.default\">\n\t\t\t\t<div class=\"elementor-widget-container\">\n\t\t\t\t\t<div class=\"elementor-text-editor elementor-clearfix\"><p><img loading=\"lazy\" class=\"alignleft size-medium wp-image-2626\" src=\"https:\/\/tiszadadakemping.hu\/wp-content\/uploads\/2020\/12\/image039-300x199.jpg\" alt=\"\" width=\"300\" height=\"199\" srcset=\"https:\/\/tiszadadakemping.hu\/wp-content\/uploads\/2020\/12\/image039-300x199.jpg 300w, https:\/\/tiszadadakemping.hu\/wp-content\/uploads\/2020\/12\/image039-500x330.jpg 500w, https:\/\/tiszadadakemping.hu\/wp-content\/uploads\/2020\/12\/image039.jpg 568w\" sizes=\"(max-width: 300px) 100vw, 300px\" \/><\/p>\n<p>Unser Zeltlager bietet sich hervorragend f\u00fcr thematische Freizeiten an.<\/p>\n<p><strong>Wasser-Camp, Ausflugs-Camp, Radler-Camp, Vogelschutz-Camp, Naturschutz-Camp, Yoga-Camp, Tai-Chi und Kampfkunst-Camps, Selbsterkenntnis- und Team-Building-Camp, Pfadfinder-Camp, Outdoor-Abenteuer-Camp<\/strong> \u2013 sind nur einige Ideen aus vielen hervorragenden M\u00f6glichkeiten.<\/p>\n<\/div>\n\t\t\t\t<\/div>\n\t\t\t\t<\/div>\n\t\t\t\t\t\t<\/div>\n\t\t\t\t\t<\/div>\n\t\t<\/div>\n\t\t\t\t\t\t\t\t<\/div>\n\t\t\t\t\t<\/div>\n\t\t<\/section>\n\t\t\t\t<section class=\"elementor-section elementor-top-section elementor-element elementor-element-f79d1b6 elementor-section-boxed elementor-section-height-default elementor-section-height-default\" data-id=\"f79d1b6\" data-element_type=\"section\">\n\t\t\t\t\t\t<div class=\"elementor-container elementor-column-gap-default\">\n\t\t\t\t\t\t\t<div class=\"elementor-row\">\n\t\t\t\t\t<div class=\"elementor-column elementor-col-100 elementor-top-column elementor-element elementor-element-cd46605\" data-id=\"cd46605\" data-element_type=\"column\">\n\t\t\t<div class=\"elementor-column-wrap elementor-element-populated\">\n\t\t\t\t\t\t\t<div class=\"elementor-widget-wrap\">\n\t\t\t\t\t\t<div class=\"elementor-element elementor-element-3f5afe0 elementor-widget elementor-widget-text-editor\" data-id=\"3f5afe0\" data-element_type=\"widget\" data-widget_type=\"text-editor.default\">\n\t\t\t\t<div class=\"elementor-widget-container\">\n\t\t\t\t\t<div class=\"elementor-text-editor elementor-clearfix\"><p><img loading=\"lazy\" class=\"alignleft size-medium wp-image-2628\" src=\"https:\/\/tiszadadakemping.hu\/wp-content\/uploads\/2020\/12\/image040-300x225.jpg\" alt=\"\" width=\"300\" height=\"225\" srcset=\"https:\/\/tiszadadakemping.hu\/wp-content\/uploads\/2020\/12\/image040-300x225.jpg 300w, https:\/\/tiszadadakemping.hu\/wp-content\/uploads\/2020\/12\/image040.jpg 516w\" sizes=\"(max-width: 300px) 100vw, 300px\" \/><\/p>\n<p>Unser Campingplatz ist zusammen mit der Bizek Emi-Stiftung f\u00fcr die Planung <strong>der Naturfotografie-Freizeiten<\/strong> zust\u00e4ndig.<\/p>\n<\/div>\n\t\t\t\t<\/div>\n\t\t\t\t<\/div>\n\t\t\t\t\t\t<\/div>\n\t\t\t\t\t<\/div>\n\t\t<\/div>\n\t\t\t\t\t\t\t\t<\/div>\n\t\t\t\t\t<\/div>\n\t\t<\/section>\n\t\t\t\t<section class=\"elementor-section elementor-top-section elementor-element elementor-element-ccdf959 elementor-section-boxed elementor-section-height-default elementor-section-height-default\" data-id=\"ccdf959\" data-element_type=\"section\">\n\t\t\t\t\t\t<div class=\"elementor-container elementor-column-gap-default\">\n\t\t\t\t\t\t\t<div class=\"elementor-row\">\n\t\t\t\t\t<div class=\"elementor-column elementor-col-25 elementor-top-column elementor-element elementor-element-5a7232d\" data-id=\"5a7232d\" data-element_type=\"column\">\n\t\t\t<div class=\"elementor-column-wrap elementor-element-populated\">\n\t\t\t\t\t\t\t<div class=\"elementor-widget-wrap\">\n\t\t\t\t\t\t<div class=\"elementor-element elementor-element-6a7fcdc elementor-widget elementor-widget-image\" data-id=\"6a7fcdc\" data-element_type=\"widget\" data-widget_type=\"image.default\">\n\t\t\t\t<div class=\"elementor-widget-container\">\n\t\t\t\t\t<div class=\"elementor-image\">\n\t\t\t\t\t\t\t\t\t\t<img width=\"960\" height=\"640\" src=\"https:\/\/tiszadadakemping.hu\/wp-content\/uploads\/2022\/03\/Konyha_Miklos_kepe-1024x683.jpg\" class=\"attachment-large size-large\" alt=\"\" loading=\"lazy\" srcset=\"https:\/\/tiszadadakemping.hu\/wp-content\/uploads\/2022\/03\/Konyha_Miklos_kepe-1024x683.jpg 1024w, https:\/\/tiszadadakemping.hu\/wp-content\/uploads\/2022\/03\/Konyha_Miklos_kepe-300x200.jpg 300w, https:\/\/tiszadadakemping.hu\/wp-content\/uploads\/2022\/03\/Konyha_Miklos_kepe-768x512.jpg 768w, https:\/\/tiszadadakemping.hu\/wp-content\/uploads\/2022\/03\/Konyha_Miklos_kepe-1536x1024.jpg 1536w, https:\/\/tiszadadakemping.hu\/wp-content\/uploads\/2022\/03\/Konyha_Miklos_kepe-1140x760.jpg 1140w, https:\/\/tiszadadakemping.hu\/wp-content\/uploads\/2022\/03\/Konyha_Miklos_kepe.jpg 1920w\" sizes=\"(max-width: 960px) 100vw, 960px\" \/>\t\t\t\t\t\t\t\t\t\t\t<\/div>\n\t\t\t\t<\/div>\n\t\t\t\t<\/div>\n\t\t\t\t\t\t<\/div>\n\t\t\t\t\t<\/div>\n\t\t<\/div>\n\t\t\t\t<div class=\"elementor-column elementor-col-25 elementor-top-column elementor-element elementor-element-f3b3f6c\" data-id=\"f3b3f6c\" data-element_type=\"column\">\n\t\t\t<div class=\"elementor-column-wrap elementor-element-populated\">\n\t\t\t\t\t\t\t<div class=\"elementor-widget-wrap\">\n\t\t\t\t\t\t<div class=\"elementor-element elementor-element-9df938f elementor-widget elementor-widget-image\" data-id=\"9df938f\" data-element_type=\"widget\" data-widget_type=\"image.default\">\n\t\t\t\t<div class=\"elementor-widget-container\">\n\t\t\t\t\t<div class=\"elementor-image\">\n\t\t\t\t\t\t\t\t\t\t<img width=\"873\" height=\"1024\" src=\"https:\/\/tiszadadakemping.hu\/wp-content\/uploads\/2022\/03\/Vadles-1-873x1024.jpg\" class=\"attachment-large size-large\" alt=\"\" loading=\"lazy\" srcset=\"https:\/\/tiszadadakemping.hu\/wp-content\/uploads\/2022\/03\/Vadles-1-873x1024.jpg 873w, https:\/\/tiszadadakemping.hu\/wp-content\/uploads\/2022\/03\/Vadles-1-256x300.jpg 256w, https:\/\/tiszadadakemping.hu\/wp-content\/uploads\/2022\/03\/Vadles-1-768x900.jpg 768w, https:\/\/tiszadadakemping.hu\/wp-content\/uploads\/2022\/03\/Vadles-1-1310x1536.jpg 1310w, https:\/\/tiszadadakemping.hu\/wp-content\/uploads\/2022\/03\/Vadles-1-1140x1337.jpg 1140w, https:\/\/tiszadadakemping.hu\/wp-content\/uploads\/2022\/03\/Vadles-1-rotated.jpg 1496w\" sizes=\"(max-width: 873px) 100vw, 873px\" \/>\t\t\t\t\t\t\t\t\t\t\t<\/div>\n\t\t\t\t<\/div>\n\t\t\t\t<\/div>\n\t\t\t\t\t\t<\/div>\n\t\t\t\t\t<\/div>\n\t\t<\/div>\n\t\t\t\t<div class=\"elementor-column elementor-col-50 elementor-top-column elementor-element elementor-element-792dd7a\" data-id=\"792dd7a\" data-element_type=\"column\">\n\t\t\t<div class=\"elementor-column-wrap elementor-element-populated\">\n\t\t\t\t\t\t\t<div class=\"elementor-widget-wrap\">\n\t\t\t\t\t\t<div class=\"elementor-element elementor-element-d999315 elementor-widget elementor-widget-text-editor\" data-id=\"d999315\" data-element_type=\"widget\" data-widget_type=\"text-editor.default\">\n\t\t\t\t<div class=\"elementor-widget-container\">\n\t\t\t\t\t<div class=\"elementor-text-editor elementor-clearfix\"><p><span class=\"Y2IQFc\" lang=\"de\">Wir haben in Zusammenarbeit mit dem Nationalpark Hortob\u00e1gy im Naturschutzgebiet Tiszadob Aue eine Naturfotostation zur Wasservogelbeobachtung mit einem Detektivglas gebaut. Die Beobachtungsstation des Fotografen wurde haupts\u00e4chlich f\u00fcr Umweltbildung, Schulungen und Kindercamps entwickelt. Es wird auch m\u00f6glich sein, es f\u00fcr professionelle oder Amateur-Naturfotografen zu mieten, was eine vorherige Anmeldung an der Rezeption erfordert.<\/span><\/p>\n<\/div>\n\t\t\t\t<\/div>\n\t\t\t\t<\/div>\n\t\t\t\t\t\t<\/div>\n\t\t\t\t\t<\/div>\n\t\t<\/div>\n\t\t\t\t\t\t\t\t<\/div>\n\t\t\t\t\t<\/div>\n\t\t<\/section>\n\t\t\t\t\t\t<\/div>\n\t\t\t\t\t\t<\/div>\n\t\t\t\t\t<\/div>\n\t\t","protected":false},"excerpt":{"rendered":"<p>Das \u00d6ko-Camping &amp; Glamping Tiszadada ist f\u00fcr Klassenfahrten und Freizeiten hervorragend geeignet. Die Teilnehmer finden in ger\u00e4umigen Zelten mit 6 Feldbetten Platz, die Begleiter wohnen in Zelten mit 2-4 Betten. Wir stellen die Zelte auf dem Campingplatz Zeltlager-artig auf. So k\u00f6nnen insgesamt 25-30 Kinder und 2-4 Erwachsene untergebracht werden. Interessierte Klassen unterst\u00fctzen wir mit Vorteilspreisen, um den Teilnehmern ihre Freizeiten an einer naturnahen Unterkunft so bunt wie m\u00f6glich zu gestalten. Bei mehr als 10 Personen kann eine Person, bei \u00fcber 20 Personen zwei Personen kostenlos teilnehmen.\u00a0 Unser Zeltlager bietet sich hervorragend f\u00fcr thematische Freizeiten an. Wasser-Camp, Ausflugs-Camp, Radler-Camp, Vogelschutz-Camp, Naturschutz-Camp, Yoga-Camp, Tai-Chi und Kampfkunst-Camps, Selbsterkenntnis- und Team-Building-Camp, Pfadfinder-Camp, Outdoor-Abenteuer-Camp \u2013 sind nur einige Ideen aus vielen hervorragenden M\u00f6glichkeiten. Unser Campingplatz ist zusammen mit der Bizek Emi-Stiftung f\u00fcr die Planung der Naturfotografie-Freizeiten zust\u00e4ndig. Wir haben in Zusammenarbeit mit dem Nationalpark Hortob\u00e1gy im Naturschutzgebiet Tiszadob Aue eine Naturfotostation zur Wasservogelbeobachtung mit einem Detektivglas gebaut. Die Beobachtungsstation des Fotografen wurde haupts\u00e4chlich f\u00fcr Umweltbildung, Schulungen und Kindercamps entwickelt. Es wird auch m\u00f6glich sein, es f\u00fcr professionelle oder Amateur-Naturfotografen zu mieten, was eine vorherige Anmeldung an der Rezeption erfordert.<\/p>\n","protected":false},"author":1,"featured_media":0,"parent":3020,"menu_order":6,"comment_status":"closed","ping_status":"closed","template":"","meta":[],"_links":{"self":[{"href":"https:\/\/tiszadadakemping.hu\/index.php\/wp-json\/wp\/v2\/pages\/3027"}],"collection":[{"href":"https:\/\/tiszadadakemping.hu\/index.php\/wp-json\/wp\/v2\/pages"}],"about":[{"href":"https:\/\/tiszadadakemping.hu\/index.php\/wp-json\/wp\/v2\/types\/page"}],"author":[{"embeddable":true,"href":"https:\/\/tiszadadakemping.hu\/index.php\/wp-json\/wp\/v2\/users\/1"}],"replies":[{"embeddable":true,"href":"https:\/\/tiszadadakemping.hu\/index.php\/wp-json\/wp\/v2\/comments?post=3027"}],"version-history":[{"count":20,"href":"https:\/\/tiszadadakemping.hu\/index.php\/wp-json\/wp\/v2\/pages\/3027\/revisions"}],"predecessor-version":[{"id":5940,"href":"https:\/\/tiszadadakemping.hu\/index.php\/wp-json\/wp\/v2\/pages\/3027\/revisions\/5940"}],"up":[{"embeddable":true,"href":"https:\/\/tiszadadakemping.hu\/index.php\/wp-json\/wp\/v2\/pages\/3020"}],"wp:attachment":[{"href":"https:\/\/tiszadadakemping.hu\/index.php\/wp-json\/wp\/v2\/media?parent=3027"}],"curies":[{"name":"wp","href":"https:\/\/api.w.org\/{rel}","templated":true}]}}