{"id":3033,"date":"2021-09-12T18:45:12","date_gmt":"2021-09-12T18:45:12","guid":{"rendered":"https:\/\/tiszadadakemping.hu\/index.php\/ausfluege\/eurovelo-familien-radweg\/"},"modified":"2022-03-19T18:44:29","modified_gmt":"2022-03-19T18:44:29","slug":"eurovelo-familien-radweg","status":"publish","type":"page","link":"https:\/\/tiszadadakemping.hu\/index.php\/ausfluege\/eurovelo-familien-radweg\/?lang=de","title":{"rendered":"Eurovelo Familien Radweg"},"content":{"rendered":"\t\t<div data-elementor-type=\"wp-page\" data-elementor-id=\"3033\" class=\"elementor elementor-3033 elementor-263\" data-elementor-settings=\"[]\">\n\t\t\t\t\t\t<div class=\"elementor-inner\">\n\t\t\t\t\t\t\t<div class=\"elementor-section-wrap\">\n\t\t\t\t\t\t\t<section class=\"elementor-section elementor-top-section elementor-element elementor-element-1a85a94b elementor-section-boxed elementor-section-height-default elementor-section-height-default\" data-id=\"1a85a94b\" data-element_type=\"section\">\n\t\t\t\t\t\t<div class=\"elementor-container elementor-column-gap-default\">\n\t\t\t\t\t\t\t<div class=\"elementor-row\">\n\t\t\t\t\t<div class=\"elementor-column elementor-col-100 elementor-top-column elementor-element elementor-element-1eacd9d1\" data-id=\"1eacd9d1\" data-element_type=\"column\">\n\t\t\t<div class=\"elementor-column-wrap elementor-element-populated\">\n\t\t\t\t\t\t\t<div class=\"elementor-widget-wrap\">\n\t\t\t\t\t\t<div class=\"elementor-element elementor-element-1cc52f6e elementor-widget elementor-widget-text-editor\" data-id=\"1cc52f6e\" data-element_type=\"widget\" data-widget_type=\"text-editor.default\">\n\t\t\t\t<div class=\"elementor-widget-container\">\n\t\t\t\t\t<div class=\"elementor-text-editor elementor-clearfix\"><p>Der auf der anderen Seite unseres Zaunes verlaufende EuroVelo 11, auch East Europe Route genannt, ist die elfte Linie der internationalen EuroVelo-Route, welche von Norwegen nach Griechenland f\u00fchrt. Sie ist eine der drei in Ungarn verlaufenden EuroVelo-Radwege und folgt auf der gesamten Strecke der Tisza. Die gesamte 30 km lange Route zwischen Tiszal\u00f6k und Tisza See ist gesch\u00fctzt und verl\u00e4uft auf einer auch f\u00fcr Familien sehr gut befahrbaren Strecke.<\/p>\n<p>Sie folgen auf ihrer Route der Tisza und gelangen direkt nach unserem Camping-Platz an die Altarme des anschlie\u00dfenden \u00dcberschwemmungs-Naturschutzgebietes in Tiszadob.<\/p>\n<p><strong><em><a href=\"https:\/\/tiszadadakemping.hu\/index.php\/camping-glamping\/fahrrad-und-bootsleihe\/?lang=de\">Preise f\u00fcr Fahrrad und Bootsleihe:<\/a><\/em><\/strong><\/p>\n<\/div>\n\t\t\t\t<\/div>\n\t\t\t\t<\/div>\n\t\t\t\t\t\t<\/div>\n\t\t\t\t\t<\/div>\n\t\t<\/div>\n\t\t\t\t\t\t\t\t<\/div>\n\t\t\t\t\t<\/div>\n\t\t<\/section>\n\t\t\t\t<section class=\"elementor-section elementor-top-section elementor-element elementor-element-ad417fb elementor-section-boxed elementor-section-height-default elementor-section-height-default\" data-id=\"ad417fb\" data-element_type=\"section\">\n\t\t\t\t\t\t<div class=\"elementor-container elementor-column-gap-default\">\n\t\t\t\t\t\t\t<div class=\"elementor-row\">\n\t\t\t\t\t<div class=\"elementor-column elementor-col-100 elementor-top-column elementor-element elementor-element-7a4e3b7\" data-id=\"7a4e3b7\" data-element_type=\"column\">\n\t\t\t<div class=\"elementor-column-wrap elementor-element-populated\">\n\t\t\t\t\t\t\t<div class=\"elementor-widget-wrap\">\n\t\t\t\t\t\t<div class=\"elementor-element elementor-element-b1a174c elementor-align-center elementor-widget elementor-widget-button\" data-id=\"b1a174c\" data-element_type=\"widget\" data-widget_type=\"button.default\">\n\t\t\t\t<div class=\"elementor-widget-container\">\n\t\t\t\t\t<div class=\"elementor-button-wrapper\">\n\t\t\t<a href=\"https:\/\/tiszadadakemping.hu\/index.php\/camping-glamping\/fahrrad-und-bootsleihe\/?lang=de\" class=\"elementor-button-link elementor-button elementor-size-sm\" role=\"button\">\n\t\t\t\t\t\t<span class=\"elementor-button-content-wrapper\">\n\t\t\t\t\t\t<span class=\"elementor-button-text\">Fahrrad- und Bootsleihe<\/span>\n\t\t<\/span>\n\t\t\t\t\t<\/a>\n\t\t<\/div>\n\t\t\t\t<\/div>\n\t\t\t\t<\/div>\n\t\t\t\t\t\t<\/div>\n\t\t\t\t\t<\/div>\n\t\t<\/div>\n\t\t\t\t\t\t\t\t<\/div>\n\t\t\t\t\t<\/div>\n\t\t<\/section>\n\t\t\t\t\t\t<\/div>\n\t\t\t\t\t\t<\/div>\n\t\t\t\t\t<\/div>\n\t\t","protected":false},"excerpt":{"rendered":"<p>Der auf der anderen Seite unseres Zaunes verlaufende EuroVelo 11, auch East Europe Route genannt, ist die elfte Linie der internationalen EuroVelo-Route, welche von Norwegen nach Griechenland f\u00fchrt. Sie ist eine der drei in Ungarn verlaufenden EuroVelo-Radwege und folgt auf der gesamten Strecke der Tisza. Die gesamte 30 km lange Route zwischen Tiszal\u00f6k und Tisza See ist gesch\u00fctzt und verl\u00e4uft auf einer auch f\u00fcr Familien sehr gut befahrbaren Strecke. Sie folgen auf ihrer Route der Tisza und gelangen direkt nach unserem Camping-Platz an die Altarme des anschlie\u00dfenden \u00dcberschwemmungs-Naturschutzgebietes in Tiszadob. Preise f\u00fcr Fahrrad und Bootsleihe: Fahrrad- und Bootsleihe<\/p>\n","protected":false},"author":1,"featured_media":0,"parent":3029,"menu_order":0,"comment_status":"closed","ping_status":"closed","template":"","meta":[],"_links":{"self":[{"href":"https:\/\/tiszadadakemping.hu\/index.php\/wp-json\/wp\/v2\/pages\/3033"}],"collection":[{"href":"https:\/\/tiszadadakemping.hu\/index.php\/wp-json\/wp\/v2\/pages"}],"about":[{"href":"https:\/\/tiszadadakemping.hu\/index.php\/wp-json\/wp\/v2\/types\/page"}],"author":[{"embeddable":true,"href":"https:\/\/tiszadadakemping.hu\/index.php\/wp-json\/wp\/v2\/users\/1"}],"replies":[{"embeddable":true,"href":"https:\/\/tiszadadakemping.hu\/index.php\/wp-json\/wp\/v2\/comments?post=3033"}],"version-history":[{"count":12,"href":"https:\/\/tiszadadakemping.hu\/index.php\/wp-json\/wp\/v2\/pages\/3033\/revisions"}],"predecessor-version":[{"id":3389,"href":"https:\/\/tiszadadakemping.hu\/index.php\/wp-json\/wp\/v2\/pages\/3033\/revisions\/3389"}],"up":[{"embeddable":true,"href":"https:\/\/tiszadadakemping.hu\/index.php\/wp-json\/wp\/v2\/pages\/3029"}],"wp:attachment":[{"href":"https:\/\/tiszadadakemping.hu\/index.php\/wp-json\/wp\/v2\/media?parent=3033"}],"curies":[{"name":"wp","href":"https:\/\/api.w.org\/{rel}","templated":true}]}}