{"id":3149,"date":"2021-10-26T16:14:24","date_gmt":"2021-10-26T16:14:24","guid":{"rendered":"https:\/\/tiszadadakemping.hu\/index.php\/kontakt\/"},"modified":"2025-06-30T08:51:16","modified_gmt":"2025-06-30T08:51:16","slug":"kontakt","status":"publish","type":"page","link":"https:\/\/tiszadadakemping.hu\/index.php\/kontakt\/?lang=sk","title":{"rendered":"Kontakt"},"content":{"rendered":"\t\t<div data-elementor-type=\"wp-page\" data-elementor-id=\"3149\" class=\"elementor elementor-3149 elementor-32\" data-elementor-settings=\"[]\">\n\t\t\t\t\t\t<div class=\"elementor-inner\">\n\t\t\t\t\t\t\t<div class=\"elementor-section-wrap\">\n\t\t\t\t\t\t\t<section class=\"elementor-section elementor-top-section elementor-element elementor-element-c5d315c elementor-section-boxed elementor-section-height-default elementor-section-height-default\" data-id=\"c5d315c\" data-element_type=\"section\">\n\t\t\t\t\t\t<div class=\"elementor-container elementor-column-gap-default\">\n\t\t\t\t\t\t\t<div class=\"elementor-row\">\n\t\t\t\t\t<div class=\"elementor-column elementor-col-50 elementor-top-column elementor-element elementor-element-dde5bd1\" data-id=\"dde5bd1\" data-element_type=\"column\">\n\t\t\t<div class=\"elementor-column-wrap elementor-element-populated\">\n\t\t\t\t\t\t\t<div class=\"elementor-widget-wrap\">\n\t\t\t\t\t\t<div class=\"elementor-element elementor-element-aeb89c4 elementor-widget elementor-widget-text-editor\" data-id=\"aeb89c4\" data-element_type=\"widget\" data-widget_type=\"text-editor.default\">\n\t\t\t\t<div class=\"elementor-widget-container\">\n\t\t\t\t\t<div class=\"elementor-text-editor elementor-clearfix\"><p><strong>Kemping je otvoren\u00fd:<\/strong><br \/>v obdob\u00ed od 1 m\u00e1ja do 30 septembra<\/p><p><strong>Recepcia<\/strong>:\u00a0Od 8:00 do 12:00 a od 15:00 do 19:00 hod\u00edn<\/p><p><strong>Telef\u00f3n<\/strong>: +36-20-364-2101<br \/><strong>E-mail<\/strong>: <a href=\"mailto:info@tiszadadakemping.hu\">info@tiszadadakemping.hu<\/a><\/p><p><strong>Na\u0161a adresa<\/strong>: H-<a href=\"https:\/\/www.google.hu\/maps\/place\/Dada+Kemping\/@48.020431,21.2362151,14.24z\/data=!4m5!3m4!1s0x4740aaaa0559c4a1:0x4ba0e6c5ef2f7e20!8m2!3d48.0241678!4d21.2278058\">4455 Tiszadada, Sir\u00e1ly u. 2.<\/a><\/p><p><img loading=\"lazy\" class=\"wp-image-3936 alignleft\" src=\"https:\/\/tiszadadakemping.hu\/wp-content\/uploads\/2022\/05\/IMG_0325-225x300.jpg\" alt=\"\" width=\"100\" height=\"133\" srcset=\"https:\/\/tiszadadakemping.hu\/wp-content\/uploads\/2022\/05\/IMG_0325-225x300.jpg 225w, https:\/\/tiszadadakemping.hu\/wp-content\/uploads\/2022\/05\/IMG_0325-768x1024.jpg 768w, https:\/\/tiszadadakemping.hu\/wp-content\/uploads\/2022\/05\/IMG_0325-1152x1536.jpg 1152w, https:\/\/tiszadadakemping.hu\/wp-content\/uploads\/2022\/05\/IMG_0325-1140x1520.jpg 1140w, https:\/\/tiszadadakemping.hu\/wp-content\/uploads\/2022\/05\/IMG_0325-rotated.jpg 1512w\" sizes=\"(max-width: 100px) 100vw, 100px\" \/>Dopravn\u00e9 zna\u010dky z centra obce ozna\u010duj\u00fa cestu do kempu. Cesta je po celej d\u013a\u017eke spevnen\u00e1. <i><b>Nedovo\u013ete, aby v\u00e1s pl\u00e1nova\u010d tr\u00e1s GPS nasmeroval na po\u013en\u00e9 cesty!<\/b><\/i><\/p><\/div>\n\t\t\t\t<\/div>\n\t\t\t\t<\/div>\n\t\t\t\t\t\t<\/div>\n\t\t\t\t\t<\/div>\n\t\t<\/div>\n\t\t\t\t<div class=\"elementor-column elementor-col-50 elementor-top-column elementor-element elementor-element-50a8aa9\" data-id=\"50a8aa9\" data-element_type=\"column\">\n\t\t\t<div class=\"elementor-column-wrap elementor-element-populated\">\n\t\t\t\t\t\t\t<div class=\"elementor-widget-wrap\">\n\t\t\t\t\t\t<div class=\"elementor-element elementor-element-e04f643 elementor-widget elementor-widget-shortcode\" data-id=\"e04f643\" data-element_type=\"widget\" data-widget_type=\"shortcode.default\">\n\t\t\t\t<div class=\"elementor-widget-container\">\n\t\t\t\t\t<div class=\"elementor-shortcode\"><div id=\"wpgmza_map\" class=\"wpgmza_map\" data-settings='{\"id\":\"2\",\"map_title\":\"Contact Map\",\"map_width\":\"100\",\"map_height\":\"300\",\"map_start_lat\":\"48.023731491372644\",\"map_start_lng\":\"21.227749019228003\",\"map_start_location\":\"48.025220899999994,21.2301575\",\"map_start_zoom\":\"15\",\"default_marker\":\"0\",\"type\":\"1\",\"alignment\":\"4\",\"directions_enabled\":\"1\",\"styling_enabled\":\"0\",\"styling_json\":\"\",\"active\":\"0\",\"kml\":\"\",\"bicycle\":\"0\",\"traffic\":\"0\",\"dbox\":\"1\",\"dbox_width\":\"100\",\"listmarkers\":\"0\",\"listmarkers_advanced\":\"0\",\"filterbycat\":\"0\",\"ugm_enabled\":\"0\",\"ugm_category_enabled\":\"0\",\"fusion\":\"\",\"map_width_type\":\"%\",\"map_height_type\":\"px\",\"mass_marker_support\":\"1\",\"ugm_access\":\"0\",\"order_markers_by\":\"0\",\"order_markers_choice\":\"0\",\"show_user_location\":\"0\",\"default_to\":\"\",\"other_settings\":{\"store_locator_enabled\":false,\"store_locator_distance\":true,\"store_locator_default_radius\":10,\"store_locator_not_found_message\":\"\",\"store_locator_bounce\":1,\"store_locator_query_string\":\"\",\"store_locator_default_address\":\"\",\"wpgmza_store_locator_restrict\":\"\",\"wpgmza_store_locator_radius_style\":\"modern\",\"map_max_zoom\":\"1\",\"transport_layer\":false,\"wpgmza_theme_data\":\"\",\"wpgmza_show_points_of_interest\":1,\"wpgmza_auto_night\":0,\"action\":\"wpgmza_save_map\",\"redirect_to\":\"\\\/wp-admin\\\/admin-post.php\",\"map_id\":\"2\",\"http_referer\":\"\\\/wp-admin\\\/admin.php?page=wp-google-maps-menu&amp;amp;action=edit&amp;amp;map_id=2\",\"wpgmza_id\":\"2\",\"wpgmza_start_location\":\"48.023731491372644,21.227749019228003\",\"wpgmza_start_zoom\":\"20\",\"store_locator_search_area\":\"radial\",\"wpgmza_store_locator_default_radius\":\"10\",\"store_locator_auto_area_max_zoom\":\"\",\"wpgmza_store_locator_position\":false,\"store_locator_show_distance\":false,\"store_locator_category\":false,\"wpgmza_store_locator_use_their_location\":false,\"wpgmza_store_locator_bounce\":false,\"wpgmza_sl_animation\":null,\"wpgmza_store_locator_hide_before_search\":false,\"store_locator_name_search\":false,\"store_locator_name_string\":\"\",\"sl_stroke_color\":\"\",\"sl_stroke_opacity\":\"\",\"sl_fill_color\":\"\",\"sl_fill_opacity\":\"\",\"wpgmza_map_align\":\"1\",\"jump_to_nearest_marker_on_initialization\":false,\"automatically_pan_to_users_location\":false,\"override_users_location_zoom_level\":false,\"override_users_location_zoom_levels\":\"\",\"show_distance_from_location\":false,\"map_min_zoom\":\"0\",\"click_open_link\":false,\"fit_maps_bounds_to_markers\":false,\"fit_maps_bounds_to_markers_after_filtering\":false,\"hide_point_of_interest\":false,\"wpgmza_zoom_on_marker_click\":false,\"wpgmza_zoom_on_marker_click_slider\":\"\",\"close_infowindow_on_map_click\":false,\"disable_lightbox_images\":false,\"use_Raw_Jpeg_Coordinates\":false,\"disable_polygon_info_windows\":false,\"enable_marker_ratings\":false,\"only_load_markers_within_viewport\":false,\"iw_primary_color\":\"#000000\",\"iw_accent_color\":\"#000000\",\"iw_text_color\":\"#000000\",\"wpgmza_listmarkers_by\":\"0\",\"wpgmza_marker_listing_position\":false,\"zoom_level_on_marker_listing_override\":false,\"zoom_level_on_marker_listing_click\":\"\",\"datatable_no_result_message\":\"\",\"remove_search_box_datables\":false,\"dataTable_pagination_style\":null,\"datatable_search_string\":\"\",\"datatable_result_start\":\"\",\"datatable_result_of\":\"\",\"datatable_result_to\":\"\",\"datatable_result_total\":\"\",\"datatable_result_show\":\"\",\"datatable_result_entries\":\"\",\"wpgmza_savemap\":\"Save Map \\u00bb\"}}' data-map-id='2' Data-maps-engine='open-layers' data-shortcode-attributes='{\"id\":\"2\"}' style=\"display:block; overflow:auto; width:100%; height:300px; float:left;\"><\/div><\/div>\n\t\t\t\t<\/div>\n\t\t\t\t<\/div>\n\t\t\t\t\t\t<\/div>\n\t\t\t\t\t<\/div>\n\t\t<\/div>\n\t\t\t\t\t\t\t\t<\/div>\n\t\t\t\t\t<\/div>\n\t\t<\/section>\n\t\t\t\t<section class=\"elementor-section elementor-top-section elementor-element elementor-element-24b2079 elementor-section-boxed elementor-section-height-default elementor-section-height-default\" data-id=\"24b2079\" data-element_type=\"section\">\n\t\t\t\t\t\t<div class=\"elementor-container elementor-column-gap-default\">\n\t\t\t\t\t\t\t<div class=\"elementor-row\">\n\t\t\t\t\t<div class=\"elementor-column elementor-col-100 elementor-top-column elementor-element elementor-element-e943b95\" data-id=\"e943b95\" data-element_type=\"column\">\n\t\t\t<div class=\"elementor-column-wrap elementor-element-populated\">\n\t\t\t\t\t\t\t<div class=\"elementor-widget-wrap\">\n\t\t\t\t\t\t<div class=\"elementor-element elementor-element-958a18d elementor-button-success elementor-align-center elementor-widget elementor-widget-button\" data-id=\"958a18d\" data-element_type=\"widget\" data-widget_type=\"button.default\">\n\t\t\t\t<div class=\"elementor-widget-container\">\n\t\t\t\t\t<div class=\"elementor-button-wrapper\">\n\t\t\t<a href=\"https:\/\/tiszadadakemping.hu\/?page_id=6329&#038;lang=sk\" class=\"elementor-button-link elementor-button elementor-size-lg\" role=\"button\">\n\t\t\t\t\t\t<span class=\"elementor-button-content-wrapper\">\n\t\t\t\t\t\t<span class=\"elementor-button-icon elementor-align-icon-left\">\n\t\t\t\t<i aria-hidden=\"true\" class=\"far fa-hand-point-up\"><\/i>\t\t\t<\/span>\n\t\t\t\t\t\t<span class=\"elementor-button-text\">On-line RESERV\u00c1CIA<\/span>\n\t\t<\/span>\n\t\t\t\t\t<\/a>\n\t\t<\/div>\n\t\t\t\t<\/div>\n\t\t\t\t<\/div>\n\t\t\t\t<div class=\"elementor-element elementor-element-d2eb361 elementor-widget-divider--view-line elementor-widget elementor-widget-divider\" data-id=\"d2eb361\" data-element_type=\"widget\" data-widget_type=\"divider.default\">\n\t\t\t\t<div class=\"elementor-widget-container\">\n\t\t\t\t\t<div class=\"elementor-divider\">\n\t\t\t<span class=\"elementor-divider-separator\">\n\t\t\t\t\t\t<\/span>\n\t\t<\/div>\n\t\t\t\t<\/div>\n\t\t\t\t<\/div>\n\t\t\t\t<div class=\"elementor-element elementor-element-21fe4ed elementor-widget elementor-widget-heading\" data-id=\"21fe4ed\" data-element_type=\"widget\" data-widget_type=\"heading.default\">\n\t\t\t\t<div class=\"elementor-widget-container\">\n\t\t\t<h3 class=\"elementor-heading-title elementor-size-default\">Pros\u00edm, za\u0161lite n\u00e1m spr\u00e1vu<\/h3>\t\t<\/div>\n\t\t\t\t<\/div>\n\t\t\t\t<div class=\"elementor-element elementor-element-9191881 elementor-widget elementor-widget-shortcode\" data-id=\"9191881\" data-element_type=\"widget\" data-widget_type=\"shortcode.default\">\n\t\t\t\t<div class=\"elementor-widget-container\">\n\t\t\t\t\t<div class=\"elementor-shortcode\"><div role=\"form\" class=\"wpcf7\" id=\"wpcf7-f151-o1\" lang=\"hu-HU\" dir=\"ltr\">\n<div class=\"screen-reader-response\"><p role=\"status\" aria-live=\"polite\" aria-atomic=\"true\"><\/p> <ul><\/ul><\/div>\n<form action=\"\/index.php\/wp-json\/wp\/v2\/pages\/3149#wpcf7-f151-o1\" method=\"post\" class=\"wpcf7-form init\" novalidate=\"novalidate\" data-status=\"init\">\n<div style=\"display: none;\">\n<input type=\"hidden\" name=\"_wpcf7\" value=\"151\" \/>\n<input type=\"hidden\" name=\"_wpcf7_version\" value=\"5.4.2\" \/>\n<input type=\"hidden\" name=\"_wpcf7_locale\" value=\"hu_HU\" \/>\n<input type=\"hidden\" name=\"_wpcf7_unit_tag\" value=\"wpcf7-f151-o1\" \/>\n<input type=\"hidden\" name=\"_wpcf7_container_post\" value=\"0\" \/>\n<input type=\"hidden\" name=\"_wpcf7_posted_data_hash\" value=\"\" \/>\n<input type=\"hidden\" name=\"_wpcf7_recaptcha_response\" value=\"\" \/>\n<\/div>\n<p><label> N\u00e9v \/ Name<br \/>\n    <span class=\"wpcf7-form-control-wrap your-name\"><input type=\"text\" name=\"your-name\" value=\"\" size=\"40\" class=\"wpcf7-form-control wpcf7-text wpcf7-validates-as-required\" aria-required=\"true\" aria-invalid=\"false\" \/><\/span> <\/label><\/p>\n<p><label> Email<br \/>\n    <span class=\"wpcf7-form-control-wrap your-email\"><input type=\"email\" name=\"your-email\" value=\"\" size=\"40\" class=\"wpcf7-form-control wpcf7-text wpcf7-email wpcf7-validates-as-required wpcf7-validates-as-email\" aria-required=\"true\" aria-invalid=\"false\" \/><\/span> <\/label><\/p>\n<p><label> T\u00e1rgy \/ Subject<br \/>\n    <span class=\"wpcf7-form-control-wrap Subject\"><select name=\"Subject\" class=\"wpcf7-form-control wpcf7-select\" aria-invalid=\"false\"><option value=\"\u00c1ltal\u00e1nos \u00fczenet \/ General message\">\u00c1ltal\u00e1nos \u00fczenet \/ General message<\/option><option value=\"Aj\u00e1nlatk\u00e9r\u00e9s \/ Inquiry\">Aj\u00e1nlatk\u00e9r\u00e9s \/ Inquiry<\/option><\/select><\/span> <\/label><\/p>\n<p><label> \u00c9rkez\u00e9s \/ Arrival date<br \/>\n    <span class=\"wpcf7-form-control-wrap arrive\"><input type=\"date\" name=\"arrive\" value=\"\" class=\"wpcf7-form-control wpcf7-date wpcf7-validates-as-date\" min=\"2025-05-01\" max=\"2025-09-29\" aria-invalid=\"false\" \/><\/span> <\/label><\/p>\n<p><label> \u00c9jszak\u00e1k sz\u00e1ma \/ No of nights<br \/>\n    <span class=\"wpcf7-form-control-wrap nights\"><input type=\"number\" name=\"nights\" value=\"\" class=\"wpcf7-form-control wpcf7-number wpcf7-validates-as-number\" min=\"1\" max=\"30\" aria-invalid=\"false\" \/><\/span> <\/label><\/p>\n<p><label> 12 \u00e9v feletti utaz\u00f3k sz\u00e1ma \/ No of travellers older than 12 years<br \/>\n    <span class=\"wpcf7-form-control-wrap adults\"><input type=\"number\" name=\"adults\" value=\"\" class=\"wpcf7-form-control wpcf7-number wpcf7-validates-as-number\" min=\"1\" max=\"30\" aria-invalid=\"false\" \/><\/span> <\/label><\/p>\n<p><label> 2-12 \u00e9ves gyerekek sz\u00e1ma \/ No of 2-12 years old children<br \/>\n    <span class=\"wpcf7-form-control-wrap children\"><input type=\"number\" name=\"children\" value=\"\" class=\"wpcf7-form-control wpcf7-number wpcf7-validates-as-number\" min=\"0\" max=\"30\" aria-invalid=\"false\" \/><\/span> <\/label><\/p>\n<p><label> Sz\u00e1ll\u00e1s t\u00edpus \/ Accomodation type<br \/>\n    <span class=\"wpcf7-form-control-wrap tipus\"><select name=\"tipus\" class=\"wpcf7-form-control wpcf7-select\" aria-invalid=\"false\"><option value=\"\">---<\/option><option value=\"S\u00e1torhely \/ Place of a tent\">S\u00e1torhely \/ Place of a tent<\/option><option value=\"Norm\u00e1l parcella \/ Standard Pitch\">Norm\u00e1l parcella \/ Standard Pitch<\/option><option value=\"XL parcella \/ XL Pitch\">XL parcella \/ XL Pitch<\/option><option value=\"Jurta Glamping \/ Yurt Glamping\">Jurta Glamping \/ Yurt Glamping<\/option><option value=\"Lombh\u00e1z Glamping \/ Treehouse Glamping\">Lombh\u00e1z Glamping \/ Treehouse Glamping<\/option><option value=\"Fah\u00e1z apartman \/ Woodhouse apartment\">Fah\u00e1z apartman \/ Woodhouse apartment<\/option><option value=\"Glamping s\u00e1tor \/ Glamping Tent\">Glamping s\u00e1tor \/ Glamping Tent<\/option><option value=\"B\u00e9relhet\u0151 kemping s\u00e1tor \/ Rent a Camping Tent\">B\u00e9relhet\u0151 kemping s\u00e1tor \/ Rent a Camping Tent<\/option><option value=\"Oszt\u00e1lykir\u00e1ndul\u00e1s, t\u00e1bor\">Oszt\u00e1lykir\u00e1ndul\u00e1s, t\u00e1bor<\/option><\/select><\/span> <\/label><\/p>\n<p><label> \u00dczenet \/ Message<br \/>\n    <span class=\"wpcf7-form-control-wrap your-message\"><textarea name=\"your-message\" cols=\"40\" rows=\"10\" class=\"wpcf7-form-control wpcf7-textarea\" aria-invalid=\"false\"><\/textarea><\/span> <\/label><\/p>\n<p><input type=\"submit\" value=\"K\u00fcld\u00e9s \/ Send\" class=\"wpcf7-form-control wpcf7-submit\" \/><\/p>\n<p style=\"display: none !important;\"><label>&#916;<textarea name=\"_wpcf7_ak_hp_textarea\" cols=\"45\" rows=\"8\" maxlength=\"100\"><\/textarea><\/label><input type=\"hidden\" id=\"ak_js_1\" name=\"_wpcf7_ak_js\" value=\"115\"\/><script>document.getElementById( \"ak_js_1\" ).setAttribute( \"value\", ( new Date() ).getTime() );<\/script><\/p><div class=\"wpcf7-response-output\" aria-hidden=\"true\"><\/div><\/form><\/div><\/div>\n\t\t\t\t<\/div>\n\t\t\t\t<\/div>\n\t\t\t\t\t\t<\/div>\n\t\t\t\t\t<\/div>\n\t\t<\/div>\n\t\t\t\t\t\t\t\t<\/div>\n\t\t\t\t\t<\/div>\n\t\t<\/section>\n\t\t\t\t\t\t<\/div>\n\t\t\t\t\t\t<\/div>\n\t\t\t\t\t<\/div>\n\t\t","protected":false},"excerpt":{"rendered":"<p>Kemping je otvoren\u00fd:v obdob\u00ed od 1 m\u00e1ja do 30 septembra Recepcia:\u00a0Od 8:00 do 12:00 a od 15:00 do 19:00 hod\u00edn Telef\u00f3n: +36-20-364-2101E-mail: info@tiszadadakemping.hu Na\u0161a adresa: H-4455 Tiszadada, Sir\u00e1ly u. 2. Dopravn\u00e9 zna\u010dky z centra obce ozna\u010duj\u00fa cestu do kempu. Cesta je po celej d\u013a\u017eke spevnen\u00e1. Nedovo\u013ete, aby v\u00e1s pl\u00e1nova\u010d tr\u00e1s GPS nasmeroval na po\u013en\u00e9 cesty! On-line RESERV\u00c1CIA Pros\u00edm, za\u0161lite n\u00e1m spr\u00e1vu<\/p>\n","protected":false},"author":1,"featured_media":0,"parent":0,"menu_order":0,"comment_status":"closed","ping_status":"closed","template":"","meta":[],"_links":{"self":[{"href":"https:\/\/tiszadadakemping.hu\/index.php\/wp-json\/wp\/v2\/pages\/3149"}],"collection":[{"href":"https:\/\/tiszadadakemping.hu\/index.php\/wp-json\/wp\/v2\/pages"}],"about":[{"href":"https:\/\/tiszadadakemping.hu\/index.php\/wp-json\/wp\/v2\/types\/page"}],"author":[{"embeddable":true,"href":"https:\/\/tiszadadakemping.hu\/index.php\/wp-json\/wp\/v2\/users\/1"}],"replies":[{"embeddable":true,"href":"https:\/\/tiszadadakemping.hu\/index.php\/wp-json\/wp\/v2\/comments?post=3149"}],"version-history":[{"count":19,"href":"https:\/\/tiszadadakemping.hu\/index.php\/wp-json\/wp\/v2\/pages\/3149\/revisions"}],"predecessor-version":[{"id":6431,"href":"https:\/\/tiszadadakemping.hu\/index.php\/wp-json\/wp\/v2\/pages\/3149\/revisions\/6431"}],"wp:attachment":[{"href":"https:\/\/tiszadadakemping.hu\/index.php\/wp-json\/wp\/v2\/media?parent=3149"}],"curies":[{"name":"wp","href":"https:\/\/api.w.org\/{rel}","templated":true}]}}