{"id":3155,"date":"2021-10-26T18:19:38","date_gmt":"2021-10-26T18:19:38","guid":{"rendered":"https:\/\/tiszadadakemping.hu\/index.php\/kemping-glamping\/nase-sluzby\/"},"modified":"2023-04-07T12:34:25","modified_gmt":"2023-04-07T12:34:25","slug":"nase-sluzby","status":"publish","type":"page","link":"https:\/\/tiszadadakemping.hu\/index.php\/kemping-glamping\/nase-sluzby\/?lang=sk","title":{"rendered":"Na\u0161e slu\u017eby"},"content":{"rendered":"\t\t<div data-elementor-type=\"wp-page\" data-elementor-id=\"3155\" class=\"elementor elementor-3155 elementor-64\" data-elementor-settings=\"[]\">\n\t\t\t\t\t\t<div class=\"elementor-inner\">\n\t\t\t\t\t\t\t<div class=\"elementor-section-wrap\">\n\t\t\t\t\t\t\t<section class=\"elementor-section elementor-top-section elementor-element elementor-element-2d3b75af elementor-section-boxed elementor-section-height-default elementor-section-height-default\" data-id=\"2d3b75af\" data-element_type=\"section\">\n\t\t\t\t\t\t<div class=\"elementor-container elementor-column-gap-default\">\n\t\t\t\t\t\t\t<div class=\"elementor-row\">\n\t\t\t\t\t<div class=\"elementor-column elementor-col-100 elementor-top-column elementor-element elementor-element-3be32fcc\" data-id=\"3be32fcc\" data-element_type=\"column\">\n\t\t\t<div class=\"elementor-column-wrap elementor-element-populated\">\n\t\t\t\t\t\t\t<div class=\"elementor-widget-wrap\">\n\t\t\t\t\t\t<div class=\"elementor-element elementor-element-7580537c elementor-widget elementor-widget-text-editor\" data-id=\"7580537c\" data-element_type=\"widget\" data-widget_type=\"text-editor.default\">\n\t\t\t\t<div class=\"elementor-widget-container\">\n\t\t\t\t\t<div class=\"elementor-text-editor elementor-clearfix\"><p><\/p>\n<p><img loading=\"lazy\" class=\"icon alignnone wp-image-3159\" style=\"width: 136px;\" src=\"https:\/\/tiszadadakemping.hu\/wp-content\/uploads\/2020\/12\/image-23.png\" alt=\"\" width=\"136\" height=\"32\" \/> Ubytovanie v bl\u00edzkosti pr\u00edrody, ktor\u00e9 vyhovuje v\u0161etk\u00fdm po\u017eiadavk\u00e1m<\/p>\n<p><\/p>\n<p><\/p>\n<p><img loading=\"lazy\" width=\"31\" height=\"30\" class=\"icon wp-image-3163\" style=\"width: 30px;\" src=\"https:\/\/tiszadadakemping.hu\/wp-content\/uploads\/2020\/12\/image-4.png\" alt=\"\" \/> K\u00fapacie jazierko<\/p>\n<p><\/p>\n<p><\/p>\n<p><img loading=\"lazy\" width=\"30\" height=\"30\" class=\"icon wp-image-3167\" style=\"width: 30px;\" src=\"https:\/\/tiszadadakemping.hu\/wp-content\/uploads\/2020\/12\/image-5.png\" alt=\"\" \/> Rybolov<\/p>\n<p><\/p>\n<p><\/p>\n<p><img loading=\"lazy\" width=\"30\" height=\"30\" class=\"icon wp-image-3171\" style=\"width: 30px;\" src=\"https:\/\/tiszadadakemping.hu\/wp-content\/uploads\/2020\/12\/image-24.png\" alt=\"\" \/> Vodn\u00e9 t\u00fary, prirodzen\u00fd pr\u00edstav<\/p>\n<p><\/p>\n<p><\/p>\n<p><img loading=\"lazy\" width=\"30\" height=\"30\" class=\"icon wp-image-3175\" style=\"width: 30px;\" src=\"https:\/\/tiszadadakemping.hu\/wp-content\/uploads\/2020\/12\/image-7.png\" alt=\"\" \/> Rodinn\u00e1 cyklotrasa Eurovelo 11<\/p>\n<p><\/p>\n<p><\/p>\n<p><img loading=\"lazy\" width=\"30\" height=\"30\" class=\"icon wp-image-3179\" style=\"width: 30px;\" src=\"https:\/\/tiszadadakemping.hu\/wp-content\/uploads\/2020\/12\/image-8.png\" alt=\"\" \/> Nespo\u010detn\u00e9 mno\u017estvo v\u00fdletov<\/p>\n<p><\/p>\n<p><\/p>\n<p><img loading=\"lazy\" width=\"30\" height=\"30\" class=\"icon wp-image-3183\" style=\"width: 30px;\" src=\"https:\/\/tiszadadakemping.hu\/wp-content\/uploads\/2020\/12\/image-9.png\" alt=\"\" \/> Letn\u00e1 kuchy\u0148a<\/p>\n<p><\/p>\n<p><\/p>\n<p><img loading=\"lazy\" width=\"30\" height=\"30\" class=\"icon wp-image-3187\" style=\"width: 30px;\" src=\"https:\/\/tiszadadakemping.hu\/wp-content\/uploads\/2020\/12\/image-10.png\" alt=\"\" \/> Miesto na zakladenie oh\u0148a<\/p>\n<p><\/p>\n<p><\/p>\n<p><img loading=\"lazy\" width=\"30\" height=\"30\" class=\"icon wp-image-3191\" style=\"letter-spacing: 0px; width: 30px;\" src=\"https:\/\/tiszadadakemping.hu\/wp-content\/uploads\/2020\/12\/image-12.png\" alt=\"\" \/> Stoln\u00fd tenis<\/p>\n<p><img loading=\"lazy\" width=\"30\" height=\"30\" class=\"icon wp-image-3195\" style=\"width: 30px;\" src=\"https:\/\/tiszadadakemping.hu\/wp-content\/uploads\/2020\/12\/image-13.png\" alt=\"\" \/> Kemping vhodn\u00fd aj pre n\u00e1v\u0161tevn\u00edkov so psom<\/p>\n<p><\/p>\n<p><\/p>\n<p><img loading=\"lazy\" width=\"29\" height=\"30\" class=\"icon wp-image-3199\" style=\"width: 30px;\" src=\"https:\/\/tiszadadakemping.hu\/wp-content\/uploads\/2020\/12\/image-14.png\" alt=\"\" \/> Chemick\u00e9 WC<\/p>\n<p><\/p>\n<p><\/p>\n<p><img loading=\"lazy\" width=\"30\" height=\"30\" class=\"icon wp-image-3203\" style=\"width: 30px;\" src=\"https:\/\/tiszadadakemping.hu\/wp-content\/uploads\/2020\/12\/image-15.png\" alt=\"\" \/> Odtok dom\u00e1cej \u00fa\u017eitkovej vody<\/p>\n<p><\/p>\n<p><\/p>\n<p><img loading=\"lazy\" width=\"30\" height=\"30\" class=\"icon wp-image-3207\" style=\"width: 30px;\" src=\"https:\/\/tiszadadakemping.hu\/wp-content\/uploads\/2020\/12\/image-25.png\" alt=\"\" \/> Free WiFi<\/p>\n<p><\/p>\n<p><\/p>\n<p><img loading=\"lazy\" width=\"30\" height=\"30\" class=\"icon wp-image-3211\" style=\"width: 30px;\" src=\"https:\/\/tiszadadakemping.hu\/wp-content\/uploads\/2020\/12\/image-17.png\" alt=\"\" \/> Ihrisko<\/p>\n<p><\/p>\n<p><\/p>\n<p><img loading=\"lazy\" width=\"31\" height=\"30\" class=\"icon wp-image-3215\" style=\"width: 30px;\" src=\"https:\/\/tiszadadakemping.hu\/wp-content\/uploads\/2020\/12\/image-18.png\" alt=\"\" \/> Pr\u00e1\u010dka<\/p>\n<p><\/p>\n<p><\/p>\n<p><img loading=\"lazy\" width=\"30\" height=\"30\" class=\"icon wp-image-3219\" style=\"width: 30px;\" src=\"https:\/\/tiszadadakemping.hu\/wp-content\/uploads\/2020\/12\/image-19.png\" alt=\"\" \/> Selekt\u00edvny zber odpadov<\/p>\n<p><\/p>\n<p><\/p>\n<p><img loading=\"lazy\" width=\"851\" height=\"780\" class=\"icon wp-image-3223\" style=\"width: 30px;\" src=\"https:\/\/tiszadadakemping.hu\/wp-content\/uploads\/2020\/12\/eco_green_car_plug_icon_v3.png\" alt=\"\" srcset=\"https:\/\/tiszadadakemping.hu\/wp-content\/uploads\/2020\/12\/eco_green_car_plug_icon_v3.png 851w, https:\/\/tiszadadakemping.hu\/wp-content\/uploads\/2020\/12\/eco_green_car_plug_icon_v3-300x275.png 300w, https:\/\/tiszadadakemping.hu\/wp-content\/uploads\/2020\/12\/eco_green_car_plug_icon_v3-768x704.png 768w, https:\/\/tiszadadakemping.hu\/wp-content\/uploads\/2020\/12\/eco_green_car_plug_icon_v3-600x550.png 600w\" sizes=\"(max-width: 851px) 100vw, 851px\" \/> Nab\u00edjacie miesto pre elektromobily (3,7kW)<\/p>\n<p><\/p>\n<p><\/p>\n<p><img loading=\"lazy\" width=\"30\" height=\"30\" class=\"icon wp-image-3227\" style=\"width: 30px;\" src=\"https:\/\/tiszadadakemping.hu\/wp-content\/uploads\/2020\/12\/image-20.png\" alt=\"\" \/> Prij\u00edmame platby bankovou kartou<\/p>\n<p><\/p>\n<p><\/p>\n<p><img loading=\"lazy\" width=\"30\" height=\"30\" class=\"icon wp-image-3231\" style=\"width: 30px;\" src=\"https:\/\/tiszadadakemping.hu\/wp-content\/uploads\/2020\/12\/image-21.png\" alt=\"\" \/> Bufet (15\/June-31\/Aug)<\/p>\n<p><\/p>\n<p><\/p>\n<p><img loading=\"lazy\" width=\"30\" height=\"30\" class=\"icon wp-image-3235\" style=\"width: 30px;\" src=\"https:\/\/tiszadadakemping.hu\/wp-content\/uploads\/2020\/12\/image-22.png\" alt=\"\" \/> Shop<\/p>\n<p><\/p>\n<\/div>\n\t\t\t\t<\/div>\n\t\t\t\t<\/div>\n\t\t\t\t\t\t<\/div>\n\t\t\t\t\t<\/div>\n\t\t<\/div>\n\t\t\t\t\t\t\t\t<\/div>\n\t\t\t\t\t<\/div>\n\t\t<\/section>\n\t\t\t\t\t\t<\/div>\n\t\t\t\t\t\t<\/div>\n\t\t\t\t\t<\/div>\n\t\t","protected":false},"excerpt":{"rendered":"<p>Ubytovanie v bl\u00edzkosti pr\u00edrody, ktor\u00e9 vyhovuje v\u0161etk\u00fdm po\u017eiadavk\u00e1m K\u00fapacie jazierko Rybolov Vodn\u00e9 t\u00fary, prirodzen\u00fd pr\u00edstav Rodinn\u00e1 cyklotrasa Eurovelo 11 Nespo\u010detn\u00e9 mno\u017estvo v\u00fdletov Letn\u00e1 kuchy\u0148a Miesto na zakladenie oh\u0148a Stoln\u00fd tenis Kemping vhodn\u00fd aj pre n\u00e1v\u0161tevn\u00edkov so psom Chemick\u00e9 WC Odtok dom\u00e1cej \u00fa\u017eitkovej vody Free WiFi Ihrisko Pr\u00e1\u010dka Selekt\u00edvny zber odpadov Nab\u00edjacie miesto pre elektromobily (3,7kW) Prij\u00edmame platby bankovou kartou Bufet (15\/June-31\/Aug) Shop<\/p>\n","protected":false},"author":1,"featured_media":0,"parent":3151,"menu_order":0,"comment_status":"closed","ping_status":"closed","template":"","meta":[],"_links":{"self":[{"href":"https:\/\/tiszadadakemping.hu\/index.php\/wp-json\/wp\/v2\/pages\/3155"}],"collection":[{"href":"https:\/\/tiszadadakemping.hu\/index.php\/wp-json\/wp\/v2\/pages"}],"about":[{"href":"https:\/\/tiszadadakemping.hu\/index.php\/wp-json\/wp\/v2\/types\/page"}],"author":[{"embeddable":true,"href":"https:\/\/tiszadadakemping.hu\/index.php\/wp-json\/wp\/v2\/users\/1"}],"replies":[{"embeddable":true,"href":"https:\/\/tiszadadakemping.hu\/index.php\/wp-json\/wp\/v2\/comments?post=3155"}],"version-history":[{"count":4,"href":"https:\/\/tiszadadakemping.hu\/index.php\/wp-json\/wp\/v2\/pages\/3155\/revisions"}],"predecessor-version":[{"id":4928,"href":"https:\/\/tiszadadakemping.hu\/index.php\/wp-json\/wp\/v2\/pages\/3155\/revisions\/4928"}],"up":[{"embeddable":true,"href":"https:\/\/tiszadadakemping.hu\/index.php\/wp-json\/wp\/v2\/pages\/3151"}],"wp:attachment":[{"href":"https:\/\/tiszadadakemping.hu\/index.php\/wp-json\/wp\/v2\/media?parent=3155"}],"curies":[{"name":"wp","href":"https:\/\/api.w.org\/{rel}","templated":true}]}}