{"id":3283,"date":"2021-10-28T18:07:06","date_gmt":"2021-10-28T18:07:06","guid":{"rendered":"https:\/\/tiszadadakemping.hu\/index.php\/kemping-glamping\/pristav-pre-clny-na-zivej-tise\/"},"modified":"2023-06-21T14:29:39","modified_gmt":"2023-06-21T14:29:39","slug":"pristav-pre-clny-na-zivej-tise","status":"publish","type":"page","link":"https:\/\/tiszadadakemping.hu\/index.php\/kemping-glamping\/pristav-pre-clny-na-zivej-tise\/?lang=sk","title":{"rendered":"Pr\u00edstav pre \u010dlny na \u017eivej Tise"},"content":{"rendered":"<p>Pribli\u017ene 70 m od br\u00e1ny kempu na strane od rieky Tisa, na druhej strane hr\u00e1dze, m\u00e1me vlastn\u00e9 m\u00f3lo na kotvenie lod\u00ed, ktor\u00fd je ob\u013e\u00fabenou zast\u00e1vkou \u00fa\u010dastn\u00edkov vodn\u00fdch t\u00far.<\/p>\n<p>M\u00f3lo sa nach\u00e1dza nad 514. rie\u010dnym kilometrom, jeho GPS s\u00faradnice s\u00fa:<\/p>\n<p>48\u00b001\u201930.8\u2033N 21\u00b013\u201937.0\u2033E<br \/>\n48.025227, 21.226939<\/p>\n<p><em>Je d\u00f4le\u017eit\u00e9 vedie\u0165, \u017ee h\u013abka vody v Tise sa n\u00e1hle men\u00ed, rieka sa r\u00fdchlo prehlbuje a m\u00e1 siln\u00fd pr\u00fad vody. Na k\u00fapanie a pl\u00e1vanie preto rad\u0161ej odpor\u00fa\u010dame 15 min\u00fatovou prech\u00e1dzkou dostupn\u00fa, pekne vybudovan\u00fa tr\u00e1vnat\u00fa a pieso\u010dnat\u00fa <\/em><strong><em>pl\u00e1\u017e v Tiszadade<\/em><\/strong><em>.<\/em><\/p>\n<p><em><img loading=\"lazy\" class=\"alignleft size-thumbnail wp-image-2752\" src=\"https:\/\/tiszadadakemping.hu\/wp-content\/uploads\/2020\/12\/image035-150x150.jpg\" alt=\"\" width=\"150\" height=\"150\" srcset=\"https:\/\/tiszadadakemping.hu\/wp-content\/uploads\/2020\/12\/image035-150x150.jpg 150w, https:\/\/tiszadadakemping.hu\/wp-content\/uploads\/2020\/12\/image035-300x300.jpg 300w, https:\/\/tiszadadakemping.hu\/wp-content\/uploads\/2020\/12\/image035-75x75.jpg 75w\" sizes=\"(max-width: 150px) 100vw, 150px\" \/><\/em><\/p>\n<p>Kvalita vody v tomto \u00faseku rieky Tisa je na z\u00e1klade ka\u017edoro\u010dn\u00fdch meran\u00ed Eur\u00f3pskej environment\u00e1lnej agent\u00fary (EEA), <em><strong>od roku 2017 dost\u00e1va v ka\u017edom roku hodnotenie vynikaj\u00face<\/strong><\/em>! (<a href=\"https:\/\/discomap.eea.europa.eu\/Bathingwater\/\">https:\/\/discomap.eea.europa.eu\/Bathingwater\/<\/a>)<\/p>\n","protected":false},"excerpt":{"rendered":"<p>Pribli\u017ene 70 m od br\u00e1ny kempu na strane od rieky Tisa, na druhej strane hr\u00e1dze, m\u00e1me vlastn\u00e9 m\u00f3lo na kotvenie lod\u00ed, ktor\u00fd je ob\u013e\u00fabenou zast\u00e1vkou \u00fa\u010dastn\u00edkov vodn\u00fdch t\u00far. M\u00f3lo sa nach\u00e1dza nad 514. rie\u010dnym kilometrom, jeho GPS s\u00faradnice s\u00fa: 48\u00b001\u201930.8\u2033N 21\u00b013\u201937.0\u2033E 48.025227, 21.226939 Je d\u00f4le\u017eit\u00e9 vedie\u0165, \u017ee h\u013abka vody v Tise sa n\u00e1hle men\u00ed, rieka sa r\u00fdchlo prehlbuje a m\u00e1 siln\u00fd pr\u00fad vody. Na k\u00fapanie a pl\u00e1vanie preto rad\u0161ej odpor\u00fa\u010dame 15 min\u00fatovou prech\u00e1dzkou dostupn\u00fa, pekne vybudovan\u00fa tr\u00e1vnat\u00fa a pieso\u010dnat\u00fa pl\u00e1\u017e v Tiszadade. Kvalita vody v tomto \u00faseku rieky Tisa je na z\u00e1klade ka\u017edoro\u010dn\u00fdch meran\u00ed Eur\u00f3pskej environment\u00e1lnej agent\u00fary (EEA), od roku 2017 dost\u00e1va v ka\u017edom roku hodnotenie vynikaj\u00face! (https:\/\/discomap.eea.europa.eu\/Bathingwater\/)<\/p>\n","protected":false},"author":1,"featured_media":0,"parent":3151,"menu_order":4,"comment_status":"closed","ping_status":"closed","template":"","meta":[],"_links":{"self":[{"href":"https:\/\/tiszadadakemping.hu\/index.php\/wp-json\/wp\/v2\/pages\/3283"}],"collection":[{"href":"https:\/\/tiszadadakemping.hu\/index.php\/wp-json\/wp\/v2\/pages"}],"about":[{"href":"https:\/\/tiszadadakemping.hu\/index.php\/wp-json\/wp\/v2\/types\/page"}],"author":[{"embeddable":true,"href":"https:\/\/tiszadadakemping.hu\/index.php\/wp-json\/wp\/v2\/users\/1"}],"replies":[{"embeddable":true,"href":"https:\/\/tiszadadakemping.hu\/index.php\/wp-json\/wp\/v2\/comments?post=3283"}],"version-history":[{"count":3,"href":"https:\/\/tiszadadakemping.hu\/index.php\/wp-json\/wp\/v2\/pages\/3283\/revisions"}],"predecessor-version":[{"id":5174,"href":"https:\/\/tiszadadakemping.hu\/index.php\/wp-json\/wp\/v2\/pages\/3283\/revisions\/5174"}],"up":[{"embeddable":true,"href":"https:\/\/tiszadadakemping.hu\/index.php\/wp-json\/wp\/v2\/pages\/3151"}],"wp:attachment":[{"href":"https:\/\/tiszadadakemping.hu\/index.php\/wp-json\/wp\/v2\/media?parent=3283"}],"curies":[{"name":"wp","href":"https:\/\/api.w.org\/{rel}","templated":true}]}}