{"id":3284,"date":"2021-10-28T18:11:12","date_gmt":"2021-10-28T18:11:12","guid":{"rendered":"https:\/\/tiszadadakemping.hu\/index.php\/kemping-glamping\/triedne-vylety-tabory\/"},"modified":"2024-09-01T11:36:37","modified_gmt":"2024-09-01T11:36:37","slug":"triedne-vylety-tabory","status":"publish","type":"page","link":"https:\/\/tiszadadakemping.hu\/index.php\/kemping-glamping\/triedne-vylety-tabory\/?lang=sk","title":{"rendered":"Triedne v\u00fdlety, t\u00e1bory"},"content":{"rendered":"\t\t<div data-elementor-type=\"wp-page\" data-elementor-id=\"3284\" class=\"elementor elementor-3284 elementor-20\" data-elementor-settings=\"[]\">\n\t\t\t\t\t\t<div class=\"elementor-inner\">\n\t\t\t\t\t\t\t<div class=\"elementor-section-wrap\">\n\t\t\t\t\t\t\t<section class=\"elementor-section elementor-top-section elementor-element elementor-element-295216c8 elementor-section-boxed elementor-section-height-default elementor-section-height-default\" data-id=\"295216c8\" data-element_type=\"section\">\n\t\t\t\t\t\t<div class=\"elementor-container elementor-column-gap-default\">\n\t\t\t\t\t\t\t<div class=\"elementor-row\">\n\t\t\t\t\t<div class=\"elementor-column elementor-col-100 elementor-top-column elementor-element elementor-element-df5b0b4\" data-id=\"df5b0b4\" data-element_type=\"column\">\n\t\t\t<div class=\"elementor-column-wrap elementor-element-populated\">\n\t\t\t\t\t\t\t<div class=\"elementor-widget-wrap\">\n\t\t\t\t\t\t<div class=\"elementor-element elementor-element-4c0ff887 elementor-widget elementor-widget-text-editor\" data-id=\"4c0ff887\" data-element_type=\"widget\" data-widget_type=\"text-editor.default\">\n\t\t\t\t<div class=\"elementor-widget-container\">\n\t\t\t\t\t<div class=\"elementor-text-editor elementor-clearfix\"><p>Eko Kemping &amp; Glamping Tiszadada je v\u00fdborn\u00e9 miesto pre organizovanie triednych v\u00fdletov a t\u00e1borov.<\/p><p><img loading=\"lazy\" class=\"size-medium wp-image-4461 alignleft\" src=\"https:\/\/tiszadadakemping.hu\/wp-content\/uploads\/2022\/07\/tabor-300x212.jpg\" alt=\"\" width=\"300\" height=\"212\" srcset=\"https:\/\/tiszadadakemping.hu\/wp-content\/uploads\/2022\/07\/tabor-300x212.jpg 300w, https:\/\/tiszadadakemping.hu\/wp-content\/uploads\/2022\/07\/tabor.jpg 599w\" sizes=\"(max-width: 300px) 100vw, 300px\" \/><\/p><p>T\u00e1born\u00edci bud\u00fa ubytovan\u00ed v priestrann\u00fdch stanoch so 6 poste\u013eami, zatia\u013e \u010do sprev\u00e1dzaj\u00faci u\u010ditelia bud\u00fa umiestnen\u00ed v dvojl\u00f4\u017ekovom stane. Stany s\u00fa postaven\u00e9 na otvorenom priestranstve kempu, v \u0161t\u00fdle t\u00e1boru. M\u00f4\u017eeme teda ubytova\u0165 celkom 2<span style=\"letter-spacing: 0px;\">5-30 det\u00ed a 2-4 dospel\u00fdch.<\/span><\/p><p>\u0160kolsk\u00fdm triedam vych\u00e1dzame v \u00fastrety s ve\u013emi v\u00fdhodn\u00fdmi cenami, aby svoj vo\u013en\u00fd \u010das mohli tr\u00e1vi\u0165 v pr\u00edrodnom prostred\u00ed a s pestr\u00fdm programom. V pr\u00edpade nad 10 os\u00f4b poskytujeme ubytovanie zdarma pre jednu sprev\u00e1dzaj\u00facu osobu, a v pr\u00edpade nad 20 os\u00f4b ubytovanie je zdarma pre dve sprev\u00e1dzaj\u00face osoby.\u00a0<\/p><\/div>\n\t\t\t\t<\/div>\n\t\t\t\t<\/div>\n\t\t\t\t\t\t<\/div>\n\t\t\t\t\t<\/div>\n\t\t<\/div>\n\t\t\t\t\t\t\t\t<\/div>\n\t\t\t\t\t<\/div>\n\t\t<\/section>\n\t\t\t\t<section class=\"elementor-section elementor-top-section elementor-element elementor-element-fc71c24 elementor-section-boxed elementor-section-height-default elementor-section-height-default\" data-id=\"fc71c24\" data-element_type=\"section\">\n\t\t\t\t\t\t<div class=\"elementor-container elementor-column-gap-default\">\n\t\t\t\t\t\t\t<div class=\"elementor-row\">\n\t\t\t\t\t<div class=\"elementor-column elementor-col-100 elementor-top-column elementor-element elementor-element-0b77996\" data-id=\"0b77996\" data-element_type=\"column\">\n\t\t\t<div class=\"elementor-column-wrap elementor-element-populated\">\n\t\t\t\t\t\t\t<div class=\"elementor-widget-wrap\">\n\t\t\t\t\t\t<div class=\"elementor-element elementor-element-cbfb1f3 elementor-widget-divider--view-line elementor-widget elementor-widget-divider\" data-id=\"cbfb1f3\" data-element_type=\"widget\" data-widget_type=\"divider.default\">\n\t\t\t\t<div class=\"elementor-widget-container\">\n\t\t\t\t\t<div class=\"elementor-divider\">\n\t\t\t<span class=\"elementor-divider-separator\">\n\t\t\t\t\t\t<\/span>\n\t\t<\/div>\n\t\t\t\t<\/div>\n\t\t\t\t<\/div>\n\t\t\t\t<div class=\"elementor-element elementor-element-57dffed elementor-widget elementor-widget-text-editor\" data-id=\"57dffed\" data-element_type=\"widget\" data-widget_type=\"text-editor.default\">\n\t\t\t\t<div class=\"elementor-widget-container\">\n\t\t\t\t\t<div class=\"elementor-text-editor elementor-clearfix\"><\/div>\n\t\t\t\t<\/div>\n\t\t\t\t<\/div>\n\t\t\t\t\t\t<\/div>\n\t\t\t\t\t<\/div>\n\t\t<\/div>\n\t\t\t\t\t\t\t\t<\/div>\n\t\t\t\t\t<\/div>\n\t\t<\/section>\n\t\t\t\t<section class=\"elementor-section elementor-top-section elementor-element elementor-element-3a48619 elementor-section-boxed elementor-section-height-default elementor-section-height-default\" data-id=\"3a48619\" data-element_type=\"section\">\n\t\t\t\t\t\t<div class=\"elementor-container elementor-column-gap-default\">\n\t\t\t\t\t\t\t<div class=\"elementor-row\">\n\t\t\t\t\t<div class=\"elementor-column elementor-col-100 elementor-top-column elementor-element elementor-element-f8ad5b9\" data-id=\"f8ad5b9\" data-element_type=\"column\">\n\t\t\t<div class=\"elementor-column-wrap elementor-element-populated\">\n\t\t\t\t\t\t\t<div class=\"elementor-widget-wrap\">\n\t\t\t\t\t\t<div class=\"elementor-element elementor-element-1398269 elementor-widget elementor-widget-text-editor\" data-id=\"1398269\" data-element_type=\"widget\" data-widget_type=\"text-editor.default\">\n\t\t\t\t<div class=\"elementor-widget-container\">\n\t\t\t\t\t<div class=\"elementor-text-editor elementor-clearfix\"><p><img loading=\"lazy\" class=\"alignleft size-medium wp-image-2627\" src=\"https:\/\/tiszadadakemping.hu\/wp-content\/uploads\/2020\/12\/image039-300x199.jpg\" alt=\"\" width=\"300\" height=\"199\" srcset=\"https:\/\/tiszadadakemping.hu\/wp-content\/uploads\/2020\/12\/image039-300x199.jpg 300w, https:\/\/tiszadadakemping.hu\/wp-content\/uploads\/2020\/12\/image039-500x330.jpg 500w, https:\/\/tiszadadakemping.hu\/wp-content\/uploads\/2020\/12\/image039.jpg 568w\" sizes=\"(max-width: 300px) 100vw, 300px\" \/><\/p>\n<p>Stanov\u00fd t\u00e1bor v kempe je ide\u00e1lny aj pre tematick\u00e9 letn\u00e9 t\u00e1bory.<\/p>\n<p><em><strong>Vod\u00e1cky t\u00e1bor, v\u00fdletn\u00fd t\u00e1bor, cyklistick\u00fd t\u00e1bor, t\u00e1bor ochrancov vt\u00e1ctva, t\u00e1bor ochrancov pr\u00edrody, joga t\u00e1bor, t\u00e1bory tai-chi a bojov\u00fdch umen\u00ed, t\u00e1bory sebaspozn\u00e1vania a budovania kolekt\u00edvu, skautsk\u00fd t\u00e1bor, outdoorov\u00fd z\u00e1\u017eitkov\u00fd t\u00e1bor<\/strong><\/em> \u2013 toto je len nieko\u013eko n\u00e1padov zo skvel\u00fdch mo\u017enost\u00ed vyu\u017eitia t\u00e1bora.<\/p>\n<\/div>\n\t\t\t\t<\/div>\n\t\t\t\t<\/div>\n\t\t\t\t\t\t<\/div>\n\t\t\t\t\t<\/div>\n\t\t<\/div>\n\t\t\t\t\t\t\t\t<\/div>\n\t\t\t\t\t<\/div>\n\t\t<\/section>\n\t\t\t\t<section class=\"elementor-section elementor-top-section elementor-element elementor-element-f79d1b6 elementor-section-boxed elementor-section-height-default elementor-section-height-default\" data-id=\"f79d1b6\" data-element_type=\"section\">\n\t\t\t\t\t\t<div class=\"elementor-container elementor-column-gap-default\">\n\t\t\t\t\t\t\t<div class=\"elementor-row\">\n\t\t\t\t\t<div class=\"elementor-column elementor-col-100 elementor-top-column elementor-element elementor-element-cd46605\" data-id=\"cd46605\" data-element_type=\"column\">\n\t\t\t<div class=\"elementor-column-wrap elementor-element-populated\">\n\t\t\t\t\t\t\t<div class=\"elementor-widget-wrap\">\n\t\t\t\t\t\t<div class=\"elementor-element elementor-element-3f5afe0 elementor-widget elementor-widget-text-editor\" data-id=\"3f5afe0\" data-element_type=\"widget\" data-widget_type=\"text-editor.default\">\n\t\t\t\t<div class=\"elementor-widget-container\">\n\t\t\t\t\t<div class=\"elementor-text-editor elementor-clearfix\"><p><img loading=\"lazy\" class=\"alignleft size-medium wp-image-2629\" src=\"https:\/\/tiszadadakemping.hu\/wp-content\/uploads\/2020\/12\/image040-300x225.jpg\" alt=\"\" width=\"300\" height=\"225\" srcset=\"https:\/\/tiszadadakemping.hu\/wp-content\/uploads\/2020\/12\/image040-300x225.jpg 300w, https:\/\/tiszadadakemping.hu\/wp-content\/uploads\/2020\/12\/image040.jpg 516w\" sizes=\"(max-width: 300px) 100vw, 300px\" \/><\/p>\n<p>N\u00e1\u0161 kemp, v spolupr\u00e1cu s Nad\u00e1ciou Emi Bizekovej pl\u00e1nuje zorganizova\u0165 <em><strong>T\u00e1bory fotografovania pr\u00edrody pre deti<\/strong><\/em>.<\/p>\n<\/div>\n\t\t\t\t<\/div>\n\t\t\t\t<\/div>\n\t\t\t\t\t\t<\/div>\n\t\t\t\t\t<\/div>\n\t\t<\/div>\n\t\t\t\t\t\t\t\t<\/div>\n\t\t\t\t\t<\/div>\n\t\t<\/section>\n\t\t\t\t<section class=\"elementor-section elementor-top-section elementor-element elementor-element-ccdf959 elementor-section-boxed elementor-section-height-default elementor-section-height-default\" data-id=\"ccdf959\" data-element_type=\"section\">\n\t\t\t\t\t\t<div class=\"elementor-container elementor-column-gap-default\">\n\t\t\t\t\t\t\t<div class=\"elementor-row\">\n\t\t\t\t\t<div class=\"elementor-column elementor-col-25 elementor-top-column elementor-element elementor-element-5a7232d\" data-id=\"5a7232d\" data-element_type=\"column\">\n\t\t\t<div class=\"elementor-column-wrap elementor-element-populated\">\n\t\t\t\t\t\t\t<div class=\"elementor-widget-wrap\">\n\t\t\t\t\t\t<div class=\"elementor-element elementor-element-6a7fcdc elementor-widget elementor-widget-image\" data-id=\"6a7fcdc\" data-element_type=\"widget\" data-widget_type=\"image.default\">\n\t\t\t\t<div class=\"elementor-widget-container\">\n\t\t\t\t\t<div class=\"elementor-image\">\n\t\t\t\t\t\t\t\t\t\t<img width=\"960\" height=\"640\" src=\"https:\/\/tiszadadakemping.hu\/wp-content\/uploads\/2022\/03\/Konyha_Miklos_kepe-1024x683.jpg\" class=\"attachment-large size-large\" alt=\"\" loading=\"lazy\" srcset=\"https:\/\/tiszadadakemping.hu\/wp-content\/uploads\/2022\/03\/Konyha_Miklos_kepe-1024x683.jpg 1024w, https:\/\/tiszadadakemping.hu\/wp-content\/uploads\/2022\/03\/Konyha_Miklos_kepe-300x200.jpg 300w, https:\/\/tiszadadakemping.hu\/wp-content\/uploads\/2022\/03\/Konyha_Miklos_kepe-768x512.jpg 768w, https:\/\/tiszadadakemping.hu\/wp-content\/uploads\/2022\/03\/Konyha_Miklos_kepe-1536x1024.jpg 1536w, https:\/\/tiszadadakemping.hu\/wp-content\/uploads\/2022\/03\/Konyha_Miklos_kepe-1140x760.jpg 1140w, https:\/\/tiszadadakemping.hu\/wp-content\/uploads\/2022\/03\/Konyha_Miklos_kepe.jpg 1920w\" sizes=\"(max-width: 960px) 100vw, 960px\" \/>\t\t\t\t\t\t\t\t\t\t\t<\/div>\n\t\t\t\t<\/div>\n\t\t\t\t<\/div>\n\t\t\t\t\t\t<\/div>\n\t\t\t\t\t<\/div>\n\t\t<\/div>\n\t\t\t\t<div class=\"elementor-column elementor-col-25 elementor-top-column elementor-element elementor-element-f3b3f6c\" data-id=\"f3b3f6c\" data-element_type=\"column\">\n\t\t\t<div class=\"elementor-column-wrap elementor-element-populated\">\n\t\t\t\t\t\t\t<div class=\"elementor-widget-wrap\">\n\t\t\t\t\t\t<div class=\"elementor-element elementor-element-9df938f elementor-widget elementor-widget-image\" data-id=\"9df938f\" data-element_type=\"widget\" data-widget_type=\"image.default\">\n\t\t\t\t<div class=\"elementor-widget-container\">\n\t\t\t\t\t<div class=\"elementor-image\">\n\t\t\t\t\t\t\t\t\t\t<img width=\"873\" height=\"1024\" src=\"https:\/\/tiszadadakemping.hu\/wp-content\/uploads\/2022\/03\/Vadles-1-873x1024.jpg\" class=\"attachment-large size-large\" alt=\"\" loading=\"lazy\" srcset=\"https:\/\/tiszadadakemping.hu\/wp-content\/uploads\/2022\/03\/Vadles-1-873x1024.jpg 873w, https:\/\/tiszadadakemping.hu\/wp-content\/uploads\/2022\/03\/Vadles-1-256x300.jpg 256w, https:\/\/tiszadadakemping.hu\/wp-content\/uploads\/2022\/03\/Vadles-1-768x900.jpg 768w, https:\/\/tiszadadakemping.hu\/wp-content\/uploads\/2022\/03\/Vadles-1-1310x1536.jpg 1310w, https:\/\/tiszadadakemping.hu\/wp-content\/uploads\/2022\/03\/Vadles-1-1140x1337.jpg 1140w, https:\/\/tiszadadakemping.hu\/wp-content\/uploads\/2022\/03\/Vadles-1-rotated.jpg 1496w\" sizes=\"(max-width: 873px) 100vw, 873px\" \/>\t\t\t\t\t\t\t\t\t\t\t<\/div>\n\t\t\t\t<\/div>\n\t\t\t\t<\/div>\n\t\t\t\t\t\t<\/div>\n\t\t\t\t\t<\/div>\n\t\t<\/div>\n\t\t\t\t<div class=\"elementor-column elementor-col-50 elementor-top-column elementor-element elementor-element-792dd7a\" data-id=\"792dd7a\" data-element_type=\"column\">\n\t\t\t<div class=\"elementor-column-wrap elementor-element-populated\">\n\t\t\t\t\t\t\t<div class=\"elementor-widget-wrap\">\n\t\t\t\t\t\t<div class=\"elementor-element elementor-element-d999315 elementor-widget elementor-widget-text-editor\" data-id=\"d999315\" data-element_type=\"widget\" data-widget_type=\"text-editor.default\">\n\t\t\t\t<div class=\"elementor-widget-container\">\n\t\t\t\t\t<div class=\"elementor-text-editor elementor-clearfix\"><p><span class=\"Y2IQFc\" lang=\"sk\">V spolupr\u00e1ci s N\u00e1rodn\u00fdm parkom Hortob\u00e1gy v pr\u00edrodnej rezerv\u00e1cii Niva Tiszadob sme vybudovali fotostanicu na pozorovanie pr\u00edrody s vodn\u00fdm vt\u00e1ctvom s detekt\u00edvnym sklom. Fotografova pozorovacia stanica bola vytvoren\u00e1 predov\u0161etk\u00fdm pre environment\u00e1lnu v\u00fdchovu, \u0161kolenia a detsk\u00e9 t\u00e1bory. Prenaja\u0165 si ho bude mo\u017en\u00e9 aj pre profesion\u00e1lnych \u010di amat\u00e9rskych fotografov pr\u00edrody, na \u010do je potrebn\u00e1 predch\u00e1dzaj\u00faca registr\u00e1cia na recepcii.<\/span><\/p>\n<\/div>\n\t\t\t\t<\/div>\n\t\t\t\t<\/div>\n\t\t\t\t\t\t<\/div>\n\t\t\t\t\t<\/div>\n\t\t<\/div>\n\t\t\t\t\t\t\t\t<\/div>\n\t\t\t\t\t<\/div>\n\t\t<\/section>\n\t\t\t\t\t\t<\/div>\n\t\t\t\t\t\t<\/div>\n\t\t\t\t\t<\/div>\n\t\t","protected":false},"excerpt":{"rendered":"<p>Eko Kemping &amp; Glamping Tiszadada je v\u00fdborn\u00e9 miesto pre organizovanie triednych v\u00fdletov a t\u00e1borov. T\u00e1born\u00edci bud\u00fa ubytovan\u00ed v priestrann\u00fdch stanoch so 6 poste\u013eami, zatia\u013e \u010do sprev\u00e1dzaj\u00faci u\u010ditelia bud\u00fa umiestnen\u00ed v dvojl\u00f4\u017ekovom stane. Stany s\u00fa postaven\u00e9 na otvorenom priestranstve kempu, v \u0161t\u00fdle t\u00e1boru. M\u00f4\u017eeme teda ubytova\u0165 celkom 25-30 det\u00ed a 2-4 dospel\u00fdch. \u0160kolsk\u00fdm triedam vych\u00e1dzame v \u00fastrety s ve\u013emi v\u00fdhodn\u00fdmi cenami, aby svoj vo\u013en\u00fd \u010das mohli tr\u00e1vi\u0165 v pr\u00edrodnom prostred\u00ed a s pestr\u00fdm programom. V pr\u00edpade nad 10 os\u00f4b poskytujeme ubytovanie zdarma pre jednu sprev\u00e1dzaj\u00facu osobu, a v pr\u00edpade nad 20 os\u00f4b ubytovanie je zdarma pre dve sprev\u00e1dzaj\u00face osoby.\u00a0 Stanov\u00fd t\u00e1bor v kempe je ide\u00e1lny aj pre tematick\u00e9 letn\u00e9 t\u00e1bory. Vod\u00e1cky t\u00e1bor, v\u00fdletn\u00fd t\u00e1bor, cyklistick\u00fd t\u00e1bor, t\u00e1bor ochrancov vt\u00e1ctva, t\u00e1bor ochrancov pr\u00edrody, joga t\u00e1bor, t\u00e1bory tai-chi a bojov\u00fdch umen\u00ed, t\u00e1bory sebaspozn\u00e1vania a budovania kolekt\u00edvu, skautsk\u00fd t\u00e1bor, outdoorov\u00fd z\u00e1\u017eitkov\u00fd t\u00e1bor \u2013 toto je len nieko\u013eko n\u00e1padov zo skvel\u00fdch mo\u017enost\u00ed vyu\u017eitia t\u00e1bora. N\u00e1\u0161 kemp, v spolupr\u00e1cu s Nad\u00e1ciou Emi Bizekovej pl\u00e1nuje zorganizova\u0165 T\u00e1bory fotografovania pr\u00edrody pre deti. V spolupr\u00e1ci s N\u00e1rodn\u00fdm parkom Hortob\u00e1gy v pr\u00edrodnej rezerv\u00e1cii Niva Tiszadob sme vybudovali fotostanicu na pozorovanie pr\u00edrody s vodn\u00fdm vt\u00e1ctvom s detekt\u00edvnym sklom. Fotografova pozorovacia stanica bola vytvoren\u00e1 predov\u0161etk\u00fdm pre environment\u00e1lnu v\u00fdchovu, \u0161kolenia a detsk\u00e9 t\u00e1bory. Prenaja\u0165 si ho bude mo\u017en\u00e9 aj pre profesion\u00e1lnych \u010di amat\u00e9rskych fotografov pr\u00edrody, na \u010do je potrebn\u00e1 predch\u00e1dzaj\u00faca registr\u00e1cia na recepcii.<\/p>\n","protected":false},"author":1,"featured_media":0,"parent":3151,"menu_order":6,"comment_status":"closed","ping_status":"closed","template":"","meta":[],"_links":{"self":[{"href":"https:\/\/tiszadadakemping.hu\/index.php\/wp-json\/wp\/v2\/pages\/3284"}],"collection":[{"href":"https:\/\/tiszadadakemping.hu\/index.php\/wp-json\/wp\/v2\/pages"}],"about":[{"href":"https:\/\/tiszadadakemping.hu\/index.php\/wp-json\/wp\/v2\/types\/page"}],"author":[{"embeddable":true,"href":"https:\/\/tiszadadakemping.hu\/index.php\/wp-json\/wp\/v2\/users\/1"}],"replies":[{"embeddable":true,"href":"https:\/\/tiszadadakemping.hu\/index.php\/wp-json\/wp\/v2\/comments?post=3284"}],"version-history":[{"count":26,"href":"https:\/\/tiszadadakemping.hu\/index.php\/wp-json\/wp\/v2\/pages\/3284\/revisions"}],"predecessor-version":[{"id":5946,"href":"https:\/\/tiszadadakemping.hu\/index.php\/wp-json\/wp\/v2\/pages\/3284\/revisions\/5946"}],"up":[{"embeddable":true,"href":"https:\/\/tiszadadakemping.hu\/index.php\/wp-json\/wp\/v2\/pages\/3151"}],"wp:attachment":[{"href":"https:\/\/tiszadadakemping.hu\/index.php\/wp-json\/wp\/v2\/media?parent=3284"}],"curies":[{"name":"wp","href":"https:\/\/api.w.org\/{rel}","templated":true}]}}