{"id":3293,"date":"2021-10-28T18:53:45","date_gmt":"2021-10-28T18:53:45","guid":{"rendered":"https:\/\/tiszadadakemping.hu\/index.php\/vylety\/rybolov\/"},"modified":"2022-05-05T16:56:14","modified_gmt":"2022-05-05T16:56:14","slug":"rybolov","status":"publish","type":"page","link":"https:\/\/tiszadadakemping.hu\/index.php\/vylety\/rybolov\/?lang=sk","title":{"rendered":"Rybolov"},"content":{"rendered":"\t\t<div data-elementor-type=\"wp-page\" data-elementor-id=\"3293\" class=\"elementor elementor-3293 elementor-16\" data-elementor-settings=\"[]\">\n\t\t\t\t\t\t<div class=\"elementor-inner\">\n\t\t\t\t\t\t\t<div class=\"elementor-section-wrap\">\n\t\t\t\t\t\t\t<section class=\"elementor-section elementor-top-section elementor-element elementor-element-6550e32d elementor-section-boxed elementor-section-height-default elementor-section-height-default\" data-id=\"6550e32d\" data-element_type=\"section\">\n\t\t\t\t\t\t<div class=\"elementor-container elementor-column-gap-default\">\n\t\t\t\t\t\t\t<div class=\"elementor-row\">\n\t\t\t\t\t<div class=\"elementor-column elementor-col-100 elementor-top-column elementor-element elementor-element-644dd6d9\" data-id=\"644dd6d9\" data-element_type=\"column\">\n\t\t\t<div class=\"elementor-column-wrap elementor-element-populated\">\n\t\t\t\t\t\t\t<div class=\"elementor-widget-wrap\">\n\t\t\t\t\t\t<div class=\"elementor-element elementor-element-1cc9a19e elementor-widget elementor-widget-text-editor\" data-id=\"1cc9a19e\" data-element_type=\"widget\" data-widget_type=\"text-editor.default\">\n\t\t\t\t<div class=\"elementor-widget-container\">\n\t\t\t\t\t<div class=\"elementor-text-editor elementor-clearfix\"><p>Tiszadada pon\u00faka mno\u017estvo vynikaj\u00facich mo\u017enost\u00ed rybolovu. Okrem \u017eivej Tisy sa v okol\u00ed nach\u00e1dza nieko\u013eko divok\u00fdch a malebn\u00fdch m\u0155tvych ramien a rybn\u00edkov. Na Tise, 70 m od kempingu sa nach\u00e1dza m\u00f3lo pre \u010dlny. Pri kempingu sa za\u010d\u00edna Chr\u00e1nen\u00e1 krajinn\u00e1 oblas\u0165 Inunda\u010dn\u00e9 \u00fazemie pri obci Tiszadob. Na k\u00fasok cesty autom od n\u00e1s sa nach\u00e1dzaj\u00fa\u00a0 nespo\u010detn\u00e9 mno\u017estvo \u010fal\u0161\u00edch ramien rieky, ktor\u00e9 sa tie\u017e oplat\u00ed presk\u00fama\u0165.<\/p>\n<p>Ryb\u00e1rsky l\u00edstok (<span class=\"Y2IQFc\" lang=\"sk\">denn\u00e9 alebo turistick\u00e9):<\/span><\/p>\n<p><a href=\"https:\/\/horgaszjegy.hu\/\" target=\"_blank\" rel=\"noopener\">https:\/\/horgaszjegy.hu\/<\/a><\/p>\n<\/div>\n\t\t\t\t<\/div>\n\t\t\t\t<\/div>\n\t\t\t\t\t\t<\/div>\n\t\t\t\t\t<\/div>\n\t\t<\/div>\n\t\t\t\t\t\t\t\t<\/div>\n\t\t\t\t\t<\/div>\n\t\t<\/section>\n\t\t\t\t\t\t<\/div>\n\t\t\t\t\t\t<\/div>\n\t\t\t\t\t<\/div>\n\t\t","protected":false},"excerpt":{"rendered":"<p>Tiszadada pon\u00faka mno\u017estvo vynikaj\u00facich mo\u017enost\u00ed rybolovu. Okrem \u017eivej Tisy sa v okol\u00ed nach\u00e1dza nieko\u013eko divok\u00fdch a malebn\u00fdch m\u0155tvych ramien a rybn\u00edkov. Na Tise, 70 m od kempingu sa nach\u00e1dza m\u00f3lo pre \u010dlny. Pri kempingu sa za\u010d\u00edna Chr\u00e1nen\u00e1 krajinn\u00e1 oblas\u0165 Inunda\u010dn\u00e9 \u00fazemie pri obci Tiszadob. Na k\u00fasok cesty autom od n\u00e1s sa nach\u00e1dzaj\u00fa\u00a0 nespo\u010detn\u00e9 mno\u017estvo \u010fal\u0161\u00edch ramien rieky, ktor\u00e9 sa tie\u017e oplat\u00ed presk\u00fama\u0165. Ryb\u00e1rsky l\u00edstok (denn\u00e9 alebo turistick\u00e9): https:\/\/horgaszjegy.hu\/<\/p>\n","protected":false},"author":1,"featured_media":0,"parent":3292,"menu_order":5,"comment_status":"closed","ping_status":"closed","template":"","meta":[],"_links":{"self":[{"href":"https:\/\/tiszadadakemping.hu\/index.php\/wp-json\/wp\/v2\/pages\/3293"}],"collection":[{"href":"https:\/\/tiszadadakemping.hu\/index.php\/wp-json\/wp\/v2\/pages"}],"about":[{"href":"https:\/\/tiszadadakemping.hu\/index.php\/wp-json\/wp\/v2\/types\/page"}],"author":[{"embeddable":true,"href":"https:\/\/tiszadadakemping.hu\/index.php\/wp-json\/wp\/v2\/users\/1"}],"replies":[{"embeddable":true,"href":"https:\/\/tiszadadakemping.hu\/index.php\/wp-json\/wp\/v2\/comments?post=3293"}],"version-history":[{"count":3,"href":"https:\/\/tiszadadakemping.hu\/index.php\/wp-json\/wp\/v2\/pages\/3293\/revisions"}],"predecessor-version":[{"id":3920,"href":"https:\/\/tiszadadakemping.hu\/index.php\/wp-json\/wp\/v2\/pages\/3293\/revisions\/3920"}],"up":[{"embeddable":true,"href":"https:\/\/tiszadadakemping.hu\/index.php\/wp-json\/wp\/v2\/pages\/3292"}],"wp:attachment":[{"href":"https:\/\/tiszadadakemping.hu\/index.php\/wp-json\/wp\/v2\/media?parent=3293"}],"curies":[{"name":"wp","href":"https:\/\/api.w.org\/{rel}","templated":true}]}}