{"id":3973,"date":"2022-05-12T19:25:18","date_gmt":"2022-05-12T19:25:18","guid":{"rendered":"https:\/\/tiszadadakemping.hu\/index.php\/massage\/"},"modified":"2025-05-14T12:47:32","modified_gmt":"2025-05-14T12:47:32","slug":"massage","status":"publish","type":"page","link":"https:\/\/tiszadadakemping.hu\/index.php\/massage\/?lang=de","title":{"rendered":"Massage &#038; Wellness"},"content":{"rendered":"\t\t<div data-elementor-type=\"wp-page\" data-elementor-id=\"3973\" class=\"elementor elementor-3973 elementor-3963\" data-elementor-settings=\"[]\">\n\t\t\t\t\t\t<div class=\"elementor-inner\">\n\t\t\t\t\t\t\t<div class=\"elementor-section-wrap\">\n\t\t\t\t\t\t\t<section class=\"elementor-section elementor-top-section elementor-element elementor-element-4271b32 elementor-section-boxed elementor-section-height-default elementor-section-height-default\" data-id=\"4271b32\" data-element_type=\"section\">\n\t\t\t\t\t\t<div class=\"elementor-container elementor-column-gap-default\">\n\t\t\t\t\t\t\t<div class=\"elementor-row\">\n\t\t\t\t\t<div class=\"elementor-column elementor-col-100 elementor-top-column elementor-element elementor-element-2da55101\" data-id=\"2da55101\" data-element_type=\"column\">\n\t\t\t<div class=\"elementor-column-wrap elementor-element-populated\">\n\t\t\t\t\t\t\t<div class=\"elementor-widget-wrap\">\n\t\t\t\t\t\t<div class=\"elementor-element elementor-element-4316b571 elementor-widget elementor-widget-text-editor\" data-id=\"4316b571\" data-element_type=\"widget\" data-widget_type=\"text-editor.default\">\n\t\t\t\t<div class=\"elementor-widget-container\">\n\t\t\t\t\t<div class=\"elementor-text-editor elementor-clearfix\"><p>Am Ufer unseres Schwimmteiches bieten wir in der Gartenpagode eine entspannende Massage an. Bitte kontaktieren Sie die Rezeption, um die Massage im Voraus zu buchen. Normalerweise ist eine Reservierung mindestens 1 Tag im Voraus erforderlich.<\/p><p>Preise f\u00fcr massagen:<\/p><figure class=\"wp-block-table\"><table><tbody><tr><td>\u00a0<\/td><td>Id\u0151<\/td><td>\u00c1r<\/td><\/tr><tr><td>R\u00fcckenmassage<\/td><td>30 min<\/td><td>9000 Ft<\/td><\/tr><tr><td><p>Schwedische Massage<\/p><\/td><td>50 min<\/td><td>12000 Ft<\/td><\/tr><tr><td>Lavastein massage<\/td><td>50 min<\/td><td>14000 Ft<\/td><\/tr><tr><td>Cellulit massage<\/td><td>50 min<\/td><td>12000 Ft<\/td><\/tr><\/tbody><\/table><\/figure><\/div>\n\t\t\t\t<\/div>\n\t\t\t\t<\/div>\n\t\t\t\t<div class=\"elementor-element elementor-element-6fe98d4 elementor-widget elementor-widget-image\" data-id=\"6fe98d4\" data-element_type=\"widget\" data-widget_type=\"image.default\">\n\t\t\t\t<div class=\"elementor-widget-container\">\n\t\t\t\t\t<div class=\"elementor-image\">\n\t\t\t\t\t\t\t\t\t\t<img width=\"768\" height=\"495\" src=\"https:\/\/tiszadadakemping.hu\/wp-content\/uploads\/2022\/05\/pagoda-768x495.jpg\" class=\"attachment-medium_large size-medium_large\" alt=\"\" loading=\"lazy\" srcset=\"https:\/\/tiszadadakemping.hu\/wp-content\/uploads\/2022\/05\/pagoda-768x495.jpg 768w, https:\/\/tiszadadakemping.hu\/wp-content\/uploads\/2022\/05\/pagoda-300x193.jpg 300w, https:\/\/tiszadadakemping.hu\/wp-content\/uploads\/2022\/05\/pagoda-1024x660.jpg 1024w, https:\/\/tiszadadakemping.hu\/wp-content\/uploads\/2022\/05\/pagoda-1536x990.jpg 1536w, https:\/\/tiszadadakemping.hu\/wp-content\/uploads\/2022\/05\/pagoda-1140x735.jpg 1140w, https:\/\/tiszadadakemping.hu\/wp-content\/uploads\/2022\/05\/pagoda.jpg 1778w\" sizes=\"(max-width: 768px) 100vw, 768px\" \/>\t\t\t\t\t\t\t\t\t\t\t<\/div>\n\t\t\t\t<\/div>\n\t\t\t\t<\/div>\n\t\t\t\t<div class=\"elementor-element elementor-element-a2b3b1d elementor-widget elementor-widget-heading\" data-id=\"a2b3b1d\" data-element_type=\"widget\" data-widget_type=\"heading.default\">\n\t\t\t\t<div class=\"elementor-widget-container\">\n\t\t\t<h2 class=\"elementor-heading-title elementor-size-default\">Sport &amp; Wellness<\/h2>\t\t<\/div>\n\t\t\t\t<\/div>\n\t\t\t\t<div class=\"elementor-element elementor-element-8255930 elementor-widget elementor-widget-text-editor\" data-id=\"8255930\" data-element_type=\"widget\" data-widget_type=\"text-editor.default\">\n\t\t\t\t<div class=\"elementor-widget-container\">\n\t\t\t\t\t<div class=\"elementor-text-editor elementor-clearfix\"><p><img loading=\"lazy\" class=\"size-medium wp-image-4065 alignleft\" src=\"https:\/\/tiszadadakemping.hu\/wp-content\/uploads\/2022\/05\/to202205-300x120.jpg\" alt=\"\" width=\"300\" height=\"120\" srcset=\"https:\/\/tiszadadakemping.hu\/wp-content\/uploads\/2022\/05\/to202205-300x120.jpg 300w, https:\/\/tiszadadakemping.hu\/wp-content\/uploads\/2022\/05\/to202205-1024x410.jpg 1024w, https:\/\/tiszadadakemping.hu\/wp-content\/uploads\/2022\/05\/to202205-768x307.jpg 768w, https:\/\/tiszadadakemping.hu\/wp-content\/uploads\/2022\/05\/to202205-1536x615.jpg 1536w, https:\/\/tiszadadakemping.hu\/wp-content\/uploads\/2022\/05\/to202205-2048x820.jpg 2048w, https:\/\/tiszadadakemping.hu\/wp-content\/uploads\/2022\/05\/to202205-1140x456.jpg 1140w\" sizes=\"(max-width: 300px) 100vw, 300px\" \/><a style=\"font-family: 'Playfair Display'; font-size: 26px; letter-spacing: 0.5px; background-color: #ffffff;\" href=\"https:\/\/tiszadadakemping.hu\/index.php\/camping-glamping\/oeko-schwimmteich\/?lang=de\"><span style=\"text-decoration: underline;\">\u00d6ko-Schwimmteich<\/span><\/a><\/p><p>\u00a0<\/p><p>\u00a0<\/p><p>\u00a0<\/p><p><img loading=\"lazy\" class=\"wp-image-6119 size-medium alignleft\" src=\"https:\/\/tiszadadakemping.hu\/wp-content\/uploads\/2025\/05\/Szauna-300x225.jpg\" alt=\"\" width=\"300\" height=\"225\" srcset=\"https:\/\/tiszadadakemping.hu\/wp-content\/uploads\/2025\/05\/Szauna-300x225.jpg 300w, https:\/\/tiszadadakemping.hu\/wp-content\/uploads\/2025\/05\/Szauna-1024x768.jpg 1024w, https:\/\/tiszadadakemping.hu\/wp-content\/uploads\/2025\/05\/Szauna-768x576.jpg 768w, https:\/\/tiszadadakemping.hu\/wp-content\/uploads\/2025\/05\/Szauna-1536x1152.jpg 1536w, https:\/\/tiszadadakemping.hu\/wp-content\/uploads\/2025\/05\/Szauna-1140x855.jpg 1140w, https:\/\/tiszadadakemping.hu\/wp-content\/uploads\/2025\/05\/Szauna.jpg 2016w\" sizes=\"(max-width: 300px) 100vw, 300px\" \/>Der Relax Garden bietet eine holzbefeuerte Sauna, H\u00e4ngematten, einen privaten Grill und einen privaten Kamin f\u00fcr alle, die nach ruhiger Entspannung suchen.<\/p><p><a style=\"font-family: 'Playfair Display'; font-size: 26px; letter-spacing: 0px; background-color: #ffffff;\" href=\"https:\/\/tiszadadakemping.hu\/index.php\/sauna\/?lang=de\"><span style=\"text-decoration-line: underline;\">Sauna &amp; Relax Garden<\/span><\/a><\/p><h4><img loading=\"lazy\" class=\"size-medium wp-image-4818 alignleft\" src=\"https:\/\/tiszadadakemping.hu\/wp-content\/uploads\/2023\/04\/bicycles-6895_1920-300x225.jpg\" alt=\"\" width=\"300\" height=\"225\" srcset=\"https:\/\/tiszadadakemping.hu\/wp-content\/uploads\/2023\/04\/bicycles-6895_1920-300x225.jpg 300w, https:\/\/tiszadadakemping.hu\/wp-content\/uploads\/2023\/04\/bicycles-6895_1920-1024x768.jpg 1024w, https:\/\/tiszadadakemping.hu\/wp-content\/uploads\/2023\/04\/bicycles-6895_1920-768x576.jpg 768w, https:\/\/tiszadadakemping.hu\/wp-content\/uploads\/2023\/04\/bicycles-6895_1920-1536x1152.jpg 1536w, https:\/\/tiszadadakemping.hu\/wp-content\/uploads\/2023\/04\/bicycles-6895_1920-1140x855.jpg 1140w, https:\/\/tiszadadakemping.hu\/wp-content\/uploads\/2023\/04\/bicycles-6895_1920.jpg 1920w\" sizes=\"(max-width: 300px) 100vw, 300px\" \/><a style=\"font-family: 'Playfair Display'; font-size: 26px; letter-spacing: 0px; background-color: #ffffff;\" href=\"https:\/\/tiszadadakemping.hu\/index.php\/camping-glamping\/fahrrad-und-bootsleihe\/?lang=de\"><span style=\"text-decoration-line: underline;\">Fahrrad-, Kanu- und Bootsleihe<\/span><\/a><\/h4><\/div>\n\t\t\t\t<\/div>\n\t\t\t\t<\/div>\n\t\t\t\t\t\t<\/div>\n\t\t\t\t\t<\/div>\n\t\t<\/div>\n\t\t\t\t\t\t\t\t<\/div>\n\t\t\t\t\t<\/div>\n\t\t<\/section>\n\t\t\t\t\t\t<\/div>\n\t\t\t\t\t\t<\/div>\n\t\t\t\t\t<\/div>\n\t\t","protected":false},"excerpt":{"rendered":"<p>Am Ufer unseres Schwimmteiches bieten wir in der Gartenpagode eine entspannende Massage an. Bitte kontaktieren Sie die Rezeption, um die Massage im Voraus zu buchen. Normalerweise ist eine Reservierung mindestens 1 Tag im Voraus erforderlich. Preise f\u00fcr massagen: \u00a0 Id\u0151 \u00c1r R\u00fcckenmassage 30 min 9000 Ft Schwedische Massage 50 min 12000 Ft Lavastein massage 50 min 14000 Ft Cellulit massage 50 min 12000 Ft Sport &amp; Wellness \u00d6ko-Schwimmteich \u00a0 \u00a0 \u00a0 Der Relax Garden bietet eine holzbefeuerte Sauna, H\u00e4ngematten, einen privaten Grill und einen privaten Kamin f\u00fcr alle, die nach ruhiger Entspannung suchen. Sauna &amp; Relax Garden Fahrrad-, Kanu- und Bootsleihe<\/p>\n","protected":false},"author":3,"featured_media":0,"parent":0,"menu_order":0,"comment_status":"closed","ping_status":"closed","template":"","meta":[],"_links":{"self":[{"href":"https:\/\/tiszadadakemping.hu\/index.php\/wp-json\/wp\/v2\/pages\/3973"}],"collection":[{"href":"https:\/\/tiszadadakemping.hu\/index.php\/wp-json\/wp\/v2\/pages"}],"about":[{"href":"https:\/\/tiszadadakemping.hu\/index.php\/wp-json\/wp\/v2\/types\/page"}],"author":[{"embeddable":true,"href":"https:\/\/tiszadadakemping.hu\/index.php\/wp-json\/wp\/v2\/users\/3"}],"replies":[{"embeddable":true,"href":"https:\/\/tiszadadakemping.hu\/index.php\/wp-json\/wp\/v2\/comments?post=3973"}],"version-history":[{"count":26,"href":"https:\/\/tiszadadakemping.hu\/index.php\/wp-json\/wp\/v2\/pages\/3973\/revisions"}],"predecessor-version":[{"id":6280,"href":"https:\/\/tiszadadakemping.hu\/index.php\/wp-json\/wp\/v2\/pages\/3973\/revisions\/6280"}],"wp:attachment":[{"href":"https:\/\/tiszadadakemping.hu\/index.php\/wp-json\/wp\/v2\/media?parent=3973"}],"curies":[{"name":"wp","href":"https:\/\/api.w.org\/{rel}","templated":true}]}}