{"id":4858,"date":"2023-04-07T11:40:39","date_gmt":"2023-04-07T11:40:39","guid":{"rendered":"https:\/\/tiszadadakemping.hu\/?page_id=4858"},"modified":"2025-07-27T16:01:56","modified_gmt":"2025-07-27T16:01:56","slug":"szauna","status":"publish","type":"page","link":"https:\/\/tiszadadakemping.hu\/index.php\/szauna\/","title":{"rendered":"Szauna &#038; Relax Garden"},"content":{"rendered":"\t\t<div data-elementor-type=\"wp-page\" data-elementor-id=\"4858\" class=\"elementor elementor-4858\" data-elementor-settings=\"[]\">\n\t\t\t\t\t\t<div class=\"elementor-inner\">\n\t\t\t\t\t\t\t<div class=\"elementor-section-wrap\">\n\t\t\t\t\t\t\t<section class=\"elementor-section elementor-top-section elementor-element elementor-element-cdcdf01 elementor-section-boxed elementor-section-height-default elementor-section-height-default\" data-id=\"cdcdf01\" data-element_type=\"section\">\n\t\t\t\t\t\t<div class=\"elementor-container elementor-column-gap-default\">\n\t\t\t\t\t\t\t<div class=\"elementor-row\">\n\t\t\t\t\t<div class=\"elementor-column elementor-col-100 elementor-top-column elementor-element elementor-element-fa1ab0b\" data-id=\"fa1ab0b\" data-element_type=\"column\">\n\t\t\t<div class=\"elementor-column-wrap elementor-element-populated\">\n\t\t\t\t\t\t\t<div class=\"elementor-widget-wrap\">\n\t\t\t\t\t\t<div class=\"elementor-element elementor-element-992a515 elementor-widget elementor-widget-text-editor\" data-id=\"992a515\" data-element_type=\"widget\" data-widget_type=\"text-editor.default\">\n\t\t\t\t<div class=\"elementor-widget-container\">\n\t\t\t\t\t<div class=\"elementor-text-editor elementor-clearfix\"><p>K\u00fclt\u00e9ri, fa t\u00fczel\u00e9s\u0171 szaun\u00e1nk 2025-t\u0151l a Relax Garden r\u00e9szek\u00e9nt \u00e1ll vend\u00e9geink rendelkez\u00e9s\u00e9re.<\/p><p>A Relax Gardenben a szaun\u00e1n k\u00edv\u00fcl f\u00fcgg\u0151\u00e1gyak, pihen\u0151 ter\u00fcletek, priv\u00e1t grills\u00fct\u0151 \u00e9s priv\u00e1t t\u0171zrak\u00f3 hely v\u00e1rja a csendes kikapcsol\u00f3d\u00e1sra v\u00e1gy\u00f3kat. A Relax Garden szolg\u00e1ltat\u00e1sait csak 12 \u00e9ven fel\u00fcliek vehetik ig\u00e9nybe.\u00a0<\/p><p>A Relax Garden pihen\u0151 helyei a kemping vend\u00e9gei sz\u00e1m\u00e1ra 7:00-19:00 k\u00f6z\u00f6tt t\u00e9r\u00edt\u00e9smentesen ig\u00e9nybe vehet\u0151. A szauna, a priv\u00e1t grills\u00fct\u0151 \u00e9s a t\u0171zrak\u00f3hely este 19:00 \u00e9s 22:00 k\u00f6z\u00f6tt, szem\u00e9lyenk\u00e9nt 1500 Ft-\u00e9rt vehet\u0151 ig\u00e9nybe.<\/p><p>Ha szaun\u00e1zni szeretne, k\u00e9rj\u00fck, legal\u00e1bb 3 \u00f3r\u00e1val el\u0151bb jelezze a Snack B\u00e1rban vagy a recepci\u00f3n! A szaun\u00e1t kiz\u00e1r\u00f3lag koll\u00e9g\u00e1ink f\u0171thetik fel.<\/p><\/div>\n\t\t\t\t<\/div>\n\t\t\t\t<\/div>\n\t\t\t\t<div class=\"elementor-element elementor-element-9b5fa1f elementor-widget elementor-widget-image\" data-id=\"9b5fa1f\" data-element_type=\"widget\" data-widget_type=\"image.default\">\n\t\t\t\t<div class=\"elementor-widget-container\">\n\t\t\t\t\t<div class=\"elementor-image\">\n\t\t\t\t\t\t\t\t\t\t<img width=\"960\" height=\"612\" src=\"https:\/\/tiszadadakemping.hu\/wp-content\/uploads\/2025\/05\/Garden-1024x653.jpg\" class=\"attachment-large size-large\" alt=\"\" loading=\"lazy\" srcset=\"https:\/\/tiszadadakemping.hu\/wp-content\/uploads\/2025\/05\/Garden-1024x653.jpg 1024w, https:\/\/tiszadadakemping.hu\/wp-content\/uploads\/2025\/05\/Garden-300x191.jpg 300w, https:\/\/tiszadadakemping.hu\/wp-content\/uploads\/2025\/05\/Garden-768x490.jpg 768w, https:\/\/tiszadadakemping.hu\/wp-content\/uploads\/2025\/05\/Garden-1536x980.jpg 1536w, https:\/\/tiszadadakemping.hu\/wp-content\/uploads\/2025\/05\/Garden-1140x727.jpg 1140w, https:\/\/tiszadadakemping.hu\/wp-content\/uploads\/2025\/05\/Garden.jpg 1978w\" sizes=\"(max-width: 960px) 100vw, 960px\" \/>\t\t\t\t\t\t\t\t\t\t\t<\/div>\n\t\t\t\t<\/div>\n\t\t\t\t<\/div>\n\t\t\t\t<section class=\"elementor-section elementor-inner-section elementor-element elementor-element-54a3271 elementor-section-boxed elementor-section-height-default elementor-section-height-default\" data-id=\"54a3271\" data-element_type=\"section\">\n\t\t\t\t\t\t<div class=\"elementor-container elementor-column-gap-default\">\n\t\t\t\t\t\t\t<div class=\"elementor-row\">\n\t\t\t\t\t<div class=\"elementor-column elementor-col-50 elementor-inner-column elementor-element elementor-element-f53da73\" data-id=\"f53da73\" data-element_type=\"column\">\n\t\t\t<div class=\"elementor-column-wrap elementor-element-populated\">\n\t\t\t\t\t\t\t<div class=\"elementor-widget-wrap\">\n\t\t\t\t\t\t<div class=\"elementor-element elementor-element-99b1f19 elementor-widget elementor-widget-image\" data-id=\"99b1f19\" data-element_type=\"widget\" data-widget_type=\"image.default\">\n\t\t\t\t<div class=\"elementor-widget-container\">\n\t\t\t\t\t<div class=\"elementor-image\">\n\t\t\t\t\t\t\t\t\t\t<img width=\"960\" height=\"720\" src=\"https:\/\/tiszadadakemping.hu\/wp-content\/uploads\/2025\/05\/Szauna-1024x768.jpg\" class=\"attachment-large size-large\" alt=\"\" loading=\"lazy\" srcset=\"https:\/\/tiszadadakemping.hu\/wp-content\/uploads\/2025\/05\/Szauna-1024x768.jpg 1024w, https:\/\/tiszadadakemping.hu\/wp-content\/uploads\/2025\/05\/Szauna-300x225.jpg 300w, https:\/\/tiszadadakemping.hu\/wp-content\/uploads\/2025\/05\/Szauna-768x576.jpg 768w, https:\/\/tiszadadakemping.hu\/wp-content\/uploads\/2025\/05\/Szauna-1536x1152.jpg 1536w, https:\/\/tiszadadakemping.hu\/wp-content\/uploads\/2025\/05\/Szauna-1140x855.jpg 1140w, https:\/\/tiszadadakemping.hu\/wp-content\/uploads\/2025\/05\/Szauna.jpg 2016w\" sizes=\"(max-width: 960px) 100vw, 960px\" \/>\t\t\t\t\t\t\t\t\t\t\t<\/div>\n\t\t\t\t<\/div>\n\t\t\t\t<\/div>\n\t\t\t\t\t\t<\/div>\n\t\t\t\t\t<\/div>\n\t\t<\/div>\n\t\t\t\t<div class=\"elementor-column elementor-col-50 elementor-inner-column elementor-element elementor-element-a22b440\" data-id=\"a22b440\" data-element_type=\"column\">\n\t\t\t<div class=\"elementor-column-wrap elementor-element-populated\">\n\t\t\t\t\t\t\t<div class=\"elementor-widget-wrap\">\n\t\t\t\t\t\t<div class=\"elementor-element elementor-element-35100f6 elementor-widget elementor-widget-image\" data-id=\"35100f6\" data-element_type=\"widget\" data-widget_type=\"image.default\">\n\t\t\t\t<div class=\"elementor-widget-container\">\n\t\t\t\t\t<div class=\"elementor-image\">\n\t\t\t\t\t\t\t\t\t\t<img width=\"960\" height=\"668\" src=\"https:\/\/tiszadadakemping.hu\/wp-content\/uploads\/2023\/04\/Szauna_belul-3.jpeg\" class=\"attachment-large size-large\" alt=\"\" loading=\"lazy\" srcset=\"https:\/\/tiszadadakemping.hu\/wp-content\/uploads\/2023\/04\/Szauna_belul-3.jpeg 978w, https:\/\/tiszadadakemping.hu\/wp-content\/uploads\/2023\/04\/Szauna_belul-3-300x209.jpeg 300w, https:\/\/tiszadadakemping.hu\/wp-content\/uploads\/2023\/04\/Szauna_belul-3-768x535.jpeg 768w\" sizes=\"(max-width: 960px) 100vw, 960px\" \/>\t\t\t\t\t\t\t\t\t\t\t<\/div>\n\t\t\t\t<\/div>\n\t\t\t\t<\/div>\n\t\t\t\t\t\t<\/div>\n\t\t\t\t\t<\/div>\n\t\t<\/div>\n\t\t\t\t\t\t\t\t<\/div>\n\t\t\t\t\t<\/div>\n\t\t<\/section>\n\t\t\t\t<section class=\"elementor-section elementor-inner-section elementor-element elementor-element-c3d85c0 elementor-section-boxed elementor-section-height-default elementor-section-height-default\" data-id=\"c3d85c0\" data-element_type=\"section\">\n\t\t\t\t\t\t<div class=\"elementor-container elementor-column-gap-default\">\n\t\t\t\t\t\t\t<div class=\"elementor-row\">\n\t\t\t\t\t<div class=\"elementor-column elementor-col-50 elementor-inner-column elementor-element elementor-element-47f2b4e\" data-id=\"47f2b4e\" data-element_type=\"column\">\n\t\t\t<div class=\"elementor-column-wrap elementor-element-populated\">\n\t\t\t\t\t\t\t<div class=\"elementor-widget-wrap\">\n\t\t\t\t\t\t<div class=\"elementor-element elementor-element-41a779a elementor-widget elementor-widget-image\" data-id=\"41a779a\" data-element_type=\"widget\" data-widget_type=\"image.default\">\n\t\t\t\t<div class=\"elementor-widget-container\">\n\t\t\t\t\t<div class=\"elementor-image\">\n\t\t\t\t\t\t\t\t\t\t<img width=\"960\" height=\"720\" src=\"https:\/\/tiszadadakemping.hu\/wp-content\/uploads\/2025\/05\/Grill-1024x768.jpg\" class=\"attachment-large size-large\" alt=\"\" loading=\"lazy\" srcset=\"https:\/\/tiszadadakemping.hu\/wp-content\/uploads\/2025\/05\/Grill-1024x768.jpg 1024w, https:\/\/tiszadadakemping.hu\/wp-content\/uploads\/2025\/05\/Grill-300x225.jpg 300w, https:\/\/tiszadadakemping.hu\/wp-content\/uploads\/2025\/05\/Grill-768x576.jpg 768w, https:\/\/tiszadadakemping.hu\/wp-content\/uploads\/2025\/05\/Grill-1536x1152.jpg 1536w, https:\/\/tiszadadakemping.hu\/wp-content\/uploads\/2025\/05\/Grill-1140x855.jpg 1140w, https:\/\/tiszadadakemping.hu\/wp-content\/uploads\/2025\/05\/Grill.jpg 2016w\" sizes=\"(max-width: 960px) 100vw, 960px\" \/>\t\t\t\t\t\t\t\t\t\t\t<\/div>\n\t\t\t\t<\/div>\n\t\t\t\t<\/div>\n\t\t\t\t\t\t<\/div>\n\t\t\t\t\t<\/div>\n\t\t<\/div>\n\t\t\t\t<div class=\"elementor-column elementor-col-50 elementor-inner-column elementor-element elementor-element-d5ab5ea\" data-id=\"d5ab5ea\" data-element_type=\"column\">\n\t\t\t<div class=\"elementor-column-wrap elementor-element-populated\">\n\t\t\t\t\t\t\t<div class=\"elementor-widget-wrap\">\n\t\t\t\t\t\t<div class=\"elementor-element elementor-element-f5a53dd elementor-widget elementor-widget-image\" data-id=\"f5a53dd\" data-element_type=\"widget\" data-widget_type=\"image.default\">\n\t\t\t\t<div class=\"elementor-widget-container\">\n\t\t\t\t\t<div class=\"elementor-image\">\n\t\t\t\t\t\t\t\t\t\t<img width=\"960\" height=\"720\" src=\"https:\/\/tiszadadakemping.hu\/wp-content\/uploads\/2025\/05\/Relax2025-1024x768.jpg\" class=\"attachment-large size-large\" alt=\"\" loading=\"lazy\" srcset=\"https:\/\/tiszadadakemping.hu\/wp-content\/uploads\/2025\/05\/Relax2025-1024x768.jpg 1024w, https:\/\/tiszadadakemping.hu\/wp-content\/uploads\/2025\/05\/Relax2025-300x225.jpg 300w, https:\/\/tiszadadakemping.hu\/wp-content\/uploads\/2025\/05\/Relax2025-768x576.jpg 768w, https:\/\/tiszadadakemping.hu\/wp-content\/uploads\/2025\/05\/Relax2025-1536x1152.jpg 1536w, https:\/\/tiszadadakemping.hu\/wp-content\/uploads\/2025\/05\/Relax2025-1140x855.jpg 1140w, https:\/\/tiszadadakemping.hu\/wp-content\/uploads\/2025\/05\/Relax2025.jpg 2016w\" sizes=\"(max-width: 960px) 100vw, 960px\" \/>\t\t\t\t\t\t\t\t\t\t\t<\/div>\n\t\t\t\t<\/div>\n\t\t\t\t<\/div>\n\t\t\t\t\t\t<\/div>\n\t\t\t\t\t<\/div>\n\t\t<\/div>\n\t\t\t\t\t\t\t\t<\/div>\n\t\t\t\t\t<\/div>\n\t\t<\/section>\n\t\t\t\t<div class=\"elementor-element elementor-element-f41b60e elementor-widget elementor-widget-text-editor\" data-id=\"f41b60e\" data-element_type=\"widget\" data-widget_type=\"text-editor.default\">\n\t\t\t\t<div class=\"elementor-widget-container\">\n\t\t\t\t\t<div class=\"elementor-text-editor elementor-clearfix\"><p><span style=\"text-decoration: underline;\">A szaun\u00e1z\u00e1s szab\u00e1lyai:<\/span><\/p><ul><li>A szauna <strong>kiz\u00e1r\u00f3lag eg\u00e9szs\u00e9gesen<\/strong> haszn\u00e1lhat\u00f3!<\/li><li>Legfeljebb 10-15 percig tart\u00f3zkodjon a helyis\u00e9gben. Ezut\u00e1n tartson legal\u00e1bb ugyanennyi pihen\u0151t, miel\u0151tt \u00fajra bemenne a szaun\u00e1ba!<\/li><li>Sem \u00e9hesen, sem j\u00f3llakottan ne szaun\u00e1zzon!<\/li><li>Mindig ter\u00edtsen magunk al\u00e1\u00a0<strong>t\u00f6r\u00f6lk\u00f6z\u0151t<\/strong>. M\u0171sz\u00e1las f\u00fcrd\u0151ruha helyett viseljen ink\u00e1bb f\u00fcrd\u0151leped\u0151t!<\/li><li>A k\u00e1lyha k\u0151re ill\u00f3olajat k\u00f6zvetlen\u00fcl ne \u00f6nts\u00f6n! Ink\u00e1bb egy szauna kan\u00e1l v\u00edzbe cseppentsen n\u00e9h\u00e1ny cseppet \u00e9s azt lassan, csepegtetve \u00f6ntse a l\u00e1vak\u00f6vekre.<\/li><li>Papucsot, \u00e9kszert, mobiltelefont vagy egy\u00e9b t\u00e1rgyakat ne vigyen be a szaun\u00e1ba!<\/li><li>A szaun\u00e1z\u00e1s\u00a0<strong>csendes\u00a0<\/strong>m\u0171faj. Ellazulni, pihenni nem lehet m\u00e1sok besz\u00e9lget\u00e9s\u00e9t, nevet\u00e9s\u00e9t hallgatva! Pr\u00f3b\u00e1ljon relax\u00e1lni: csukja be a szem\u00e9t, figyeljen befel\u00e9, a l\u00e9gz\u00e9s\u00e9re!<\/li><\/ul><\/div>\n\t\t\t\t<\/div>\n\t\t\t\t<\/div>\n\t\t\t\t\t\t<\/div>\n\t\t\t\t\t<\/div>\n\t\t<\/div>\n\t\t\t\t\t\t\t\t<\/div>\n\t\t\t\t\t<\/div>\n\t\t<\/section>\n\t\t\t\t\t\t<\/div>\n\t\t\t\t\t\t<\/div>\n\t\t\t\t\t<\/div>\n\t\t","protected":false},"excerpt":{"rendered":"<p>K\u00fclt\u00e9ri, fa t\u00fczel\u00e9s\u0171 szaun\u00e1nk 2025-t\u0151l a Relax Garden r\u00e9szek\u00e9nt \u00e1ll vend\u00e9geink rendelkez\u00e9s\u00e9re. A Relax Gardenben a szaun\u00e1n k\u00edv\u00fcl f\u00fcgg\u0151\u00e1gyak, pihen\u0151 ter\u00fcletek, priv\u00e1t grills\u00fct\u0151 \u00e9s priv\u00e1t t\u0171zrak\u00f3 hely v\u00e1rja a csendes kikapcsol\u00f3d\u00e1sra v\u00e1gy\u00f3kat. A Relax Garden szolg\u00e1ltat\u00e1sait csak 12 \u00e9ven fel\u00fcliek vehetik ig\u00e9nybe.\u00a0 A Relax Garden pihen\u0151 helyei a kemping vend\u00e9gei sz\u00e1m\u00e1ra 7:00-19:00 k\u00f6z\u00f6tt t\u00e9r\u00edt\u00e9smentesen ig\u00e9nybe vehet\u0151. A szauna, a priv\u00e1t grills\u00fct\u0151 \u00e9s a t\u0171zrak\u00f3hely este 19:00 \u00e9s 22:00 k\u00f6z\u00f6tt, szem\u00e9lyenk\u00e9nt 1500 Ft-\u00e9rt vehet\u0151 ig\u00e9nybe. Ha szaun\u00e1zni szeretne, k\u00e9rj\u00fck, legal\u00e1bb 3 \u00f3r\u00e1val el\u0151bb jelezze a Snack B\u00e1rban vagy a recepci\u00f3n! A szaun\u00e1t kiz\u00e1r\u00f3lag koll\u00e9g\u00e1ink f\u0171thetik fel. A szaun\u00e1z\u00e1s szab\u00e1lyai: A szauna kiz\u00e1r\u00f3lag eg\u00e9szs\u00e9gesen haszn\u00e1lhat\u00f3! Legfeljebb 10-15 percig tart\u00f3zkodjon a helyis\u00e9gben. Ezut\u00e1n tartson legal\u00e1bb ugyanennyi pihen\u0151t, miel\u0151tt \u00fajra bemenne a szaun\u00e1ba! Sem \u00e9hesen, sem j\u00f3llakottan ne szaun\u00e1zzon! Mindig ter\u00edtsen magunk al\u00e1\u00a0t\u00f6r\u00f6lk\u00f6z\u0151t. M\u0171sz\u00e1las f\u00fcrd\u0151ruha helyett viseljen ink\u00e1bb f\u00fcrd\u0151leped\u0151t! A k\u00e1lyha k\u0151re ill\u00f3olajat k\u00f6zvetlen\u00fcl ne \u00f6nts\u00f6n! Ink\u00e1bb egy szauna kan\u00e1l v\u00edzbe cseppentsen n\u00e9h\u00e1ny cseppet \u00e9s azt lassan, csepegtetve \u00f6ntse a l\u00e1vak\u00f6vekre. Papucsot, \u00e9kszert, mobiltelefont vagy egy\u00e9b t\u00e1rgyakat ne vigyen be a szaun\u00e1ba! A szaun\u00e1z\u00e1s\u00a0csendes\u00a0m\u0171faj. Ellazulni, pihenni nem lehet m\u00e1sok besz\u00e9lget\u00e9s\u00e9t, nevet\u00e9s\u00e9t hallgatva! Pr\u00f3b\u00e1ljon relax\u00e1lni: csukja be a szem\u00e9t, figyeljen befel\u00e9, a l\u00e9gz\u00e9s\u00e9re!<\/p>\n","protected":false},"author":3,"featured_media":0,"parent":0,"menu_order":0,"comment_status":"closed","ping_status":"closed","template":"","meta":[],"_links":{"self":[{"href":"https:\/\/tiszadadakemping.hu\/index.php\/wp-json\/wp\/v2\/pages\/4858"}],"collection":[{"href":"https:\/\/tiszadadakemping.hu\/index.php\/wp-json\/wp\/v2\/pages"}],"about":[{"href":"https:\/\/tiszadadakemping.hu\/index.php\/wp-json\/wp\/v2\/types\/page"}],"author":[{"embeddable":true,"href":"https:\/\/tiszadadakemping.hu\/index.php\/wp-json\/wp\/v2\/users\/3"}],"replies":[{"embeddable":true,"href":"https:\/\/tiszadadakemping.hu\/index.php\/wp-json\/wp\/v2\/comments?post=4858"}],"version-history":[{"count":74,"href":"https:\/\/tiszadadakemping.hu\/index.php\/wp-json\/wp\/v2\/pages\/4858\/revisions"}],"predecessor-version":[{"id":6561,"href":"https:\/\/tiszadadakemping.hu\/index.php\/wp-json\/wp\/v2\/pages\/4858\/revisions\/6561"}],"wp:attachment":[{"href":"https:\/\/tiszadadakemping.hu\/index.php\/wp-json\/wp\/v2\/media?parent=4858"}],"curies":[{"name":"wp","href":"https:\/\/api.w.org\/{rel}","templated":true}]}}