{"id":62,"date":"2020-11-29T23:03:15","date_gmt":"2020-11-29T23:03:15","guid":{"rendered":"https:\/\/tiszadadakemping.hu\/?page_id=62"},"modified":"2021-09-10T20:03:04","modified_gmt":"2021-09-10T20:03:04","slug":"kemping-glamping","status":"publish","type":"page","link":"https:\/\/tiszadadakemping.hu\/index.php\/kemping-glamping\/","title":{"rendered":"Kemping &#038; Glamping"},"content":{"rendered":"\t\t<div data-elementor-type=\"wp-page\" data-elementor-id=\"62\" class=\"elementor elementor-62\" data-elementor-settings=\"[]\">\n\t\t\t\t\t\t<div class=\"elementor-inner\">\n\t\t\t\t\t\t\t<div class=\"elementor-section-wrap\">\n\t\t\t\t\t\t\t<section class=\"elementor-section elementor-top-section elementor-element elementor-element-6925ff7 elementor-section-boxed elementor-section-height-default elementor-section-height-default\" data-id=\"6925ff7\" data-element_type=\"section\">\n\t\t\t\t\t\t<div class=\"elementor-container elementor-column-gap-default\">\n\t\t\t\t\t\t\t<div class=\"elementor-row\">\n\t\t\t\t\t<div class=\"elementor-column elementor-col-100 elementor-top-column elementor-element elementor-element-549ea98f\" data-id=\"549ea98f\" data-element_type=\"column\">\n\t\t\t<div class=\"elementor-column-wrap elementor-element-populated\">\n\t\t\t\t\t\t\t<div class=\"elementor-widget-wrap\">\n\t\t\t\t\t\t<div class=\"elementor-element elementor-element-3c11accf elementor-widget elementor-widget-text-editor\" data-id=\"3c11accf\" data-element_type=\"widget\" data-widget_type=\"text-editor.default\">\n\t\t\t\t<div class=\"elementor-widget-container\">\n\t\t\t\t\t<div class=\"elementor-text-editor elementor-clearfix\"><p>Kemping\u00fcnkben kb. 20 szabad s\u00e1torhely \u00e9s \u00f6sszesen 34 v\u00edzzel \u00e9s villannyal ell\u00e1tott parcella \u00e1ll rendelkez\u00e9sre. Ha nincs s\u00e1tra, lak\u00f3kocsija vagy lak\u00f3aut\u00f3ja, akkor pr\u00f3b\u00e1lja ki Jurta Glamping sz\u00e1ll\u00e1sainkat! A berendezett jurt\u00e1k egyszerre biztos\u00edtanak sz\u00e1llodai k\u00e9nyelmet \u00e9s maxim\u00e1lis harm\u00f3ni\u00e1t a term\u00e9szettel.<\/p><\/div>\n\t\t\t\t<\/div>\n\t\t\t\t<\/div>\n\t\t\t\t<div class=\"elementor-element elementor-element-805a776 elementor-align-center elementor-widget elementor-widget-button\" data-id=\"805a776\" data-element_type=\"widget\" data-widget_type=\"button.default\">\n\t\t\t\t<div class=\"elementor-widget-container\">\n\t\t\t\t\t<div class=\"elementor-button-wrapper\">\n\t\t\t<a href=\"https:\/\/tiszadadakemping.hu\/index.php\/kemping-glamping\/szallastipusok\/\" class=\"elementor-button-link elementor-button elementor-size-sm\" role=\"button\">\n\t\t\t\t\t\t<span class=\"elementor-button-content-wrapper\">\n\t\t\t\t\t\t<span class=\"elementor-button-text\">R\u00c9SZLETEK<\/span>\n\t\t<\/span>\n\t\t\t\t\t<\/a>\n\t\t<\/div>\n\t\t\t\t<\/div>\n\t\t\t\t<\/div>\n\t\t\t\t<div class=\"elementor-element elementor-element-122670c elementor-align-center elementor-widget elementor-widget-button\" data-id=\"122670c\" data-element_type=\"widget\" data-widget_type=\"button.default\">\n\t\t\t\t<div class=\"elementor-widget-container\">\n\t\t\t\t\t<div class=\"elementor-button-wrapper\">\n\t\t\t<a href=\"https:\/\/tiszadadakemping.hu\/index.php\/kemping-glamping\/szolgaltatasok\/\" class=\"elementor-button-link elementor-button elementor-size-sm\" role=\"button\">\n\t\t\t\t\t\t<span class=\"elementor-button-content-wrapper\">\n\t\t\t\t\t\t<span class=\"elementor-button-text\">SZOLG\u00c1LTAT\u00c1SOK<\/span>\n\t\t<\/span>\n\t\t\t\t\t<\/a>\n\t\t<\/div>\n\t\t\t\t<\/div>\n\t\t\t\t<\/div>\n\t\t\t\t<div class=\"elementor-element elementor-element-62d8a4a elementor-align-center elementor-widget elementor-widget-button\" data-id=\"62d8a4a\" data-element_type=\"widget\" data-widget_type=\"button.default\">\n\t\t\t\t<div class=\"elementor-widget-container\">\n\t\t\t\t\t<div class=\"elementor-button-wrapper\">\n\t\t\t<a href=\"https:\/\/tiszadadakemping.hu\/index.php\/kemping-glamping\/szolgaltatasok\/\" class=\"elementor-button-link elementor-button elementor-size-sm\" role=\"button\">\n\t\t\t\t\t\t<span class=\"elementor-button-content-wrapper\">\n\t\t\t\t\t\t<span class=\"elementor-button-text\">\u00c1RAK, KEMPING T\u00c9RK\u00c9P<\/span>\n\t\t<\/span>\n\t\t\t\t\t<\/a>\n\t\t<\/div>\n\t\t\t\t<\/div>\n\t\t\t\t<\/div>\n\t\t\t\t<div class=\"elementor-element elementor-element-c82f519 elementor-widget elementor-widget-text-editor\" data-id=\"c82f519\" data-element_type=\"widget\" data-widget_type=\"text-editor.default\">\n\t\t\t\t<div class=\"elementor-widget-container\">\n\t\t\t\t\t<div class=\"elementor-text-editor elementor-clearfix\"><p>Kemping\u00fcnk f\u00fcrd\u0151tava kicsiben mutatja be a k\u00f6rny\u00e9k \u0151shonos v\u00edzin\u00f6v\u00e9ny vil\u00e1g\u00e1t \u00e9s a vize mechanikai, biol\u00f3giai \u00e9s UV sz\u0171r\u0151k seg\u00edts\u00e9g\u00e9vel marad tiszta. A t\u00f3 partj\u00e1n inform\u00e1ci\u00f3s t\u00e1bl\u00e1k mutatj\u00e1k be a Tisza-part \u00e9s a morotv\u00e1k (holt\u00e1gak) fl\u00f3r\u00e1j\u00e1t.<\/p><\/div>\n\t\t\t\t<\/div>\n\t\t\t\t<\/div>\n\t\t\t\t<div class=\"elementor-element elementor-element-a5086ea elementor-align-center elementor-widget elementor-widget-button\" data-id=\"a5086ea\" data-element_type=\"widget\" data-widget_type=\"button.default\">\n\t\t\t\t<div class=\"elementor-widget-container\">\n\t\t\t\t\t<div class=\"elementor-button-wrapper\">\n\t\t\t<a href=\"https:\/\/tiszadadakemping.hu\/index.php\/kemping-glamping\/medence\/\" class=\"elementor-button-link elementor-button elementor-size-sm\" role=\"button\">\n\t\t\t\t\t\t<span class=\"elementor-button-content-wrapper\">\n\t\t\t\t\t\t<span class=\"elementor-button-text\">R\u00c9SZLETEK<\/span>\n\t\t<\/span>\n\t\t\t\t\t<\/a>\n\t\t<\/div>\n\t\t\t\t<\/div>\n\t\t\t\t<\/div>\n\t\t\t\t<div class=\"elementor-element elementor-element-26b8592 elementor-widget elementor-widget-text-editor\" data-id=\"26b8592\" data-element_type=\"widget\" data-widget_type=\"text-editor.default\">\n\t\t\t\t<div class=\"elementor-widget-container\">\n\t\t\t\t\t<div class=\"elementor-text-editor elementor-clearfix\"><p>Az \u00d6ko Kemping &amp; Glamping Tiszadada kit\u0171n\u0151 helysz\u00edn oszt\u00e1lykir\u00e1ndul\u00e1sok \u00e9s t\u00e1borok szervez\u00e9s\u00e9re.<\/p><p>A t\u00e1borlak\u00f3k n\u00e9gy\u00e1gyas, t\u00e1bori \u00e1gyakkal felszerelt, t\u00e1gas s\u00e1trakban kapnak helyet, a k\u00eds\u00e9r\u0151k k\u00e9t\u00e1gyas s\u00e1torban lakhatnak. A s\u00e1trakat a kemping szabad ter\u00fclet\u00e9n, t\u00e1borhely-szer\u0171en \u00e1ll\u00edtjuk fel. \u00cdgy \u00f6sszesen 32 gyermek \u00e9s 2 feln\u0151tt elhelyez\u00e9s\u00e9re van lehet\u0151s\u00e9g\u00fcnk.<\/p><\/div>\n\t\t\t\t<\/div>\n\t\t\t\t<\/div>\n\t\t\t\t<div class=\"elementor-element elementor-element-53ff855 elementor-align-center elementor-widget elementor-widget-button\" data-id=\"53ff855\" data-element_type=\"widget\" data-widget_type=\"button.default\">\n\t\t\t\t<div class=\"elementor-widget-container\">\n\t\t\t\t\t<div class=\"elementor-button-wrapper\">\n\t\t\t<a href=\"https:\/\/tiszadadakemping.hu\/index.php\/kemping-glamping\/osztalykirandulas-taboroztatas\/\" class=\"elementor-button-link elementor-button elementor-size-sm\" role=\"button\">\n\t\t\t\t\t\t<span class=\"elementor-button-content-wrapper\">\n\t\t\t\t\t\t<span class=\"elementor-button-text\">R\u00c9SZLETEK<\/span>\n\t\t<\/span>\n\t\t\t\t\t<\/a>\n\t\t<\/div>\n\t\t\t\t<\/div>\n\t\t\t\t<\/div>\n\t\t\t\t\t\t<\/div>\n\t\t\t\t\t<\/div>\n\t\t<\/div>\n\t\t\t\t\t\t\t\t<\/div>\n\t\t\t\t\t<\/div>\n\t\t<\/section>\n\t\t\t\t\t\t<\/div>\n\t\t\t\t\t\t<\/div>\n\t\t\t\t\t<\/div>\n\t\t","protected":false},"excerpt":{"rendered":"<p>Kemping\u00fcnkben kb. 20 szabad s\u00e1torhely \u00e9s \u00f6sszesen 34 v\u00edzzel \u00e9s villannyal ell\u00e1tott parcella \u00e1ll rendelkez\u00e9sre. Ha nincs s\u00e1tra, lak\u00f3kocsija vagy lak\u00f3aut\u00f3ja, akkor pr\u00f3b\u00e1lja ki Jurta Glamping sz\u00e1ll\u00e1sainkat! A berendezett jurt\u00e1k egyszerre biztos\u00edtanak sz\u00e1llodai k\u00e9nyelmet \u00e9s maxim\u00e1lis harm\u00f3ni\u00e1t a term\u00e9szettel. R\u00c9SZLETEK SZOLG\u00c1LTAT\u00c1SOK \u00c1RAK, KEMPING T\u00c9RK\u00c9P Kemping\u00fcnk f\u00fcrd\u0151tava kicsiben mutatja be a k\u00f6rny\u00e9k \u0151shonos v\u00edzin\u00f6v\u00e9ny vil\u00e1g\u00e1t \u00e9s a vize mechanikai, biol\u00f3giai \u00e9s UV sz\u0171r\u0151k seg\u00edts\u00e9g\u00e9vel marad tiszta. A t\u00f3 partj\u00e1n inform\u00e1ci\u00f3s t\u00e1bl\u00e1k mutatj\u00e1k be a Tisza-part \u00e9s a morotv\u00e1k (holt\u00e1gak) fl\u00f3r\u00e1j\u00e1t. R\u00c9SZLETEK Az \u00d6ko Kemping &amp; Glamping Tiszadada kit\u0171n\u0151 helysz\u00edn oszt\u00e1lykir\u00e1ndul\u00e1sok \u00e9s t\u00e1borok szervez\u00e9s\u00e9re. A t\u00e1borlak\u00f3k n\u00e9gy\u00e1gyas, t\u00e1bori \u00e1gyakkal felszerelt, t\u00e1gas s\u00e1trakban kapnak helyet, a k\u00eds\u00e9r\u0151k k\u00e9t\u00e1gyas s\u00e1torban lakhatnak. A s\u00e1trakat a kemping szabad ter\u00fclet\u00e9n, t\u00e1borhely-szer\u0171en \u00e1ll\u00edtjuk fel. \u00cdgy \u00f6sszesen 32 gyermek \u00e9s 2 feln\u0151tt elhelyez\u00e9s\u00e9re van lehet\u0151s\u00e9g\u00fcnk. R\u00c9SZLETEK<\/p>\n","protected":false},"author":1,"featured_media":0,"parent":0,"menu_order":0,"comment_status":"closed","ping_status":"closed","template":"","meta":[],"_links":{"self":[{"href":"https:\/\/tiszadadakemping.hu\/index.php\/wp-json\/wp\/v2\/pages\/62"}],"collection":[{"href":"https:\/\/tiszadadakemping.hu\/index.php\/wp-json\/wp\/v2\/pages"}],"about":[{"href":"https:\/\/tiszadadakemping.hu\/index.php\/wp-json\/wp\/v2\/types\/page"}],"author":[{"embeddable":true,"href":"https:\/\/tiszadadakemping.hu\/index.php\/wp-json\/wp\/v2\/users\/1"}],"replies":[{"embeddable":true,"href":"https:\/\/tiszadadakemping.hu\/index.php\/wp-json\/wp\/v2\/comments?post=62"}],"version-history":[{"count":19,"href":"https:\/\/tiszadadakemping.hu\/index.php\/wp-json\/wp\/v2\/pages\/62\/revisions"}],"predecessor-version":[{"id":2802,"href":"https:\/\/tiszadadakemping.hu\/index.php\/wp-json\/wp\/v2\/pages\/62\/revisions\/2802"}],"wp:attachment":[{"href":"https:\/\/tiszadadakemping.hu\/index.php\/wp-json\/wp\/v2\/media?parent=62"}],"curies":[{"name":"wp","href":"https:\/\/api.w.org\/{rel}","templated":true}]}}