{"id":64,"date":"2020-11-29T23:03:23","date_gmt":"2020-11-29T23:03:23","guid":{"rendered":"https:\/\/tiszadadakemping.hu\/?page_id=64"},"modified":"2023-04-07T10:55:06","modified_gmt":"2023-04-07T10:55:06","slug":"szolgaltatasok","status":"publish","type":"page","link":"https:\/\/tiszadadakemping.hu\/index.php\/kemping-glamping\/szolgaltatasok\/","title":{"rendered":"Szolg\u00e1ltat\u00e1sok"},"content":{"rendered":"\t\t<div data-elementor-type=\"wp-page\" data-elementor-id=\"64\" class=\"elementor elementor-64\" data-elementor-settings=\"[]\">\n\t\t\t\t\t\t<div class=\"elementor-inner\">\n\t\t\t\t\t\t\t<div class=\"elementor-section-wrap\">\n\t\t\t\t\t\t\t<section class=\"elementor-section elementor-top-section elementor-element elementor-element-2d3b75af elementor-section-boxed elementor-section-height-default elementor-section-height-default\" data-id=\"2d3b75af\" data-element_type=\"section\">\n\t\t\t\t\t\t<div class=\"elementor-container elementor-column-gap-default\">\n\t\t\t\t\t\t\t<div class=\"elementor-row\">\n\t\t\t\t\t<div class=\"elementor-column elementor-col-100 elementor-top-column elementor-element elementor-element-3be32fcc\" data-id=\"3be32fcc\" data-element_type=\"column\">\n\t\t\t<div class=\"elementor-column-wrap elementor-element-populated\">\n\t\t\t\t\t\t\t<div class=\"elementor-widget-wrap\">\n\t\t\t\t\t\t<div class=\"elementor-element elementor-element-7580537c elementor-widget elementor-widget-text-editor\" data-id=\"7580537c\" data-element_type=\"widget\" data-widget_type=\"text-editor.default\">\n\t\t\t\t<div class=\"elementor-widget-container\">\n\t\t\t\t\t<div class=\"elementor-text-editor elementor-clearfix\"><p><\/p>\n<p><img loading=\"lazy\" class=\"icon alignnone wp-image-1168\" style=\"width: 136px;\" src=\"https:\/\/tiszadadakemping.hu\/wp-content\/uploads\/2020\/12\/image-23.png\" alt=\"\" width=\"136\" height=\"32\" \/> Term\u00e9szetk\u00f6zeli sz\u00e1ll\u00e1shelyek minden ig\u00e9nyhez<\/p>\n<p><\/p>\n<p><\/p>\n<p><img loading=\"lazy\" width=\"31\" height=\"30\" class=\"icon wp-image-1147\" style=\"width: 30px;\" src=\"https:\/\/tiszadadakemping.hu\/wp-content\/uploads\/2020\/12\/image-4.png\" alt=\"\" \/> F\u00fcrd\u0151t\u00f3<\/p>\n<p><\/p>\n<p><\/p>\n<p><img loading=\"lazy\" width=\"30\" height=\"30\" class=\"icon wp-image-1148\" style=\"width: 30px;\" src=\"https:\/\/tiszadadakemping.hu\/wp-content\/uploads\/2020\/12\/image-5.png\" alt=\"\" \/> Horg\u00e1szat<\/p>\n<p><\/p>\n<p><\/p>\n<p><img loading=\"lazy\" width=\"30\" height=\"30\" class=\"icon wp-image-1172\" style=\"width: 30px;\" src=\"https:\/\/tiszadadakemping.hu\/wp-content\/uploads\/2020\/12\/image-24.png\" alt=\"\" \/> Evez\u0151s t\u00far\u00e1k, term\u00e9szetes kik\u00f6t\u0151hely<\/p>\n<p><\/p>\n<p><\/p>\n<p><img loading=\"lazy\" width=\"30\" height=\"30\" class=\"icon wp-image-1150\" style=\"width: 30px;\" src=\"https:\/\/tiszadadakemping.hu\/wp-content\/uploads\/2020\/12\/image-7.png\" alt=\"\" \/> Eurovelo 11 csal\u00e1di ker\u00e9kp\u00e1r\u00fat<\/p>\n<p><\/p>\n<p><\/p>\n<p><img loading=\"lazy\" width=\"30\" height=\"30\" class=\"icon wp-image-1151\" style=\"width: 30px;\" src=\"https:\/\/tiszadadakemping.hu\/wp-content\/uploads\/2020\/12\/image-8.png\" alt=\"\" \/> Sz\u00e1mtalan kir\u00e1ndul\u00e1si lehet\u0151s\u00e9g<\/p>\n<p><\/p>\n<p><\/p>\n<p><img loading=\"lazy\" width=\"30\" height=\"30\" class=\"icon wp-image-1152\" style=\"width: 30px;\" src=\"https:\/\/tiszadadakemping.hu\/wp-content\/uploads\/2020\/12\/image-9.png\" alt=\"\" \/> Ny\u00e1ri konyha<\/p>\n<p><\/p>\n<p><\/p>\n<p><img loading=\"lazy\" width=\"30\" height=\"30\" class=\"icon wp-image-1153\" style=\"width: 30px;\" src=\"https:\/\/tiszadadakemping.hu\/wp-content\/uploads\/2020\/12\/image-10.png\" alt=\"\" \/> T\u0171zrak\u00f3 hely, grill<\/p>\n<p><\/p>\n<p><\/p>\n<p><img loading=\"lazy\" width=\"30\" height=\"30\" class=\"icon wp-image-1155\" style=\"letter-spacing: 0px; width: 30px;\" src=\"https:\/\/tiszadadakemping.hu\/wp-content\/uploads\/2020\/12\/image-12.png\" alt=\"\" \/><span style=\"letter-spacing: 0px;\"> Asztalitenisz<\/span><\/p>\n<p><\/p>\n<p><\/p>\n<p><img loading=\"lazy\" width=\"30\" height=\"30\" class=\"icon wp-image-1156\" style=\"width: 30px;\" src=\"https:\/\/tiszadadakemping.hu\/wp-content\/uploads\/2020\/12\/image-13.png\" alt=\"\" \/> Kutyabar\u00e1t kemping<\/p>\n<p><\/p>\n<p><\/p>\n<p><img loading=\"lazy\" width=\"29\" height=\"30\" class=\"icon wp-image-1157\" style=\"width: 30px;\" src=\"https:\/\/tiszadadakemping.hu\/wp-content\/uploads\/2020\/12\/image-14.png\" alt=\"\" \/> K\u00e9miai WC<\/p>\n<p><\/p>\n<p><\/p>\n<p><img loading=\"lazy\" width=\"30\" height=\"30\" class=\"icon wp-image-1158\" style=\"width: 30px;\" src=\"https:\/\/tiszadadakemping.hu\/wp-content\/uploads\/2020\/12\/image-15.png\" alt=\"\" \/> Sz\u00fcrkev\u00edz leereszt\u0151<\/p>\n<p><\/p>\n<p><\/p>\n<p><img loading=\"lazy\" width=\"30\" height=\"30\" class=\"icon wp-image-1173\" style=\"width: 30px;\" src=\"https:\/\/tiszadadakemping.hu\/wp-content\/uploads\/2020\/12\/image-25.png\" alt=\"\" \/> Free WiFi<\/p>\n<p><\/p>\n<p><\/p>\n<p><img loading=\"lazy\" width=\"30\" height=\"30\" class=\"icon wp-image-1160\" style=\"width: 30px;\" src=\"https:\/\/tiszadadakemping.hu\/wp-content\/uploads\/2020\/12\/image-17.png\" alt=\"\" \/> J\u00e1tsz\u00f3t\u00e9r<\/p>\n<p><\/p>\n<p><\/p>\n<p><img loading=\"lazy\" width=\"31\" height=\"30\" class=\"icon wp-image-1161\" style=\"width: 30px;\" src=\"https:\/\/tiszadadakemping.hu\/wp-content\/uploads\/2020\/12\/image-18.png\" alt=\"\" \/> Mos\u00f3g\u00e9p<\/p>\n<p><\/p>\n<p><\/p>\n<p><img loading=\"lazy\" width=\"30\" height=\"30\" class=\"icon wp-image-1162\" style=\"width: 30px;\" src=\"https:\/\/tiszadadakemping.hu\/wp-content\/uploads\/2020\/12\/image-19.png\" alt=\"\" \/> Szelekt\u00edv hullad\u00e9kgy\u0171jt\u00e9s<\/p>\n<p><\/p>\n<p><\/p>\n<p><img loading=\"lazy\" width=\"851\" height=\"780\" class=\"icon wp-image-1344\" style=\"width: 30px;\" src=\"https:\/\/tiszadadakemping.hu\/wp-content\/uploads\/2020\/12\/eco_green_car_plug_icon_v3.png\" alt=\"\" srcset=\"https:\/\/tiszadadakemping.hu\/wp-content\/uploads\/2020\/12\/eco_green_car_plug_icon_v3.png 851w, https:\/\/tiszadadakemping.hu\/wp-content\/uploads\/2020\/12\/eco_green_car_plug_icon_v3-300x275.png 300w, https:\/\/tiszadadakemping.hu\/wp-content\/uploads\/2020\/12\/eco_green_car_plug_icon_v3-768x704.png 768w, https:\/\/tiszadadakemping.hu\/wp-content\/uploads\/2020\/12\/eco_green_car_plug_icon_v3-600x550.png 600w\" sizes=\"(max-width: 851px) 100vw, 851px\" \/> Elektromos aut\u00f3 t\u00f6lt\u0151hely (3,7kW)<\/p>\n<p><\/p>\n<p><\/p>\n<p><img loading=\"lazy\" width=\"30\" height=\"30\" class=\"icon wp-image-1163\" style=\"width: 30px;\" src=\"https:\/\/tiszadadakemping.hu\/wp-content\/uploads\/2020\/12\/image-20.png\" alt=\"\" \/> Bankk\u00e1rtya elfogad\u00e1s<\/p>\n<p><\/p>\n<p><\/p>\n<p><img loading=\"lazy\" width=\"30\" height=\"30\" class=\"icon wp-image-1164\" style=\"width: 30px;\" src=\"https:\/\/tiszadadakemping.hu\/wp-content\/uploads\/2020\/12\/image-21.png\" alt=\"\" \/> B\u00fcf\u00e9 (06.15-08.31)<\/p>\n<p><\/p>\n<p><\/p>\n<p><img loading=\"lazy\" width=\"30\" height=\"30\" class=\"icon wp-image-1165\" style=\"width: 30px;\" src=\"https:\/\/tiszadadakemping.hu\/wp-content\/uploads\/2020\/12\/image-22.png\" alt=\"\" \/> Sho<\/p>\n<p><\/p><\/div>\n\t\t\t\t<\/div>\n\t\t\t\t<\/div>\n\t\t\t\t\t\t<\/div>\n\t\t\t\t\t<\/div>\n\t\t<\/div>\n\t\t\t\t\t\t\t\t<\/div>\n\t\t\t\t\t<\/div>\n\t\t<\/section>\n\t\t\t\t\t\t<\/div>\n\t\t\t\t\t\t<\/div>\n\t\t\t\t\t<\/div>\n\t\t","protected":false},"excerpt":{"rendered":"<p>Term\u00e9szetk\u00f6zeli sz\u00e1ll\u00e1shelyek minden ig\u00e9nyhez F\u00fcrd\u0151t\u00f3 Horg\u00e1szat Evez\u0151s t\u00far\u00e1k, term\u00e9szetes kik\u00f6t\u0151hely Eurovelo 11 csal\u00e1di ker\u00e9kp\u00e1r\u00fat Sz\u00e1mtalan kir\u00e1ndul\u00e1si lehet\u0151s\u00e9g Ny\u00e1ri konyha T\u0171zrak\u00f3 hely, grill Asztalitenisz Kutyabar\u00e1t kemping K\u00e9miai WC Sz\u00fcrkev\u00edz leereszt\u0151 Free WiFi J\u00e1tsz\u00f3t\u00e9r Mos\u00f3g\u00e9p Szelekt\u00edv hullad\u00e9kgy\u0171jt\u00e9s Elektromos aut\u00f3 t\u00f6lt\u0151hely (3,7kW) Bankk\u00e1rtya elfogad\u00e1s B\u00fcf\u00e9 (06.15-08.31) Sho<\/p>\n","protected":false},"author":1,"featured_media":0,"parent":62,"menu_order":0,"comment_status":"closed","ping_status":"closed","template":"","meta":[],"_links":{"self":[{"href":"https:\/\/tiszadadakemping.hu\/index.php\/wp-json\/wp\/v2\/pages\/64"}],"collection":[{"href":"https:\/\/tiszadadakemping.hu\/index.php\/wp-json\/wp\/v2\/pages"}],"about":[{"href":"https:\/\/tiszadadakemping.hu\/index.php\/wp-json\/wp\/v2\/types\/page"}],"author":[{"embeddable":true,"href":"https:\/\/tiszadadakemping.hu\/index.php\/wp-json\/wp\/v2\/users\/1"}],"replies":[{"embeddable":true,"href":"https:\/\/tiszadadakemping.hu\/index.php\/wp-json\/wp\/v2\/comments?post=64"}],"version-history":[{"count":42,"href":"https:\/\/tiszadadakemping.hu\/index.php\/wp-json\/wp\/v2\/pages\/64\/revisions"}],"predecessor-version":[{"id":4857,"href":"https:\/\/tiszadadakemping.hu\/index.php\/wp-json\/wp\/v2\/pages\/64\/revisions\/4857"}],"up":[{"embeddable":true,"href":"https:\/\/tiszadadakemping.hu\/index.php\/wp-json\/wp\/v2\/pages\/62"}],"wp:attachment":[{"href":"https:\/\/tiszadadakemping.hu\/index.php\/wp-json\/wp\/v2\/media?parent=64"}],"curies":[{"name":"wp","href":"https:\/\/api.w.org\/{rel}","templated":true}]}}